{"id":3082,"date":"2025-06-30T13:51:04","date_gmt":"2025-06-30T13:51:04","guid":{"rendered":"https:\/\/www.comartsa.com\/?post_type=product&#038;p=3082"},"modified":"2025-07-04T10:47:53","modified_gmt":"2025-07-04T10:47:53","slug":"papel-revestido-brilhante-nas-2-faces-revestido-brilhante-nas-2-faces-copia","status":"publish","type":"product","link":"https:\/\/www.comartsa.com\/pt-pt\/producto\/papel-revestido-brilhante-nas-2-faces-revestido-brilhante-nas-2-faces-copia\/","title":{"rendered":"PAPEL REVESTIDO BRILHANTE NAS 2 FACES (REVESTIDO BRILHANTE NAS 2 FACES) (copia)"},"content":{"rendered":"","protected":false},"excerpt":{"rendered":"<p>Concebido para qualquer aplica\u00e7\u00e3o gr\u00e1fica.<\/p>\n","protected":false},"featured_media":0,"template":"","meta":{"_acf_changed":false},"resistencia":[],"sector":[],"product_brand":[],"product_cat":[231,232],"product_tag":[],"class_list":{"0":"post-3082","1":"product","2":"type-product","3":"status-publish","5":"product_cat-papel-pt-pt","6":"product_cat-revestido-brilhante-nas-2-faces","8":"first","9":"instock","10":"product-type-simple"},"acf":[],"_links":{"self":[{"href":"https:\/\/www.comartsa.com\/pt-pt\/wp-json\/wp\/v2\/product\/3082","targetHints":{"allow":["GET"]}}],"collection":[{"href":"https:\/\/www.comartsa.com\/pt-pt\/wp-json\/wp\/v2\/product"}],"about":[{"href":"https:\/\/www.comartsa.com\/pt-pt\/wp-json\/wp\/v2\/types\/product"}],"wp:attachment":[{"href":"https:\/\/www.comartsa.com\/pt-pt\/wp-json\/wp\/v2\/media?parent=3082"}],"wp:term":[{"taxonomy":"resistencia","embeddable":true,"href":"https:\/\/www.comartsa.com\/pt-pt\/wp-json\/wp\/v2\/resistencia?post=3082"},{"taxonomy":"sector","embeddable":true,"href":"https:\/\/www.comartsa.com\/pt-pt\/wp-json\/wp\/v2\/sector?post=3082"},{"taxonomy":"product_brand","embeddable":true,"href":"https:\/\/www.comartsa.com\/pt-pt\/wp-json\/wp\/v2\/product_brand?post=3082"},{"taxonomy":"product_cat","embeddable":true,"href":"https:\/\/www.comartsa.com\/pt-pt\/wp-json\/wp\/v2\/product_cat?post=3082"},{"taxonomy":"product_tag","embeddable":true,"href":"https:\/\/www.comartsa.com\/pt-pt\/wp-json\/wp\/v2\/product_tag?post=3082"}],"curies":[{"name":"wp","href":"https:\/\/api.w.org\/{rel}","templated":true}]}}