{"id":2292,"date":"2025-02-12T12:24:02","date_gmt":"2025-02-12T12:24:02","guid":{"rendered":"https:\/\/www.comartsa.com\/producto\/metsaboard-natural-fbb-uc\/"},"modified":"2025-04-02T12:59:29","modified_gmt":"2025-04-02T12:59:29","slug":"metsaboard-natural-fbb-uc","status":"publish","type":"product","link":"https:\/\/www.comartsa.com\/pt-pt\/producto\/metsaboard-natural-fbb-uc\/","title":{"rendered":"METS\u00c4BOARD NATURAL FBB (UC)"},"content":{"rendered":"","protected":false},"excerpt":{"rendered":"<p>Material perfeito para embalagens que exigem um aspeto mais natural. Reflete as tend\u00eancias atuais de embalagens de alta qualidade com o seu aspeto e toque naturais, proporcionando uma sensa\u00e7\u00e3o de autenticidade. Cart\u00e3o sem OBA testado para contacto direto com alimentos em todo o mundo. <\/p>\n","protected":false},"featured_media":0,"template":"","meta":{"_acf_changed":false},"resistencia":[314],"sector":[237,238,239,243,244,245],"product_brand":[],"product_cat":[222,225],"product_tag":[],"class_list":{"0":"post-2292","1":"product","2":"type-product","3":"status-publish","5":"resistencia-hard-sized","6":"sector-alimentar","7":"sector-alimentos-congelados-pt-pt","8":"sector-cosmetica-pt-pt","9":"sector-farmacia-pt-pt","10":"sector-food-delivery-pt-pt","11":"sector-parafarmacia-pt-pt","12":"product_cat-foldings-pt-pt","13":"product_cat-uc-pt-pt","15":"first","16":"instock","17":"product-type-simple"},"acf":[],"_links":{"self":[{"href":"https:\/\/www.comartsa.com\/pt-pt\/wp-json\/wp\/v2\/product\/2292","targetHints":{"allow":["GET"]}}],"collection":[{"href":"https:\/\/www.comartsa.com\/pt-pt\/wp-json\/wp\/v2\/product"}],"about":[{"href":"https:\/\/www.comartsa.com\/pt-pt\/wp-json\/wp\/v2\/types\/product"}],"wp:attachment":[{"href":"https:\/\/www.comartsa.com\/pt-pt\/wp-json\/wp\/v2\/media?parent=2292"}],"wp:term":[{"taxonomy":"resistencia","embeddable":true,"href":"https:\/\/www.comartsa.com\/pt-pt\/wp-json\/wp\/v2\/resistencia?post=2292"},{"taxonomy":"sector","embeddable":true,"href":"https:\/\/www.comartsa.com\/pt-pt\/wp-json\/wp\/v2\/sector?post=2292"},{"taxonomy":"product_brand","embeddable":true,"href":"https:\/\/www.comartsa.com\/pt-pt\/wp-json\/wp\/v2\/product_brand?post=2292"},{"taxonomy":"product_cat","embeddable":true,"href":"https:\/\/www.comartsa.com\/pt-pt\/wp-json\/wp\/v2\/product_cat?post=2292"},{"taxonomy":"product_tag","embeddable":true,"href":"https:\/\/www.comartsa.com\/pt-pt\/wp-json\/wp\/v2\/product_tag?post=2292"}],"curies":[{"name":"wp","href":"https:\/\/api.w.org\/{rel}","templated":true}]}}