{"id":2290,"date":"2025-02-12T12:24:02","date_gmt":"2025-02-12T12:24:02","guid":{"rendered":"https:\/\/www.comartsa.com\/producto\/folding-madera-comcote-gc2\/"},"modified":"2025-04-02T12:59:30","modified_gmt":"2025-04-02T12:59:30","slug":"folding-madera-comcote-gc2","status":"publish","type":"product","link":"https:\/\/www.comartsa.com\/pt-pt\/producto\/folding-madera-comcote-gc2\/","title":{"rendered":"FOLDING MADERA COMCOTE (GC2)"},"content":{"rendered":"","protected":false},"excerpt":{"rendered":"<p>Cart\u00e3o de celulose termomec\u00e2nica branqueada com camadas de pasta qu\u00edmica que lhe conferem uma excelente maquinabilidade. Concebido para embalagens de alimentos secos e congelados, produtos farmac\u00eauticos, cosm\u00e9ticos e capas de livros. M\u00e9todo de impress\u00e3o: Offset, Rotogravura.<\/p>\n","protected":false},"featured_media":0,"template":"","meta":{"_acf_changed":false},"resistencia":[],"sector":[237,243,246],"product_brand":[],"product_cat":[222,224],"product_tag":[],"class_list":{"0":"post-2290","1":"product","2":"type-product","3":"status-publish","5":"sector-alimentar","6":"sector-farmacia-pt-pt","7":"sector-grafica-pt-pt","8":"product_cat-foldings-pt-pt","9":"product_cat-gc2-pt-pt","11":"first","12":"instock","13":"product-type-simple"},"acf":[],"_links":{"self":[{"href":"https:\/\/www.comartsa.com\/pt-pt\/wp-json\/wp\/v2\/product\/2290","targetHints":{"allow":["GET"]}}],"collection":[{"href":"https:\/\/www.comartsa.com\/pt-pt\/wp-json\/wp\/v2\/product"}],"about":[{"href":"https:\/\/www.comartsa.com\/pt-pt\/wp-json\/wp\/v2\/types\/product"}],"wp:attachment":[{"href":"https:\/\/www.comartsa.com\/pt-pt\/wp-json\/wp\/v2\/media?parent=2290"}],"wp:term":[{"taxonomy":"resistencia","embeddable":true,"href":"https:\/\/www.comartsa.com\/pt-pt\/wp-json\/wp\/v2\/resistencia?post=2290"},{"taxonomy":"sector","embeddable":true,"href":"https:\/\/www.comartsa.com\/pt-pt\/wp-json\/wp\/v2\/sector?post=2290"},{"taxonomy":"product_brand","embeddable":true,"href":"https:\/\/www.comartsa.com\/pt-pt\/wp-json\/wp\/v2\/product_brand?post=2290"},{"taxonomy":"product_cat","embeddable":true,"href":"https:\/\/www.comartsa.com\/pt-pt\/wp-json\/wp\/v2\/product_cat?post=2290"},{"taxonomy":"product_tag","embeddable":true,"href":"https:\/\/www.comartsa.com\/pt-pt\/wp-json\/wp\/v2\/product_tag?post=2290"}],"curies":[{"name":"wp","href":"https:\/\/api.w.org\/{rel}","templated":true}]}}