{"id":2289,"date":"2025-02-12T12:24:02","date_gmt":"2025-02-12T12:24:02","guid":{"rendered":"https:\/\/www.comartsa.com\/producto\/cartulina-revestida-em-uma-face-supremo-sbs-revestida-em-1-face\/"},"modified":"2025-04-02T13:12:58","modified_gmt":"2025-04-02T13:12:58","slug":"cartulina-revestida-em-uma-face-supremo-sbs-revestida-em-1-face","status":"publish","type":"product","link":"https:\/\/www.comartsa.com\/pt-pt\/producto\/cartulina-revestida-em-uma-face-supremo-sbs-revestida-em-1-face\/","title":{"rendered":"CARTULINA REVESTIDA EM UMA FACE SUPREMO SBS (REVESTIDA EM 1 FACE)"},"content":{"rendered":"","protected":false},"excerpt":{"rendered":"<p>\u00c9 um cart\u00e3o de pasta qu\u00edmica (SBS) revestido unilateralmente, com grande brancura e lisura.<\/p>\n","protected":false},"featured_media":0,"template":"","meta":{"_acf_changed":false},"resistencia":[],"sector":[239,240,252,246],"product_brand":[],"product_cat":[215,216],"product_tag":[],"class_list":{"0":"post-2289","1":"product","2":"type-product","3":"status-publish","5":"sector-cosmetica-pt-pt","6":"sector-editorial-pt-pt","7":"sector-embalagens-genericas","8":"sector-grafica-pt-pt","9":"product_cat-cartolina-pasta-quimica-sbs","10":"product_cat-revestida-em-1-face","12":"first","13":"instock","14":"product-type-simple"},"acf":[],"_links":{"self":[{"href":"https:\/\/www.comartsa.com\/pt-pt\/wp-json\/wp\/v2\/product\/2289","targetHints":{"allow":["GET"]}}],"collection":[{"href":"https:\/\/www.comartsa.com\/pt-pt\/wp-json\/wp\/v2\/product"}],"about":[{"href":"https:\/\/www.comartsa.com\/pt-pt\/wp-json\/wp\/v2\/types\/product"}],"wp:attachment":[{"href":"https:\/\/www.comartsa.com\/pt-pt\/wp-json\/wp\/v2\/media?parent=2289"}],"wp:term":[{"taxonomy":"resistencia","embeddable":true,"href":"https:\/\/www.comartsa.com\/pt-pt\/wp-json\/wp\/v2\/resistencia?post=2289"},{"taxonomy":"sector","embeddable":true,"href":"https:\/\/www.comartsa.com\/pt-pt\/wp-json\/wp\/v2\/sector?post=2289"},{"taxonomy":"product_brand","embeddable":true,"href":"https:\/\/www.comartsa.com\/pt-pt\/wp-json\/wp\/v2\/product_brand?post=2289"},{"taxonomy":"product_cat","embeddable":true,"href":"https:\/\/www.comartsa.com\/pt-pt\/wp-json\/wp\/v2\/product_cat?post=2289"},{"taxonomy":"product_tag","embeddable":true,"href":"https:\/\/www.comartsa.com\/pt-pt\/wp-json\/wp\/v2\/product_tag?post=2289"}],"curies":[{"name":"wp","href":"https:\/\/api.w.org\/{rel}","templated":true}]}}