{"id":2286,"date":"2025-02-12T12:24:02","date_gmt":"2025-02-12T12:24:02","guid":{"rendered":"https:\/\/www.comartsa.com\/producto\/cartao-madeira-para-o-verso-gt2\/"},"modified":"2025-04-02T13:08:18","modified_gmt":"2025-04-02T13:08:18","slug":"cartao-madeira-para-o-verso-gt2","status":"publish","type":"product","link":"https:\/\/www.comartsa.com\/pt-pt\/producto\/cartao-madeira-para-o-verso-gt2\/","title":{"rendered":"CART\u00c3O MADEIRA PARA O VERSO (GT2)"},"content":{"rendered":"","protected":false},"excerpt":{"rendered":"<p>Cart\u00e3o reciclado de tr\u00eas camadas (GT2) com dupla camada de revestimento na face e revestimento colorido no verso<br \/>\nvoltar.<br \/>\n\u00c9 utilizado no fabrico de embalagens para alimentos, produtos farmac\u00eauticos e outros.<\/p>\n","protected":false},"featured_media":0,"template":"","meta":{"_acf_changed":false},"resistencia":[],"sector":[237,252,243,246,247,248,245],"product_brand":[],"product_cat":[218,220],"product_tag":[],"class_list":{"0":"post-2286","1":"product","2":"type-product","3":"status-publish","5":"sector-alimentar","6":"sector-embalagens-genericas","7":"sector-farmacia-pt-pt","8":"sector-grafica-pt-pt","9":"sector-higiene-pt-pt","10":"sector-limpeza","11":"sector-parafarmacia-pt-pt","12":"product_cat-cartao-reciclado-wlc","13":"product_cat-cartao-madeira-para-o-verso-gt2","15":"first","16":"instock","17":"product-type-simple"},"acf":[],"_links":{"self":[{"href":"https:\/\/www.comartsa.com\/pt-pt\/wp-json\/wp\/v2\/product\/2286","targetHints":{"allow":["GET"]}}],"collection":[{"href":"https:\/\/www.comartsa.com\/pt-pt\/wp-json\/wp\/v2\/product"}],"about":[{"href":"https:\/\/www.comartsa.com\/pt-pt\/wp-json\/wp\/v2\/types\/product"}],"wp:attachment":[{"href":"https:\/\/www.comartsa.com\/pt-pt\/wp-json\/wp\/v2\/media?parent=2286"}],"wp:term":[{"taxonomy":"resistencia","embeddable":true,"href":"https:\/\/www.comartsa.com\/pt-pt\/wp-json\/wp\/v2\/resistencia?post=2286"},{"taxonomy":"sector","embeddable":true,"href":"https:\/\/www.comartsa.com\/pt-pt\/wp-json\/wp\/v2\/sector?post=2286"},{"taxonomy":"product_brand","embeddable":true,"href":"https:\/\/www.comartsa.com\/pt-pt\/wp-json\/wp\/v2\/product_brand?post=2286"},{"taxonomy":"product_cat","embeddable":true,"href":"https:\/\/www.comartsa.com\/pt-pt\/wp-json\/wp\/v2\/product_cat?post=2286"},{"taxonomy":"product_tag","embeddable":true,"href":"https:\/\/www.comartsa.com\/pt-pt\/wp-json\/wp\/v2\/product_tag?post=2286"}],"curies":[{"name":"wp","href":"https:\/\/api.w.org\/{rel}","templated":true}]}}