{"id":2284,"date":"2025-02-12T12:24:02","date_gmt":"2025-02-12T12:24:02","guid":{"rendered":"https:\/\/www.comartsa.com\/producto\/papel-offset-c-white-offset\/"},"modified":"2025-04-02T13:21:38","modified_gmt":"2025-04-02T13:21:38","slug":"papel-offset-c-white-offset","status":"publish","type":"product","link":"https:\/\/www.comartsa.com\/pt-pt\/producto\/papel-offset-c-white-offset\/","title":{"rendered":"PAPEL OFFSET C WHITE (OFFSET)"},"content":{"rendered":"","protected":false},"excerpt":{"rendered":"<p>Papel fabricado com pasta qu\u00edmica concebido para oferecer um excelente desempenho \u00e0 m\u00e1quina. Concebido para qualquer aplica\u00e7\u00e3o gr\u00e1fica em impress\u00e3o offset e garantido para impress\u00e3o digital a laser e pr\u00e9-impress\u00e3o a laser. <\/p>\n","protected":false},"featured_media":0,"template":"","meta":{"_acf_changed":false},"resistencia":[],"sector":[240,246],"product_brand":[],"product_cat":[231,234],"product_tag":[],"class_list":{"0":"post-2284","1":"product","2":"type-product","3":"status-publish","5":"sector-editorial-pt-pt","6":"sector-grafica-pt-pt","7":"product_cat-papel-pt-pt","8":"product_cat-offset-pt-pt","10":"first","11":"instock","12":"product-type-simple"},"acf":[],"_links":{"self":[{"href":"https:\/\/www.comartsa.com\/pt-pt\/wp-json\/wp\/v2\/product\/2284","targetHints":{"allow":["GET"]}}],"collection":[{"href":"https:\/\/www.comartsa.com\/pt-pt\/wp-json\/wp\/v2\/product"}],"about":[{"href":"https:\/\/www.comartsa.com\/pt-pt\/wp-json\/wp\/v2\/types\/product"}],"wp:attachment":[{"href":"https:\/\/www.comartsa.com\/pt-pt\/wp-json\/wp\/v2\/media?parent=2284"}],"wp:term":[{"taxonomy":"resistencia","embeddable":true,"href":"https:\/\/www.comartsa.com\/pt-pt\/wp-json\/wp\/v2\/resistencia?post=2284"},{"taxonomy":"sector","embeddable":true,"href":"https:\/\/www.comartsa.com\/pt-pt\/wp-json\/wp\/v2\/sector?post=2284"},{"taxonomy":"product_brand","embeddable":true,"href":"https:\/\/www.comartsa.com\/pt-pt\/wp-json\/wp\/v2\/product_brand?post=2284"},{"taxonomy":"product_cat","embeddable":true,"href":"https:\/\/www.comartsa.com\/pt-pt\/wp-json\/wp\/v2\/product_cat?post=2284"},{"taxonomy":"product_tag","embeddable":true,"href":"https:\/\/www.comartsa.com\/pt-pt\/wp-json\/wp\/v2\/product_tag?post=2284"}],"curies":[{"name":"wp","href":"https:\/\/api.w.org\/{rel}","templated":true}]}}