{"id":2282,"date":"2025-02-12T12:24:02","date_gmt":"2025-02-12T12:24:02","guid":{"rendered":"https:\/\/www.comartsa.com\/producto\/comkraft-cmpc-rc-folding-kraft\/"},"modified":"2025-04-02T13:04:50","modified_gmt":"2025-04-02T13:04:50","slug":"comkraft-cmpc-rc-folding-kraft","status":"publish","type":"product","link":"https:\/\/www.comartsa.com\/pt-pt\/producto\/comkraft-cmpc-rc-folding-kraft\/","title":{"rendered":"COMKRAFT CMPC RC (FOLDING KRAFT)"},"content":{"rendered":"","protected":false},"excerpt":{"rendered":"<p>Cart\u00e3o para caixas de embalagem dobr\u00e1veis. A combina\u00e7\u00e3o de uma camada interm\u00e9dia de massa<br \/>\nmec\u00e2nica e as camadas superiores de pasta qu\u00edmica ECF de elevada qualidade, conferem ao cart\u00e3o uma<br \/>\nexcelente rigidez para o seu peso. Isto facilita velocidades de produ\u00e7\u00e3o elevadas e ininterruptas.<br \/>\nnas linhas de convers\u00e3o e embalagem.<br \/>\nConcebido para embalagens de alta qualidade, tanto para embalagens farmac\u00eauticas como para embalagens de alimentos congelados,<br \/>\nalimentos e outros usos n\u00e3o alimentares.<br \/>\nM\u00e9todo de impress\u00e3o: Offset, Rotogravura, Flexografia.  <\/p>\n","protected":false},"featured_media":0,"template":"","meta":{"_acf_changed":false},"resistencia":[],"sector":[237,240,252,247,248,249,253],"product_brand":[],"product_cat":[213,214],"product_tag":[],"class_list":{"0":"post-2282","1":"product","2":"type-product","3":"status-publish","5":"sector-alimentar","6":"sector-editorial-pt-pt","7":"sector-embalagens-genericas","8":"sector-higiene-pt-pt","9":"sector-limpeza","10":"sector-publicidade-nos-pontos-de-venda","11":"sector-setor-agricola","12":"product_cat-cartao-kraft","13":"product_cat-folding-kraft-pt-pt","15":"first","16":"instock","17":"product-type-simple"},"acf":[],"_links":{"self":[{"href":"https:\/\/www.comartsa.com\/pt-pt\/wp-json\/wp\/v2\/product\/2282","targetHints":{"allow":["GET"]}}],"collection":[{"href":"https:\/\/www.comartsa.com\/pt-pt\/wp-json\/wp\/v2\/product"}],"about":[{"href":"https:\/\/www.comartsa.com\/pt-pt\/wp-json\/wp\/v2\/types\/product"}],"wp:attachment":[{"href":"https:\/\/www.comartsa.com\/pt-pt\/wp-json\/wp\/v2\/media?parent=2282"}],"wp:term":[{"taxonomy":"resistencia","embeddable":true,"href":"https:\/\/www.comartsa.com\/pt-pt\/wp-json\/wp\/v2\/resistencia?post=2282"},{"taxonomy":"sector","embeddable":true,"href":"https:\/\/www.comartsa.com\/pt-pt\/wp-json\/wp\/v2\/sector?post=2282"},{"taxonomy":"product_brand","embeddable":true,"href":"https:\/\/www.comartsa.com\/pt-pt\/wp-json\/wp\/v2\/product_brand?post=2282"},{"taxonomy":"product_cat","embeddable":true,"href":"https:\/\/www.comartsa.com\/pt-pt\/wp-json\/wp\/v2\/product_cat?post=2282"},{"taxonomy":"product_tag","embeddable":true,"href":"https:\/\/www.comartsa.com\/pt-pt\/wp-json\/wp\/v2\/product_tag?post=2282"}],"curies":[{"name":"wp","href":"https:\/\/api.w.org\/{rel}","templated":true}]}}