{"id":2280,"date":"2025-02-12T12:24:02","date_gmt":"2025-02-12T12:24:02","guid":{"rendered":"https:\/\/www.comartsa.com\/producto\/papel-revestido-brilhante-nas-2-faces-revestido-brilhante-nas-2-faces\/"},"modified":"2025-04-02T13:21:42","modified_gmt":"2025-04-02T13:21:42","slug":"papel-revestido-brilhante-nas-2-faces-revestido-brilhante-nas-2-faces","status":"publish","type":"product","link":"https:\/\/www.comartsa.com\/pt-pt\/producto\/papel-revestido-brilhante-nas-2-faces-revestido-brilhante-nas-2-faces\/","title":{"rendered":"PAPEL REVESTIDO BRILHANTE NAS 2 FACES (REVESTIDO BRILHANTE NAS 2 FACES)"},"content":{"rendered":"","protected":false},"excerpt":{"rendered":"<p>Concebido para qualquer aplica\u00e7\u00e3o gr\u00e1fica.<\/p>\n","protected":false},"featured_media":0,"template":"","meta":{"_acf_changed":false},"resistencia":[],"sector":[240,242,246],"product_brand":[],"product_cat":[231,232],"product_tag":[],"class_list":{"0":"post-2280","1":"product","2":"type-product","3":"status-publish","5":"sector-editorial-pt-pt","6":"sector-etiquetas-de-embalagem","7":"sector-grafica-pt-pt","8":"product_cat-papel-pt-pt","9":"product_cat-revestido-brilhante-nas-2-faces","11":"first","12":"instock","13":"product-type-simple"},"acf":[],"_links":{"self":[{"href":"https:\/\/www.comartsa.com\/pt-pt\/wp-json\/wp\/v2\/product\/2280","targetHints":{"allow":["GET"]}}],"collection":[{"href":"https:\/\/www.comartsa.com\/pt-pt\/wp-json\/wp\/v2\/product"}],"about":[{"href":"https:\/\/www.comartsa.com\/pt-pt\/wp-json\/wp\/v2\/types\/product"}],"wp:attachment":[{"href":"https:\/\/www.comartsa.com\/pt-pt\/wp-json\/wp\/v2\/media?parent=2280"}],"wp:term":[{"taxonomy":"resistencia","embeddable":true,"href":"https:\/\/www.comartsa.com\/pt-pt\/wp-json\/wp\/v2\/resistencia?post=2280"},{"taxonomy":"sector","embeddable":true,"href":"https:\/\/www.comartsa.com\/pt-pt\/wp-json\/wp\/v2\/sector?post=2280"},{"taxonomy":"product_brand","embeddable":true,"href":"https:\/\/www.comartsa.com\/pt-pt\/wp-json\/wp\/v2\/product_brand?post=2280"},{"taxonomy":"product_cat","embeddable":true,"href":"https:\/\/www.comartsa.com\/pt-pt\/wp-json\/wp\/v2\/product_cat?post=2280"},{"taxonomy":"product_tag","embeddable":true,"href":"https:\/\/www.comartsa.com\/pt-pt\/wp-json\/wp\/v2\/product_tag?post=2280"}],"curies":[{"name":"wp","href":"https:\/\/api.w.org\/{rel}","templated":true}]}}