{"id":2279,"date":"2025-02-12T12:24:02","date_gmt":"2025-02-12T12:24:02","guid":{"rendered":"https:\/\/www.comartsa.com\/producto\/metsaboard-classic-fbb-gc2\/"},"modified":"2025-04-02T12:59:31","modified_gmt":"2025-04-02T12:59:31","slug":"metsaboard-classic-fbb-gc2","status":"publish","type":"product","link":"https:\/\/www.comartsa.com\/pt-pt\/producto\/metsaboard-classic-fbb-gc2\/","title":{"rendered":"METS\u00c4BOARD CLASSIC FBB (GC2)"},"content":{"rendered":"","protected":false},"excerpt":{"rendered":"<p>Este \u00e9 um cart\u00e3o dobr\u00e1vel revestido para dobrar caixas de embalagem. A combina\u00e7\u00e3o de uma camada interm\u00e9dia de polpa mec\u00e2nica e camadas superiores de polpa qu\u00edmica ECF de alta qualidade confere \u00e0 placa uma excelente rigidez em rela\u00e7\u00e3o ao seu peso. Isto facilita altas velocidades de produ\u00e7\u00e3o ininterruptas nas linhas de convers\u00e3o e embalagem. Concebido para embalagens de alta qualidade, incluindo produtos farmac\u00eauticos, alimentos congelados, alimentos e outras aplica\u00e7\u00f5es n\u00e3o alimentares.  <\/p>\n","protected":false},"featured_media":0,"template":"","meta":{"_acf_changed":false},"resistencia":[314],"sector":[237,238,252,243,245],"product_brand":[],"product_cat":[222,224],"product_tag":[],"class_list":{"0":"post-2279","1":"product","2":"type-product","3":"status-publish","5":"resistencia-hard-sized","6":"sector-alimentar","7":"sector-alimentos-congelados-pt-pt","8":"sector-embalagens-genericas","9":"sector-farmacia-pt-pt","10":"sector-parafarmacia-pt-pt","11":"product_cat-foldings-pt-pt","12":"product_cat-gc2-pt-pt","14":"first","15":"instock","16":"product-type-simple"},"acf":[],"_links":{"self":[{"href":"https:\/\/www.comartsa.com\/pt-pt\/wp-json\/wp\/v2\/product\/2279","targetHints":{"allow":["GET"]}}],"collection":[{"href":"https:\/\/www.comartsa.com\/pt-pt\/wp-json\/wp\/v2\/product"}],"about":[{"href":"https:\/\/www.comartsa.com\/pt-pt\/wp-json\/wp\/v2\/types\/product"}],"wp:attachment":[{"href":"https:\/\/www.comartsa.com\/pt-pt\/wp-json\/wp\/v2\/media?parent=2279"}],"wp:term":[{"taxonomy":"resistencia","embeddable":true,"href":"https:\/\/www.comartsa.com\/pt-pt\/wp-json\/wp\/v2\/resistencia?post=2279"},{"taxonomy":"sector","embeddable":true,"href":"https:\/\/www.comartsa.com\/pt-pt\/wp-json\/wp\/v2\/sector?post=2279"},{"taxonomy":"product_brand","embeddable":true,"href":"https:\/\/www.comartsa.com\/pt-pt\/wp-json\/wp\/v2\/product_brand?post=2279"},{"taxonomy":"product_cat","embeddable":true,"href":"https:\/\/www.comartsa.com\/pt-pt\/wp-json\/wp\/v2\/product_cat?post=2279"},{"taxonomy":"product_tag","embeddable":true,"href":"https:\/\/www.comartsa.com\/pt-pt\/wp-json\/wp\/v2\/product_tag?post=2279"}],"curies":[{"name":"wp","href":"https:\/\/api.w.org\/{rel}","templated":true}]}}