{"id":2278,"date":"2025-02-12T12:24:02","date_gmt":"2025-02-12T12:24:02","guid":{"rendered":"https:\/\/www.comartsa.com\/producto\/metsaboard-prime-fbb-bright-gc1\/"},"modified":"2025-04-02T12:59:29","modified_gmt":"2025-04-02T12:59:29","slug":"metsaboard-prime-fbb-bright-gc1","status":"publish","type":"product","link":"https:\/\/www.comartsa.com\/pt-pt\/producto\/metsaboard-prime-fbb-bright-gc1\/","title":{"rendered":"METS\u00c4BOARD PRIME FBB BRIGHT (GC1)"},"content":{"rendered":"","protected":false},"excerpt":{"rendered":"<p>Este \u00e9 um cart\u00e3o revestido multicamadas para caixas dobr\u00e1veis. A sua camada interm\u00e9dia \u00e9 feita de pasta qu\u00edmico-termomec\u00e2nica, enquanto a sua camada superior e posterior s\u00e3o feitas de pasta qu\u00edmica. A superf\u00edcie lisa e brilhante permite produzir embalagens que exigem um brilho extraordinariamente elevado com um aspeto superior. Concebido para embalagens de bebidas, embalagens de chocolate de alta qualidade, cosm\u00e9ticos, produtos farmac\u00eauticos e outros.  <\/p>\n","protected":false},"featured_media":0,"template":"","meta":{"_acf_changed":false},"resistencia":[61,312],"sector":[237,239,240,252,242,246,245,255],"product_brand":[],"product_cat":[222,223],"product_tag":[],"class_list":{"0":"post-2278","1":"product","2":"type-product","3":"status-publish","5":"resistencia-resistente-a-altas-temperaturas","6":"resistencia-microondas","7":"sector-alimentar","8":"sector-cosmetica-pt-pt","9":"sector-editorial-pt-pt","10":"sector-embalagens-genericas","11":"sector-etiquetas-de-embalagem","12":"sector-grafica-pt-pt","13":"sector-parafarmacia-pt-pt","14":"sector-tabaco-pt-pt","15":"product_cat-foldings-pt-pt","16":"product_cat-gc1-pt-pt","18":"first","19":"instock","20":"product-type-simple"},"acf":[],"_links":{"self":[{"href":"https:\/\/www.comartsa.com\/pt-pt\/wp-json\/wp\/v2\/product\/2278","targetHints":{"allow":["GET"]}}],"collection":[{"href":"https:\/\/www.comartsa.com\/pt-pt\/wp-json\/wp\/v2\/product"}],"about":[{"href":"https:\/\/www.comartsa.com\/pt-pt\/wp-json\/wp\/v2\/types\/product"}],"wp:attachment":[{"href":"https:\/\/www.comartsa.com\/pt-pt\/wp-json\/wp\/v2\/media?parent=2278"}],"wp:term":[{"taxonomy":"resistencia","embeddable":true,"href":"https:\/\/www.comartsa.com\/pt-pt\/wp-json\/wp\/v2\/resistencia?post=2278"},{"taxonomy":"sector","embeddable":true,"href":"https:\/\/www.comartsa.com\/pt-pt\/wp-json\/wp\/v2\/sector?post=2278"},{"taxonomy":"product_brand","embeddable":true,"href":"https:\/\/www.comartsa.com\/pt-pt\/wp-json\/wp\/v2\/product_brand?post=2278"},{"taxonomy":"product_cat","embeddable":true,"href":"https:\/\/www.comartsa.com\/pt-pt\/wp-json\/wp\/v2\/product_cat?post=2278"},{"taxonomy":"product_tag","embeddable":true,"href":"https:\/\/www.comartsa.com\/pt-pt\/wp-json\/wp\/v2\/product_tag?post=2278"}],"curies":[{"name":"wp","href":"https:\/\/api.w.org\/{rel}","templated":true}]}}