{"id":2277,"date":"2025-02-12T12:24:02","date_gmt":"2025-02-12T12:24:02","guid":{"rendered":"https:\/\/www.comartsa.com\/producto\/metsaboard-prime-fbb-eb-gc1\/"},"modified":"2025-04-02T12:59:32","modified_gmt":"2025-04-02T12:59:32","slug":"metsaboard-prime-fbb-eb-gc1","status":"publish","type":"product","link":"https:\/\/www.comartsa.com\/pt-pt\/producto\/metsaboard-prime-fbb-eb-gc1\/","title":{"rendered":"METS\u00c4BOARD PRIME FBB EB (GC1)"},"content":{"rendered":"","protected":false},"excerpt":{"rendered":"<p>Cart\u00e3o revestido com barreira ecol\u00f3gica, isento de pl\u00e1sticos, com resist\u00eancia m\u00e9dia \u00e0 humidade e \u00e0 gordura, elevada colagem, isento de branqueadores \u00f3ticos e isento de produtos qu\u00edmicos fluorados. Concebido para embalar alimentos para levar, frescos, secos e congelados. <\/p>\n","protected":false},"featured_media":0,"template":"","meta":{"_acf_changed":false},"resistencia":[312],"sector":[237,244],"product_brand":[],"product_cat":[222,223],"product_tag":[],"class_list":{"0":"post-2277","1":"product","2":"type-product","3":"status-publish","5":"resistencia-microondas","6":"sector-alimentar","7":"sector-food-delivery-pt-pt","8":"product_cat-foldings-pt-pt","9":"product_cat-gc1-pt-pt","11":"first","12":"instock","13":"product-type-simple"},"acf":[],"_links":{"self":[{"href":"https:\/\/www.comartsa.com\/pt-pt\/wp-json\/wp\/v2\/product\/2277","targetHints":{"allow":["GET"]}}],"collection":[{"href":"https:\/\/www.comartsa.com\/pt-pt\/wp-json\/wp\/v2\/product"}],"about":[{"href":"https:\/\/www.comartsa.com\/pt-pt\/wp-json\/wp\/v2\/types\/product"}],"wp:attachment":[{"href":"https:\/\/www.comartsa.com\/pt-pt\/wp-json\/wp\/v2\/media?parent=2277"}],"wp:term":[{"taxonomy":"resistencia","embeddable":true,"href":"https:\/\/www.comartsa.com\/pt-pt\/wp-json\/wp\/v2\/resistencia?post=2277"},{"taxonomy":"sector","embeddable":true,"href":"https:\/\/www.comartsa.com\/pt-pt\/wp-json\/wp\/v2\/sector?post=2277"},{"taxonomy":"product_brand","embeddable":true,"href":"https:\/\/www.comartsa.com\/pt-pt\/wp-json\/wp\/v2\/product_brand?post=2277"},{"taxonomy":"product_cat","embeddable":true,"href":"https:\/\/www.comartsa.com\/pt-pt\/wp-json\/wp\/v2\/product_cat?post=2277"},{"taxonomy":"product_tag","embeddable":true,"href":"https:\/\/www.comartsa.com\/pt-pt\/wp-json\/wp\/v2\/product_tag?post=2277"}],"curies":[{"name":"wp","href":"https:\/\/api.w.org\/{rel}","templated":true}]}}