{"id":2275,"date":"2025-02-12T12:24:02","date_gmt":"2025-02-12T12:24:02","guid":{"rendered":"https:\/\/www.comartsa.com\/producto\/tp-white-plus-cg1\/"},"modified":"2025-04-02T12:59:31","modified_gmt":"2025-04-02T12:59:31","slug":"tp-white-plus-cg1","status":"publish","type":"product","link":"https:\/\/www.comartsa.com\/pt-pt\/producto\/tp-white-plus-cg1\/","title":{"rendered":"TP WHITE PLUS (CG1)"},"content":{"rendered":"","protected":false},"excerpt":{"rendered":"<p>Cart\u00e3o duplo revestido com camadas de pasta branqueada e uma camada interm\u00e9dia de pasta branqueada de alto desempenho. Este cart\u00e3o combina uma excelente apresenta\u00e7\u00e3o e brancura com uma boa rigidez. Concebido para embalagens e materiais promocionais.  <\/p>\n","protected":false},"featured_media":0,"template":"","meta":{"_acf_changed":false},"resistencia":[314,312],"sector":[237,239,240,243,247,248],"product_brand":[],"product_cat":[222,223],"product_tag":[],"class_list":{"0":"post-2275","1":"product","2":"type-product","3":"status-publish","5":"resistencia-hard-sized","6":"resistencia-microondas","7":"sector-alimentar","8":"sector-cosmetica-pt-pt","9":"sector-editorial-pt-pt","10":"sector-farmacia-pt-pt","11":"sector-higiene-pt-pt","12":"sector-limpeza","13":"product_cat-foldings-pt-pt","14":"product_cat-gc1-pt-pt","16":"first","17":"instock","18":"product-type-simple"},"acf":[],"_links":{"self":[{"href":"https:\/\/www.comartsa.com\/pt-pt\/wp-json\/wp\/v2\/product\/2275","targetHints":{"allow":["GET"]}}],"collection":[{"href":"https:\/\/www.comartsa.com\/pt-pt\/wp-json\/wp\/v2\/product"}],"about":[{"href":"https:\/\/www.comartsa.com\/pt-pt\/wp-json\/wp\/v2\/types\/product"}],"wp:attachment":[{"href":"https:\/\/www.comartsa.com\/pt-pt\/wp-json\/wp\/v2\/media?parent=2275"}],"wp:term":[{"taxonomy":"resistencia","embeddable":true,"href":"https:\/\/www.comartsa.com\/pt-pt\/wp-json\/wp\/v2\/resistencia?post=2275"},{"taxonomy":"sector","embeddable":true,"href":"https:\/\/www.comartsa.com\/pt-pt\/wp-json\/wp\/v2\/sector?post=2275"},{"taxonomy":"product_brand","embeddable":true,"href":"https:\/\/www.comartsa.com\/pt-pt\/wp-json\/wp\/v2\/product_brand?post=2275"},{"taxonomy":"product_cat","embeddable":true,"href":"https:\/\/www.comartsa.com\/pt-pt\/wp-json\/wp\/v2\/product_cat?post=2275"},{"taxonomy":"product_tag","embeddable":true,"href":"https:\/\/www.comartsa.com\/pt-pt\/wp-json\/wp\/v2\/product_tag?post=2275"}],"curies":[{"name":"wp","href":"https:\/\/api.w.org\/{rel}","templated":true}]}}