{"id":2274,"date":"2025-02-12T12:24:02","date_gmt":"2025-02-12T12:24:02","guid":{"rendered":"https:\/\/www.comartsa.com\/producto\/metsaboard-pro-fbb-bright-gc1\/"},"modified":"2025-04-02T12:59:31","modified_gmt":"2025-04-02T12:59:31","slug":"metsaboard-pro-fbb-bright-gc1","status":"publish","type":"product","link":"https:\/\/www.comartsa.com\/pt-pt\/producto\/metsaboard-pro-fbb-bright-gc1\/","title":{"rendered":"METS\u00c4BOARD Pro FBB BRIGHT (GC1)"},"content":{"rendered":"","protected":false},"excerpt":{"rendered":"<p>Cart\u00e3o revestido com fundo branco. Concebido para capas, postais, perfumaria, farm\u00e1cia, chocolate e confeitaria <\/p>\n","protected":false},"featured_media":0,"template":"","meta":{"_acf_changed":false},"resistencia":[],"sector":[237,239,240,242,243,246,245,251],"product_brand":[],"product_cat":[222,223],"product_tag":[],"class_list":{"0":"post-2274","1":"product","2":"type-product","3":"status-publish","5":"sector-alimentar","6":"sector-cosmetica-pt-pt","7":"sector-editorial-pt-pt","8":"sector-etiquetas-de-embalagem","9":"sector-farmacia-pt-pt","10":"sector-grafica-pt-pt","11":"sector-parafarmacia-pt-pt","12":"sector-produtos-eletronicos","13":"product_cat-foldings-pt-pt","14":"product_cat-gc1-pt-pt","16":"first","17":"instock","18":"product-type-simple"},"acf":[],"_links":{"self":[{"href":"https:\/\/www.comartsa.com\/pt-pt\/wp-json\/wp\/v2\/product\/2274","targetHints":{"allow":["GET"]}}],"collection":[{"href":"https:\/\/www.comartsa.com\/pt-pt\/wp-json\/wp\/v2\/product"}],"about":[{"href":"https:\/\/www.comartsa.com\/pt-pt\/wp-json\/wp\/v2\/types\/product"}],"wp:attachment":[{"href":"https:\/\/www.comartsa.com\/pt-pt\/wp-json\/wp\/v2\/media?parent=2274"}],"wp:term":[{"taxonomy":"resistencia","embeddable":true,"href":"https:\/\/www.comartsa.com\/pt-pt\/wp-json\/wp\/v2\/resistencia?post=2274"},{"taxonomy":"sector","embeddable":true,"href":"https:\/\/www.comartsa.com\/pt-pt\/wp-json\/wp\/v2\/sector?post=2274"},{"taxonomy":"product_brand","embeddable":true,"href":"https:\/\/www.comartsa.com\/pt-pt\/wp-json\/wp\/v2\/product_brand?post=2274"},{"taxonomy":"product_cat","embeddable":true,"href":"https:\/\/www.comartsa.com\/pt-pt\/wp-json\/wp\/v2\/product_cat?post=2274"},{"taxonomy":"product_tag","embeddable":true,"href":"https:\/\/www.comartsa.com\/pt-pt\/wp-json\/wp\/v2\/product_tag?post=2274"}],"curies":[{"name":"wp","href":"https:\/\/api.w.org\/{rel}","templated":true}]}}