{"id":2272,"date":"2025-02-12T12:24:08","date_gmt":"2025-02-12T12:24:08","guid":{"rendered":"https:\/\/www.comartsa.com\/producto\/metsaboard-natural-wkl-bright-krafliner-branco-sem-revestimento\/"},"modified":"2025-04-02T13:17:12","modified_gmt":"2025-04-02T13:17:12","slug":"metsaboard-natural-wkl-bright-krafliner-branco-sem-revestimento","status":"publish","type":"product","link":"https:\/\/www.comartsa.com\/pt-pt\/producto\/metsaboard-natural-wkl-bright-krafliner-branco-sem-revestimento\/","title":{"rendered":"METS\u00c4BOARD NATURAL WKL BRIGHT (KRAFLINER BRANCO SEM REVESTIMENTO)"},"content":{"rendered":"","protected":false},"excerpt":{"rendered":"<p>Kraftliner integral branco sem revestimento. M\u00e9todos de impress\u00e3o: Flexografia, Offset, Impress\u00e3o digital a jato de tinta <\/p>\n","protected":false},"featured_media":0,"template":"","meta":{"_acf_changed":false},"resistencia":[],"sector":[237,252,244,251,254],"product_brand":[],"product_cat":[226,227],"product_tag":[],"class_list":{"0":"post-2272","1":"product","2":"type-product","3":"status-publish","5":"sector-alimentar","6":"sector-embalagens-genericas","7":"sector-food-delivery-pt-pt","8":"sector-produtos-eletronicos","9":"sector-setor-industrial","10":"product_cat-krafliner-pt-pt","11":"product_cat-krafliner-branco-sem-revestimento","13":"first","14":"instock","15":"product-type-simple"},"acf":[],"_links":{"self":[{"href":"https:\/\/www.comartsa.com\/pt-pt\/wp-json\/wp\/v2\/product\/2272","targetHints":{"allow":["GET"]}}],"collection":[{"href":"https:\/\/www.comartsa.com\/pt-pt\/wp-json\/wp\/v2\/product"}],"about":[{"href":"https:\/\/www.comartsa.com\/pt-pt\/wp-json\/wp\/v2\/types\/product"}],"wp:attachment":[{"href":"https:\/\/www.comartsa.com\/pt-pt\/wp-json\/wp\/v2\/media?parent=2272"}],"wp:term":[{"taxonomy":"resistencia","embeddable":true,"href":"https:\/\/www.comartsa.com\/pt-pt\/wp-json\/wp\/v2\/resistencia?post=2272"},{"taxonomy":"sector","embeddable":true,"href":"https:\/\/www.comartsa.com\/pt-pt\/wp-json\/wp\/v2\/sector?post=2272"},{"taxonomy":"product_brand","embeddable":true,"href":"https:\/\/www.comartsa.com\/pt-pt\/wp-json\/wp\/v2\/product_brand?post=2272"},{"taxonomy":"product_cat","embeddable":true,"href":"https:\/\/www.comartsa.com\/pt-pt\/wp-json\/wp\/v2\/product_cat?post=2272"},{"taxonomy":"product_tag","embeddable":true,"href":"https:\/\/www.comartsa.com\/pt-pt\/wp-json\/wp\/v2\/product_tag?post=2272"}],"curies":[{"name":"wp","href":"https:\/\/api.w.org\/{rel}","templated":true}]}}