{"id":2253,"date":"2025-02-12T12:24:02","date_gmt":"2025-02-12T12:24:02","guid":{"rendered":"https:\/\/www.comartsa.com\/producto\/metsaboard-prime-wkl-krafliner-revestido-em-1-face\/"},"modified":"2025-04-02T13:17:11","modified_gmt":"2025-04-02T13:17:11","slug":"metsaboard-prime-wkl-krafliner-revestido-em-1-face","status":"publish","type":"product","link":"https:\/\/www.comartsa.com\/pt-pt\/producto\/metsaboard-prime-wkl-krafliner-revestido-em-1-face\/","title":{"rendered":"METS\u00c4BOARD PRIME WKL (KRAFLINER REVESTIDO EM 1 FACE)"},"content":{"rendered":"","protected":false},"excerpt":{"rendered":"<p>Kraftliner com dupla camada de revestimento na superf\u00edcie superior. Foi especialmente desenvolvido para imprimir imagens a cores e em meio-tom com brilho e densidade de cor. A sua superf\u00edcie lisa permite imagens impressas mais detalhadas e uniformes. M\u00e9todos de impress\u00e3o: Impress\u00e3o offset plana, Pr\u00e9-impress\u00e3o flexogr\u00e1fica.   <\/p>\n","protected":false},"featured_media":0,"template":"","meta":{"_acf_changed":false},"resistencia":[],"sector":[237,252,251],"product_brand":[],"product_cat":[226,228],"product_tag":[],"class_list":{"0":"post-2253","1":"product","2":"type-product","3":"status-publish","5":"sector-alimentar","6":"sector-embalagens-genericas","7":"sector-produtos-eletronicos","8":"product_cat-krafliner-pt-pt","9":"product_cat-krafliner-revestido-em-1-face","11":"first","12":"instock","13":"product-type-simple"},"acf":[],"_links":{"self":[{"href":"https:\/\/www.comartsa.com\/pt-pt\/wp-json\/wp\/v2\/product\/2253","targetHints":{"allow":["GET"]}}],"collection":[{"href":"https:\/\/www.comartsa.com\/pt-pt\/wp-json\/wp\/v2\/product"}],"about":[{"href":"https:\/\/www.comartsa.com\/pt-pt\/wp-json\/wp\/v2\/types\/product"}],"wp:attachment":[{"href":"https:\/\/www.comartsa.com\/pt-pt\/wp-json\/wp\/v2\/media?parent=2253"}],"wp:term":[{"taxonomy":"resistencia","embeddable":true,"href":"https:\/\/www.comartsa.com\/pt-pt\/wp-json\/wp\/v2\/resistencia?post=2253"},{"taxonomy":"sector","embeddable":true,"href":"https:\/\/www.comartsa.com\/pt-pt\/wp-json\/wp\/v2\/sector?post=2253"},{"taxonomy":"product_brand","embeddable":true,"href":"https:\/\/www.comartsa.com\/pt-pt\/wp-json\/wp\/v2\/product_brand?post=2253"},{"taxonomy":"product_cat","embeddable":true,"href":"https:\/\/www.comartsa.com\/pt-pt\/wp-json\/wp\/v2\/product_cat?post=2253"},{"taxonomy":"product_tag","embeddable":true,"href":"https:\/\/www.comartsa.com\/pt-pt\/wp-json\/wp\/v2\/product_tag?post=2253"}],"curies":[{"name":"wp","href":"https:\/\/api.w.org\/{rel}","templated":true}]}}