{"id":2398,"date":"2024-05-31T09:40:28","date_gmt":"2024-05-31T09:40:28","guid":{"rendered":"https:\/\/www.comartsa.com\/politica-de-privacidade-e-de-protecao-de-dados\/"},"modified":"2025-04-02T08:19:27","modified_gmt":"2025-04-02T08:19:27","slug":"politica-de-privacidade-e-de-protecao-de-dados","status":"publish","type":"page","link":"https:\/\/www.comartsa.com\/pt-pt\/politica-de-privacidade-e-de-protecao-de-dados\/","title":{"rendered":"Pol\u00edtica de privacidade e de Prote\u00e7\u00e3o de dados"},"content":{"rendered":"\n<p><\/p>\n\n<figure class=\"wp-block-table\">\n<table>\n        <tr>\n            <th>RESPONS\u00c1VEL\n<\/th><td>COMART S.A \u2013 CIF A08186074<\/td>\n        <\/tr>\n        <tr>\n            <th>CONTACTO<\/th>\n            <td>Cr. Montmel\u00f3, 2-4 &#8211; MONTORNES DEL VALLES (Barcelona)<br\/>rrhh@comartsa.com &#8211; Tel. 934741160 &#8211; <a href=\"http:\/\/www.comartsa.com\/\">http:\/\/www.comartsa.com\/<\/a> <\/td>\n        <\/tr>\n        <tr>\n            <th>OBJETIVOS\n\n<\/th><td><strong>CONSULTAS DE P\u00c1GINAS DA INTERNET:<\/strong> CONSULTAS DE P\u00c1GINAS DA INTERNET\n<strong>FATURA\u00c7\u00c3O A CLIENTES:<\/strong> FATURA\u00c7\u00c3O A CLIENTES<br\/><strong>RECE\u00c7\u00c3O DE CURR\u00cdCULOS: <\/strong>RECE\u00c7\u00c3O DE CURR\u00cdCULOS<br\/><strong>PROCESSAMENTO DE OR\u00c7AMENTOS: <\/strong>PROCESSAMENTO DE OR\u00c7AMENTO<br\/><strong>REGISTO DE VISITAS: <\/strong>REGISTO DE VISITAS <\/td> \n        <\/tr>\n        <tr>\n            <th>LEGITIMA\u00c7\u00c3O\n\n<\/th><td><strong>CONSULTAS DE P\u00c1GINAS DA INTERNET:<\/strong> Interesse leg\u00edtimo do Respons\u00e1vel pelo Tratamento de dados ou de terceiros\n<strong>FATURA\u00c7\u00c3O A CLIENTES: <\/strong>Exist\u00eancia de uma rela\u00e7\u00e3o contratual com o titular dos dados atrav\u00e9s de um contrato ou pr\u00e9-contrato; Interesse leg\u00edtimo do Respons\u00e1vel pelo Tratamento de dados ou de terceiros<br\/><strong>RECE\u00c7\u00c3O DE CURR\u00cdCULOS: <\/strong>Consentimento expl\u00edcito do titular dos dados; Interesse leg\u00edtimo do Respons\u00e1vel pelo Tratamento de dados ou de terceiros<br\/><strong>PROCESSAMENTO DE OR\u00c7AMENTOS: <\/strong>Interesse leg\u00edtimo do Respons\u00e1vel pelo Tratamento de dados ou de terceiros<br\/><strong>REGISTO DE VISITAS: <\/strong>Interesse leg\u00edtimo do Respons\u00e1vel pelo Tratamento de dados ou de terceiros <\/td> \n        <\/tr>\n        <tr>\n            <th>CONSERVA\u00c7\u00c3O\n\n\n<\/th><td><strong>CONSULTAS DE P\u00c1GINAS DA INTERNET:<\/strong> Desde que a sua elimina\u00e7\u00e3o n\u00e3o seja solicitada pelo titular dos dados.<br\/><strong>FATURA\u00c7\u00c3O A CLIENTES:<\/strong> Enquanto se mantiver a rela\u00e7\u00e3o comercial<br\/><strong>RECE\u00c7\u00c3O DE CURR\u00cdCULOS:<\/strong> Desde que a sua elimina\u00e7\u00e3o n\u00e3o seja solicitada pelo titular dos dados<br\/><strong>PROCESSAMENTO DE OR\u00c7AMENTOS:<\/strong> Desde que a sua elimina\u00e7\u00e3o n\u00e3o seja solicitada pelo titular dos dados<br\/><strong>REGISTO DE VISITAS:<\/strong> Desde que a sua elimina\u00e7\u00e3o n\u00e3o seja solicitada pelo titular dos dados<\/td> \n        <\/tr>\n        <tr>\n            <th>DESTINAT\u00c1RIOS\n<\/th><td>N\u00e3o cedemos os seus dados a terceiros<\/td>\n        <\/tr>\n        <tr>\n            <th>TRANSFER\u00caNCIAS INTERNACIONAIS\n<\/th><td>N\u00e3o realizamos transfer\u00eancias internacionais dos seus dados<\/td>\n        <\/tr>\n        <tr>\n            <th>ORIGEM\n\n<\/th><td><strong>CONSULTAS DE P\u00c1GINAS DA INTERNET:<\/strong> POTENCIAIS CLIENTES: O pr\u00f3prio titular dos dados ou o seu representante legal\n<strong>FATURA\u00c7\u00c3O A CLIENTES: CLIENTES: <\/strong>O pr\u00f3prio titular dos dados ou o seu representante legal<br\/><strong>RECE\u00c7\u00c3O DE CURR\u00cdCULOS: POTENCIAIS FUNCION\u00c1RIOS: <\/strong>O pr\u00f3prio titular dos dados ou o seu representante legal<br\/><strong>PROCESSAMENTO DE OR\u00c7AMENTOS: CLIENTES: <\/strong>O pr\u00f3prio titular dos dados ou o seu representante legal; POTENCIAIS CLIENTES: O pr\u00f3prio titular dos dados ou o seu representante legal<br\/><strong>REGISTO DE VISITAS: CLIENTES: <\/strong>O pr\u00f3prio titular dos dados ou o seu representante legal; FORNECEDORES: O pr\u00f3prio titular dos dados ou o seu representante legal; POTENCIAIS FUNCION\u00c1RIOS: O pr\u00f3prio titular dos dados ou o seu representante legal; POTENCIAIS CLIENTES: O pr\u00f3prio titular dos dados ou o seu representante legal <\/td> \n        <\/tr>\n        <tr>\n            <th>DIREITOS<\/th>\n            <td>O utilizador tem o direito de aceder aos seus dados, retific\u00e1-los, apag\u00e1-los, limitar ou opor-se ao seu tratamento, \u00e0 sua portabilidade, retirar o seu consentimento e a apresentar reclama\u00e7\u00f5es junto da Autoridade de Supervis\u00e3o (Ag\u00eancia Espanhola de Prote\u00e7\u00e3o de Dados). Mais informa\u00e7\u00f5es na nossa \u201cPol\u00edtica de Privacidade e de Prote\u00e7\u00e3o de dados\u201d. <\/td>\n        <\/tr>\n    <\/table>\n<\/figure>\n\n<h2 class=\"wp-block-heading\">INFORMA\u00c7\u00d5ES SOBRE A NOSSA POL\u00cdTICA DE PRIVACIDADE<\/h2>\n\n<h3 class=\"wp-block-heading\">1 &#8211; INFORMA\u00c7\u00d5ES GERAIS<\/h3>\n\n<p>A presente \u201cPol\u00edtica de Privacidade e de Prote\u00e7\u00e3o de dados\u201d tem como objetivo inform\u00e1-lo sobre as condi\u00e7\u00f5es que regem a recolha e o tratamento dos seus dados pessoais pela nossa empresa ou grupo empresarial, de modo a salvaguardar os seus direitos fundamentais, a sua honra e as suas liberdades, tudo isto em conformidade com os regulamentos em vigor sobre Prote\u00e7\u00e3o de Dados pessoais da Uni\u00e3o Europeia e do Estado-Membro espanhol.<\/p>\n\n<p>De acordo com estas normas, necessitamos da sua autoriza\u00e7\u00e3o e do seu consentimento para a recolha e o tratamento dos seus dados pessoais, motivo pelo qual lhe fornecemos, em seguida, todas as informa\u00e7\u00f5es do seu interesse sobre como realizamos estes tratamentos de dados na COMART S.A., para que finalidades, que outras entidades podem ter acesso aos seus dados e quais s\u00e3o os seus direitos.<\/p>\n\n<p>Por tudo o mencionado, depois de ter analisado e lido a nossa Pol\u00edtica de Prote\u00e7\u00e3o de dados, \u00e9 fundamental que a aceite como prova do seu acordo e consentimento.<\/p>\n\n<h3 class=\"wp-block-heading\"><strong>2.- RESPONS\u00c1VEL PELO TRATAMENTO DOS DADOS<\/strong><\/h3>\n\n<p><strong>Quem recolhe e trata os seus dados?<\/strong><\/p>\n\n<p>O Respons\u00e1vel pelo Tratamento de dados \u00e9 a pessoa singular ou coletiva, de natureza p\u00fablica ou privada, ou \u00f3rg\u00e3o administrativo que, individualmente ou em conjunto com outros, determina os objetivos e os meios de tratamento dos dados pessoais; no caso de os objetivos e os meios de tratamento serem determinados pela legisla\u00e7\u00e3o da Uni\u00e3o Europeia ou do Estado-Membro espanhol. <\/p>\n\n<p>Neste caso, os nossos dados de identifica\u00e7\u00e3o como Respons\u00e1vel pelo Tratamento s\u00e3o os seguintes:<\/p>\n\n<p><strong>COMART S.A &#8211; CIF A08186074<\/strong><\/p>\n\n<p><strong>Como nos pode contactar?<\/strong><\/p>\n\n<p>Endere\u00e7o dos nossos escrit\u00f3rios:<\/p>\n\n<p>Cr. Montmel\u00f3, 2-4 . 08170, MONTORNES DEL VALLES (Barcelona), Espa\u00f1a  <\/p>\n\n<p>Email: rrhh@comartsa.com &#8211; Tel\u00e9fono: 934741160 <\/p>\n\n<p>Domicilio postal: Cr. Montmel\u00f3, 2-4 . 08170, MONTORNES DEL VALLES (Barcelona), Espa\u00f1a  <\/p>\n\n<h3 class=\"wp-block-heading\">3.- MEDIDAS DE SEGURAN\u00c7A<\/h3>\n\n<p><strong>O que \u00e9 que fazemos para garantir a privacidade dos seus dados?<\/strong><\/p>\n\n<p>A nossa entidade ou grupo empresarial adopta as medidas organizativas e t\u00e9cnicas necess\u00e1rias para garantir a seguran\u00e7a e privacidade dos seus dados, para evitar a sua altera\u00e7\u00e3o, perda, tratamento ou acesso n\u00e3o autorizado, em fun\u00e7\u00e3o do estado da tecnologia, da natureza dos dados armazenados e dos riscos a que est\u00e3o expostos.<\/p>\n\n<p>Entre outras, destacam-se as seguintes medidas:<\/p>\n\n<ul class=\"wp-block-list\">\n<li>Garantir a confidencialidade, integridade, disponibilidade e resili\u00eancia permanentes dos sistemas e servi\u00e7os de tratamento.<\/li>\n\n\n\n<li>Restabelecer rapidamente a disponibilidade e o acesso aos dados pessoais em caso de incidente f\u00edsico ou t\u00e9cnico.<\/li>\n\n\n\n<li>Verificar, analisar e avaliar, de forma regular, a efic\u00e1cia das medidas t\u00e9cnicas e organizativas implementadas para garantir a seguran\u00e7a do tratamento.<\/li>\n<\/ul>\n\n<p>Realizar a pseudonimiza\u00e7\u00e3o e a criptografia dos dados pessoais no caso de dados sens\u00edveis.<\/p>\n\n<h3 class=\"wp-block-heading\">4.- OBJETIVO DO TRATAMENTO DOS DADOS<\/h3>\n\n<p><strong>Porque \u00e9 que queremos tratar os seus dados?<\/strong><\/p>\n\n<p>Precisamos da sua autoriza\u00e7\u00e3o e do seu consentimento para recolher e tratar os seus dados pessoais, pelo que, em seguida, apresentamos as utiliza\u00e7\u00f5es e objetivos pretendidos.<\/p>\n\n<p><strong>CONSULTAS DE P\u00c1GINAS DA INTERNET CONSULTAS DE P\u00c1GINAS DA INTERNET<\/strong><\/p>\n\n<p>FATURA\u00c7\u00c3O A CLIENTES FATURA\u00c7\u00c3O A CLIENTES<\/p>\n\n<p>RECE\u00c7\u00c3O DE CURR\u00cdCULOS RECE\u00c7\u00c3O DE CURR\u00cdCULOS<\/p>\n\n<p>PROCESSAMENTO DE OR\u00c7AMENTOS PROCESSAMENTO DE OR\u00c7AMENTO<\/p>\n\n<p>REGISTO DE VISITAS REGISTO DE VISITAS<\/p>\n\n<p><strong>Durante quanto tempo mantemos os seus dados?<\/strong><\/p>\n\n<p>Utilizamos os seus dados durante o tempo estritamente necess\u00e1rio para cumprir os objetivos anteriormente indicados. Salvo obriga\u00e7\u00e3o ou requisito legal, os per\u00edodos de manuten\u00e7\u00e3o s\u00e3o os seguintes: <\/p>\n\n<p>CONSULTAS DE P\u00c1GINAS DA INTERNET: Desde que a sua elimina\u00e7\u00e3o n\u00e3o seja solicitada pelo titular dos dados<\/p>\n\n<p>FATURA\u00c7\u00c3O A CLIENTES: Enquanto se mantiver a rela\u00e7\u00e3o comercial<\/p>\n\n<p>RECE\u00c7\u00c3O DE CURR\u00cdCULOS: Desde que a sua elimina\u00e7\u00e3o n\u00e3o seja solicitada pelo titular dos dados<\/p>\n\n<p>PROCESSAMENTO DE OR\u00c7AMENTOS Desde que a sua elimina\u00e7\u00e3o n\u00e3o seja solicitada pelo titular dos dados<\/p>\n\n<p>REGISTO DE VISITAS: Desde que a sua elimina\u00e7\u00e3o n\u00e3o seja solicitada pelo titular dos dados<\/p>\n\n<h3 class=\"wp-block-heading\">5.- LEGITIMA\u00c7\u00c3O DO TRATAMENTO DOS DADOS<\/h3>\n\n<p><strong>Porque \u00e9 que tratamos os seus dados?<\/strong><\/p>\n\n<p>A recolha e o tratamento dos seus dados s\u00e3o sempre legitimados por uma ou mais bases jur\u00eddicas, que s\u00e3o detalhadas em seguida:<\/p>\n\n<p>CONSULTAS DE P\u00c1GINAS DA INTERNET: Interesse leg\u00edtimo do Respons\u00e1vel pelo Tratamento de dados ou de terceiros<\/p>\n\n<p>FATURA\u00c7\u00c3O A CLIENTES: Exist\u00eancia de uma rela\u00e7\u00e3o contratual com o titular dos dados atrav\u00e9s de um contrato ou pr\u00e9-contrato; Interesse leg\u00edtimo do Respons\u00e1vel pelo Tratamento de dados ou de terceiros<\/p>\n\n<p>RECE\u00c7\u00c3O DE CURR\u00cdCULOS: Consentimento expl\u00edcito do titular dos dados; Interesse leg\u00edtimo do Respons\u00e1vel pelo Tratamento de dados ou de terceiros<\/p>\n\n<p>PROCESSAMENTO DE OR\u00c7AMENTOS: Interesse leg\u00edtimo do Respons\u00e1vel pelo Tratamento de dados ou de terceiros<\/p>\n\n<p>REGISTO DE VISITAS: Interesse leg\u00edtimo do Respons\u00e1vel pelo Tratamento de dados ou de terceiros<\/p>\n\n<h3 class=\"wp-block-heading\">6.- DESTINAT\u00c1RIOS DOS SEUS DADOS<\/h3>\n\n<p><strong>A quem cedemos os seus dados na Uni\u00e3o Europeia?<\/strong><\/p>\n\n<p>N\u00e3o cedemos os seus dados a terceiros nem a entidades, exceto se formos legalmente obrigados a faz\u00ea-lo.<\/p>\n\n<p><strong>Realizamos transfer\u00eancias internacionais dos seus dados para fora da Uni\u00e3o Europeia?<\/strong><\/p>\n\n<p>N\u00e3o realizamos transfer\u00eancias internacionais dos seus dados<\/p>\n\n<h3 class=\"wp-block-heading\">7.- ORIGEM E TIPOS DE DADOS TRATADOS<\/h3>\n\n<p><strong>De onde obtivemos os seus dados?<\/strong><\/p>\n\n<p>CONSULTAS DE P\u00c1GINAS DA INTERNET<\/p>\n\n<p>POTENCIAIS CLIENTES: O pr\u00f3prio titular dos dados ou o seu representante legal<\/p>\n\n<p>FATURA\u00c7\u00c3O AOS CLIENTES<\/p>\n\n<p>CLIENTES: O pr\u00f3prio titular dos dados ou o seu representante legal<\/p>\n\n<p>RECE\u00c7\u00c3O DE CURR\u00cdCULOS<\/p>\n\n<p>POTENCIAIS FUNCION\u00c1RIOS: O pr\u00f3prio titular dos dados ou o seu representante legal<\/p>\n\n<p>PROCESSAMENTO DE OR\u00c7AMENTOS<\/p>\n\n<p>CLIENTES: O pr\u00f3prio titular dos dados ou o seu representante legal<\/p>\n\n<p>POTENCIAIS CLIENTES: O pr\u00f3prio titular dos dados ou o seu representante legal<\/p>\n\n<p>REGISTO DE VISITAS<\/p>\n\n<p>CLIENTES: O pr\u00f3prio titular dos dados ou o seu representante legal<\/p>\n\n<p>FORNECEDORES: O pr\u00f3prio titular dos dados ou o seu representante legal<\/p>\n\n<p>POTENCIAIS FUNCION\u00c1RIOS: O pr\u00f3prio titular dos dados ou o seu representante legal<\/p>\n\n<p>POTENCIAIS CLIENTES: O pr\u00f3prio titular dos dados ou o seu representante legal<\/p>\n\n<p><strong>Que tipos de dados pessoais recolhemos e tratamos?<\/strong><\/p>\n\n<p>CONSULTAS DE P\u00c1GINAS DA INTERNET<\/p>\n\n<p>POTENCIAIS CLIENTES<\/p>\n\n<p>Dados de identifica\u00e7\u00e3o (endere\u00e7o de correio eletr\u00f3nico; nome e apelidos)<\/p>\n\n<p>FATURA\u00c7\u00c3O AOS CLIENTES<\/p>\n\n<p>CLIENTES<\/p>\n\n<p>Dados de identifica\u00e7\u00e3o (endere\u00e7o de correio eletr\u00f3nico; endere\u00e7o postal; assinatura manuscrita; NIF \/ NIE \/ Passaporte; nome e apelidos)<\/p>\n\n<p>Dados econ\u00f3micos, financeiros e de seguros (Dados banc\u00e1rios)<\/p>\n\n<p>RECE\u00c7\u00c3O DE CURR\u00cdCULOS<\/p>\n\n<p>POTENCIAIS FUNCION\u00c1RIOS<\/p>\n\n<p>Dados de identifica\u00e7\u00e3o (endere\u00e7o de correio eletr\u00f3nico; n\u00famero de telefone; endere\u00e7o postal; assinatura manuscrita; fotografia; NIF \/ NIE \/ Passaporte; nome e apelidos)<\/p>\n\n<p>Dados acad\u00e9micos e profissionais (Habilita\u00e7\u00f5es; Curriculum Vitae; Hist\u00f3rico do estudante)<\/p>\n\n<p>Carater\u00edsticas pessoais (Data de nascimento)<\/p>\n\n<p>Dados profissionais (Fun\u00e7\u00f5es; Hist\u00f3rico profissional; Profiss\u00e3o)<\/p>\n\n<p>PROCESSAMENTO DE OR\u00c7AMENTOS<\/p>\n\n<p>CLIENTES<\/p>\n\n<p>Dados de identifica\u00e7\u00e3o (endere\u00e7o de correio eletr\u00f3nico; endere\u00e7o postal; nome e apelidos; NIF \/ NIE \/ Passaporte)<\/p>\n\n<p>POTENCIAIS CLIENTES<\/p>\n\n<p>Dados de identifica\u00e7\u00e3o (endere\u00e7o de correio eletr\u00f3nico; endere\u00e7o postal; nome e apelidos)<\/p>\n\n<p>REGISTO DE VISITAS<\/p>\n\n<p>CLIENTES<\/p>\n\n<p>Dados de identifica\u00e7\u00e3o (NIF \/ NIE \/ Passaporte; nome e apelidos; assinatura manuscrita)<\/p>\n\n<p>FORNECEDORES<\/p>\n\n<p>Dados de identifica\u00e7\u00e3o (assinatura manuscrita; NIF \/ NIE \/ Passaporte; nome e apelidos)<\/p>\n\n<p><\/p>\n\n<p>POTENCIAIS FUNCION\u00c1RIOS<\/p>\n\n<p>Dados de identifica\u00e7\u00e3o (assinatura manuscrita; NIF \/ NIE \/ Passaporte; nome e apelidos)<\/p>\n\n<p>POTENCIAIS CLIENTES<\/p>\n\n<p>Dados de identifica\u00e7\u00e3o (nome e apelidos; NIF \/ NIE \/ Passaporte; assinatura manuscrita)<\/p>\n\n<h3 class=\"wp-block-heading\">8.- DIREITOS DOS TITULARES DOS DADOS<\/h3>\n\n<p><strong>Quais s\u00e3o os seus direitos?<\/strong><\/p>\n\n<p>Os regulamentos de prote\u00e7\u00e3o de dados em vigor protegem-no atrav\u00e9s de v\u00e1rios direitos em rela\u00e7\u00e3o \u00e0 utiliza\u00e7\u00e3o que realizamos dos seus dados.<\/p>\n\n<p>Todos e cada um dos seus direitos s\u00e3o unipessoais e intransmiss\u00edveis, ou seja, apenas podem ser exercidos pelo titular dos dados, sob reserva de verifica\u00e7\u00e3o pr\u00e9via da sua identidade.<\/p>\n\n<p>Em seguida, indicamos-lhe os seus direitos:<\/p>\n\n<ul class=\"wp-block-list\">\n<li>Pedir o ACESSO aos seus dados pessoais<\/li>\n\n\n\n<li>Pedir a RETIFICA\u00c7\u00c3O dos seus dados<\/li>\n\n\n\n<li>Pedir a ELIMINA\u00c7\u00c3O ou o apagamento dos seus dados (direito a ser \u201cesquecido\u201d)<\/li>\n\n\n\n<li>LIMITAR ou OPOSI\u00c7\u00c3O \u00e0 utiliza\u00e7\u00e3o que fazemos dos seus dados<\/li>\n\n\n\n<li>Direito \u00e0 PORTABILIDADE dos seus dados para servi\u00e7os de telecomunica\u00e7\u00f5es ou de Internet.<\/li>\n\n\n\n<li>Direito de RETIRAR o seu consentimento em qualquer momento<\/li>\n\n\n\n<li>Direito de apresentar uma RECLAMA\u00c7\u00c3O em mat\u00e9ria de prote\u00e7\u00e3o de dados na Autoridade de Controlo: Ag\u00eancia Espanhola de Prote\u00e7\u00e3o de Dados<\/li>\n<\/ul>\n\n<p><strong>Como pode exercer os seus direitos em rela\u00e7\u00e3o aos seus dados?<\/strong><\/p>\n\n<p>Para exercer os seus direitos de acesso, retifica\u00e7\u00e3o, elimina\u00e7\u00e3o, limita\u00e7\u00e3o ou oposi\u00e7\u00e3o, portabilidade e de retirar o seu consentimento, pode faz\u00ea-lo da seguinte forma:<\/p>\n\n<p>CONSULTAS DE P\u00c1GINAS DA INTERNET<\/p>\n\n<ul class=\"wp-block-list\">\n<li>Respons\u00e1vel: COMART S.A<\/li>\n\n\n\n<li>Dire\u00e7\u00e3o: Cr. Montmel\u00f3, 2-4 . 08170, MONTORNES DEL VALLES (Barcelona), Espanha  <\/li>\n\n\n\n<li>Telefone: 934741160<\/li>\n\n\n\n<li>E-mail: rrhh@comartsa.com<\/li>\n\n\n\n<li>P\u00e1gina da Internet: http:\/\/www.comartsa.com\/<\/li>\n<\/ul>\n\n<p>FATURA\u00c7\u00c3O AOS CLIENTES<\/p>\n\n<ul class=\"wp-block-list\">\n<li>Respons\u00e1vel: COMART S.A<\/li>\n\n\n\n<li>Dire\u00e7\u00e3o: Cr. Montmel\u00f3, 2-4 . 08170, MONTORNES DEL VALLES (Barcelona), Espanha  <\/li>\n\n\n\n<li>Telefone: 934741160<\/li>\n\n\n\n<li>E-mail: rrhh@comartsa.com<\/li>\n\n\n\n<li>P\u00e1gina da Internet: http:\/\/www.comartsa.com\/<\/li>\n<\/ul>\n\n<p>RECE\u00c7\u00c3O DE CURR\u00cdCULOS<\/p>\n\n<ul class=\"wp-block-list\">\n<li>Respons\u00e1vel: COMART S.A<\/li>\n\n\n\n<li>Dire\u00e7\u00e3o: Cr. Montmel\u00f3, 2-4 . 08170, MONTORNES DEL VALLES (Barcelona), Espanha  <\/li>\n\n\n\n<li>Telefone: 934741160<\/li>\n\n\n\n<li>E-mail: rrhh@comartsa.com<\/li>\n\n\n\n<li>P\u00e1gina da Internet: http:\/\/www.comartsa.com\/<\/li>\n<\/ul>\n\n<p>PROCESSAMENTO DE OR\u00c7AMENTOS<\/p>\n\n<ul class=\"wp-block-list\">\n<li>Respons\u00e1vel: COMART S.A<\/li>\n\n\n\n<li>Dire\u00e7\u00e3o: Cr. Montmel\u00f3, 2-4 . 08170, MONTORNES DEL VALLES (Barcelona), Espanha  <\/li>\n\n\n\n<li>Telefone: 934741160<\/li>\n\n\n\n<li>E-mail: rrhh@comartsa.com<\/li>\n\n\n\n<li>P\u00e1gina da Internet: http:\/\/www.comartsa.com\/<\/li>\n<\/ul>\n\n<p>REGISTO DE VISITAS<\/p>\n\n<ul class=\"wp-block-list\">\n<li>Respons\u00e1vel: COMART S.A<\/li>\n\n\n\n<li>Dire\u00e7\u00e3o: Cr. Montmel\u00f3, 2-4 . 08170, MONTORNES DEL VALLES (Barcelona), Espanha  <\/li>\n\n\n\n<li>Telefone: 934741160<\/li>\n\n\n\n<li>E-mail: rrhh@comartsa.com<\/li>\n\n\n\n<li>P\u00e1gina da Internet: http:\/\/www.comartsa.com\/<\/li>\n<\/ul>\n\n<p><strong>Como pode apresentar uma reclama\u00e7\u00e3o?<\/strong><\/p>\n\n<p>Para al\u00e9m dos seus direitos, se considerar que os seus dados n\u00e3o est\u00e3o a ser recolhidos ou tratados de acordo com a legisla\u00e7\u00e3o em vigor em mat\u00e9ria de Prote\u00e7\u00e3o de dados, pode apresentar uma reclama\u00e7\u00e3o \u00e0 Autoridade de Controlo, cujos dados de contacto s\u00e3o indicados em seguida:<\/p>\n\n<p>Agencia Espa\u00f1ola de Protecci\u00f3n de Datos<\/p>\n\n<p>C\/. Jorge Juan, 6. 28001, Madrid (Madrid), Espa\u00f1a  <\/p>\n\n<p>Email: info@aepd.es &#8211; Tel\u00e9fono: 912663517<\/p>\n\n<p>Web: https:\/\/www.aepd.es<\/p>\n\n<h3 class=\"wp-block-heading\">9.- CONSENTIMENTO E ACEITA\u00c7\u00c3O<\/h3>\n\n<p>A aceita\u00e7\u00e3o do presente documento indica que o utilizador compreende e aceita todas as cl\u00e1usulas da nossa pol\u00edtica de privacidade e que, por conseguinte, autoriza a recolha e o tratamento dos seus dados pessoais ao abrigo destes termos. Esta aceita\u00e7\u00e3o \u00e9 realizada atrav\u00e9s da ativa\u00e7\u00e3o da caixa de verifica\u00e7\u00e3o \u201cLer e Aceitar\u201d da nossa Pol\u00edtica de Privacidade. <\/p>\n","protected":false},"excerpt":{"rendered":"<p>RESPONS\u00c1VEL COMART S.A \u2013 CIF A08186074 CONTACTO Cr. Montmel\u00f3, 2-4 &#8211; MONTORNES DEL VALLES (Barcelona)rrhh@comartsa.com &#8211; Tel. 934741160 &#8211; http:\/\/www.comartsa.com\/ OBJETIVOS CONSULTAS DE P\u00c1GINAS DA INTERNET: CONSULTAS DE P\u00c1GINAS DA INTERNET FATURA\u00c7\u00c3O A CLIENTES: FATURA\u00c7\u00c3O A CLIENTESRECE\u00c7\u00c3O DE CURR\u00cdCULOS: RECE\u00c7\u00c3O DE CURR\u00cdCULOSPROCESSAMENTO DE OR\u00c7AMENTOS: PROCESSAMENTO DE OR\u00c7AMENTOREGISTO DE VISITAS: REGISTO DE VISITAS LEGITIMA\u00c7\u00c3O CONSULTAS DE [&hellip;]<\/p>\n","protected":false},"author":1,"featured_media":0,"parent":0,"menu_order":0,"comment_status":"closed","ping_status":"closed","template":"","meta":{"_acf_changed":false,"footnotes":""},"class_list":["post-2398","page","type-page","status-publish","hentry"],"acf":[],"_links":{"self":[{"href":"https:\/\/www.comartsa.com\/pt-pt\/wp-json\/wp\/v2\/pages\/2398","targetHints":{"allow":["GET"]}}],"collection":[{"href":"https:\/\/www.comartsa.com\/pt-pt\/wp-json\/wp\/v2\/pages"}],"about":[{"href":"https:\/\/www.comartsa.com\/pt-pt\/wp-json\/wp\/v2\/types\/page"}],"author":[{"embeddable":true,"href":"https:\/\/www.comartsa.com\/pt-pt\/wp-json\/wp\/v2\/users\/1"}],"replies":[{"embeddable":true,"href":"https:\/\/www.comartsa.com\/pt-pt\/wp-json\/wp\/v2\/comments?post=2398"}],"version-history":[{"count":1,"href":"https:\/\/www.comartsa.com\/pt-pt\/wp-json\/wp\/v2\/pages\/2398\/revisions"}],"predecessor-version":[{"id":2399,"href":"https:\/\/www.comartsa.com\/pt-pt\/wp-json\/wp\/v2\/pages\/2398\/revisions\/2399"}],"wp:attachment":[{"href":"https:\/\/www.comartsa.com\/pt-pt\/wp-json\/wp\/v2\/media?parent=2398"}],"curies":[{"name":"wp","href":"https:\/\/api.w.org\/{rel}","templated":true}]}}