{"id":3080,"date":"2025-06-30T13:51:04","date_gmt":"2025-06-30T13:51:04","guid":{"rendered":"https:\/\/www.comartsa.com\/?post_type=product&#038;p=3080"},"modified":"2025-07-04T10:47:53","modified_gmt":"2025-07-04T10:47:53","slug":"papier-couche-brillance-2-faces-couche-2-faces-brillance-copia","status":"publish","type":"product","link":"https:\/\/www.comartsa.com\/fr\/producto\/papier-couche-brillance-2-faces-couche-2-faces-brillance-copia\/","title":{"rendered":"PAPIER COUCH\u00c9 BRILLANCE 2 FACES (COUCH\u00c9 2 FACES BRILLANCE) (copia)"},"content":{"rendered":"","protected":false},"excerpt":{"rendered":"<p>Con\u00e7u pour toute application graphique.<\/p>\n","protected":false},"featured_media":0,"template":"","meta":{"_acf_changed":false},"resistencia":[],"sector":[],"product_brand":[],"product_cat":[158,159],"product_tag":[],"class_list":{"0":"post-3080","1":"product","2":"type-product","3":"status-publish","5":"product_cat-papier","6":"product_cat-couche-2-faces-brillance","8":"first","9":"instock","10":"product-type-simple"},"acf":[],"_links":{"self":[{"href":"https:\/\/www.comartsa.com\/fr\/wp-json\/wp\/v2\/product\/3080","targetHints":{"allow":["GET"]}}],"collection":[{"href":"https:\/\/www.comartsa.com\/fr\/wp-json\/wp\/v2\/product"}],"about":[{"href":"https:\/\/www.comartsa.com\/fr\/wp-json\/wp\/v2\/types\/product"}],"wp:attachment":[{"href":"https:\/\/www.comartsa.com\/fr\/wp-json\/wp\/v2\/media?parent=3080"}],"wp:term":[{"taxonomy":"resistencia","embeddable":true,"href":"https:\/\/www.comartsa.com\/fr\/wp-json\/wp\/v2\/resistencia?post=3080"},{"taxonomy":"sector","embeddable":true,"href":"https:\/\/www.comartsa.com\/fr\/wp-json\/wp\/v2\/sector?post=3080"},{"taxonomy":"product_brand","embeddable":true,"href":"https:\/\/www.comartsa.com\/fr\/wp-json\/wp\/v2\/product_brand?post=3080"},{"taxonomy":"product_cat","embeddable":true,"href":"https:\/\/www.comartsa.com\/fr\/wp-json\/wp\/v2\/product_cat?post=3080"},{"taxonomy":"product_tag","embeddable":true,"href":"https:\/\/www.comartsa.com\/fr\/wp-json\/wp\/v2\/product_tag?post=3080"}],"curies":[{"name":"wp","href":"https:\/\/api.w.org\/{rel}","templated":true}]}}