{"id":2213,"date":"2025-02-12T12:24:02","date_gmt":"2025-02-12T12:24:02","guid":{"rendered":"https:\/\/www.comartsa.com\/producto\/carton-couche-une-face-libre-couche-1-face\/"},"modified":"2025-04-02T13:12:58","modified_gmt":"2025-04-02T13:12:58","slug":"carton-couche-une-face-libre-couche-1-face","status":"publish","type":"product","link":"https:\/\/www.comartsa.com\/fr\/producto\/carton-couche-une-face-libre-couche-1-face\/","title":{"rendered":"CARTON COUCH\u00c9 UNE FACE LIBRE (COUCH\u00c9 1 FACE)"},"content":{"rendered":"","protected":false},"excerpt":{"rendered":"<p>Carton graphique double couche, couch\u00e9 une face, avec une finition semi-mate.<br \/>\nExcellente imprimabilit\u00e9 avec de bonnes performances de pliage et de rainurage.<br \/>\nCon\u00e7u pour les couvertures de livres, brochures, dossiers, cartes postales, emballages, etc.<br \/>\nSyst\u00e8mes d&rsquo;impression : num\u00e9rique, flexographie, offset, HP Indigo<\/p>\n","protected":false},"featured_media":0,"template":"","meta":{"_acf_changed":false},"resistencia":[],"sector":[186,196,193],"product_brand":[],"product_cat":[140,141],"product_tag":[],"class_list":{"0":"post-2213","1":"product","2":"type-product","3":"status-publish","5":"sector-editorial-fr","6":"sector-emballage-generique","7":"sector-graphique","8":"product_cat-carton-pate-chimique-sbs","9":"product_cat-couche-1-face","11":"first","12":"instock","13":"product-type-simple"},"acf":[],"_links":{"self":[{"href":"https:\/\/www.comartsa.com\/fr\/wp-json\/wp\/v2\/product\/2213","targetHints":{"allow":["GET"]}}],"collection":[{"href":"https:\/\/www.comartsa.com\/fr\/wp-json\/wp\/v2\/product"}],"about":[{"href":"https:\/\/www.comartsa.com\/fr\/wp-json\/wp\/v2\/types\/product"}],"wp:attachment":[{"href":"https:\/\/www.comartsa.com\/fr\/wp-json\/wp\/v2\/media?parent=2213"}],"wp:term":[{"taxonomy":"resistencia","embeddable":true,"href":"https:\/\/www.comartsa.com\/fr\/wp-json\/wp\/v2\/resistencia?post=2213"},{"taxonomy":"sector","embeddable":true,"href":"https:\/\/www.comartsa.com\/fr\/wp-json\/wp\/v2\/sector?post=2213"},{"taxonomy":"product_brand","embeddable":true,"href":"https:\/\/www.comartsa.com\/fr\/wp-json\/wp\/v2\/product_brand?post=2213"},{"taxonomy":"product_cat","embeddable":true,"href":"https:\/\/www.comartsa.com\/fr\/wp-json\/wp\/v2\/product_cat?post=2213"},{"taxonomy":"product_tag","embeddable":true,"href":"https:\/\/www.comartsa.com\/fr\/wp-json\/wp\/v2\/product_tag?post=2213"}],"curies":[{"name":"wp","href":"https:\/\/api.w.org\/{rel}","templated":true}]}}