{"id":2210,"date":"2025-02-12T12:24:02","date_gmt":"2025-02-12T12:24:02","guid":{"rendered":"https:\/\/www.comartsa.com\/producto\/tp-white-plus-cg1\/"},"modified":"2025-04-02T12:57:56","modified_gmt":"2025-04-02T12:57:56","slug":"tp-white-plus-cg1","status":"publish","type":"product","link":"https:\/\/www.comartsa.com\/fr\/producto\/tp-white-plus-cg1\/","title":{"rendered":"TP WHITE PLUS (CG1)"},"content":{"rendered":"","protected":false},"excerpt":{"rendered":"<p>Carton double couche avec des couches de cellulose blanchie et une couche interm\u00e9diaire de p\u00e2te blanchie haute performance. Ce carton allie une excellente pr\u00e9sentation et blancheur \u00e0 une bonne rigidit\u00e9. Con\u00e7u pour l&#8217;emballage et le mat\u00e9riel promotionnel.  <\/p>\n","protected":false},"featured_media":0,"template":"","meta":{"_acf_changed":false},"resistencia":[314,312],"sector":[183,185,186,194,195,189],"product_brand":[],"product_cat":[149,150],"product_tag":[],"class_list":{"0":"post-2210","1":"product","2":"type-product","3":"status-publish","5":"resistencia-hard-sized","6":"resistencia-microondas","7":"sector-alimentation","8":"sector-cosmetique-fr","9":"sector-editorial-fr","10":"sector-hygiene-fr","11":"sector-nettoyage","12":"sector-pharmacie","13":"product_cat-foldings-fr","14":"product_cat-gc1-fr","16":"first","17":"instock","18":"product-type-simple"},"acf":[],"_links":{"self":[{"href":"https:\/\/www.comartsa.com\/fr\/wp-json\/wp\/v2\/product\/2210","targetHints":{"allow":["GET"]}}],"collection":[{"href":"https:\/\/www.comartsa.com\/fr\/wp-json\/wp\/v2\/product"}],"about":[{"href":"https:\/\/www.comartsa.com\/fr\/wp-json\/wp\/v2\/types\/product"}],"wp:attachment":[{"href":"https:\/\/www.comartsa.com\/fr\/wp-json\/wp\/v2\/media?parent=2210"}],"wp:term":[{"taxonomy":"resistencia","embeddable":true,"href":"https:\/\/www.comartsa.com\/fr\/wp-json\/wp\/v2\/resistencia?post=2210"},{"taxonomy":"sector","embeddable":true,"href":"https:\/\/www.comartsa.com\/fr\/wp-json\/wp\/v2\/sector?post=2210"},{"taxonomy":"product_brand","embeddable":true,"href":"https:\/\/www.comartsa.com\/fr\/wp-json\/wp\/v2\/product_brand?post=2210"},{"taxonomy":"product_cat","embeddable":true,"href":"https:\/\/www.comartsa.com\/fr\/wp-json\/wp\/v2\/product_cat?post=2210"},{"taxonomy":"product_tag","embeddable":true,"href":"https:\/\/www.comartsa.com\/fr\/wp-json\/wp\/v2\/product_tag?post=2210"}],"curies":[{"name":"wp","href":"https:\/\/api.w.org\/{rel}","templated":true}]}}