{"id":2207,"date":"2025-02-12T12:24:08","date_gmt":"2025-02-12T12:24:08","guid":{"rendered":"https:\/\/www.comartsa.com\/producto\/papier-couche-mat-2-faces-couche-2-faces-mat\/"},"modified":"2025-04-02T13:21:41","modified_gmt":"2025-04-02T13:21:41","slug":"papier-couche-mat-2-faces-couche-2-faces-mat","status":"publish","type":"product","link":"https:\/\/www.comartsa.com\/fr\/producto\/papier-couche-mat-2-faces-couche-2-faces-mat\/","title":{"rendered":"PAPIER COUCH\u00c9 MAT 2 FACES (COUCH\u00c9 2 FACES MAT)"},"content":{"rendered":"","protected":false},"excerpt":{"rendered":"<p>Con\u00e7u pour toute application graphique.<\/p>\n","protected":false},"featured_media":0,"template":"","meta":{"_acf_changed":false},"resistencia":[],"sector":[186,188,193],"product_brand":[],"product_cat":[158,160],"product_tag":[],"class_list":{"0":"post-2207","1":"product","2":"type-product","3":"status-publish","5":"sector-editorial-fr","6":"sector-etiquettes-emballages","7":"sector-graphique","8":"product_cat-papier","9":"product_cat-couche-2-faces-mat","11":"first","12":"instock","13":"product-type-simple"},"acf":[],"_links":{"self":[{"href":"https:\/\/www.comartsa.com\/fr\/wp-json\/wp\/v2\/product\/2207","targetHints":{"allow":["GET"]}}],"collection":[{"href":"https:\/\/www.comartsa.com\/fr\/wp-json\/wp\/v2\/product"}],"about":[{"href":"https:\/\/www.comartsa.com\/fr\/wp-json\/wp\/v2\/types\/product"}],"wp:attachment":[{"href":"https:\/\/www.comartsa.com\/fr\/wp-json\/wp\/v2\/media?parent=2207"}],"wp:term":[{"taxonomy":"resistencia","embeddable":true,"href":"https:\/\/www.comartsa.com\/fr\/wp-json\/wp\/v2\/resistencia?post=2207"},{"taxonomy":"sector","embeddable":true,"href":"https:\/\/www.comartsa.com\/fr\/wp-json\/wp\/v2\/sector?post=2207"},{"taxonomy":"product_brand","embeddable":true,"href":"https:\/\/www.comartsa.com\/fr\/wp-json\/wp\/v2\/product_brand?post=2207"},{"taxonomy":"product_cat","embeddable":true,"href":"https:\/\/www.comartsa.com\/fr\/wp-json\/wp\/v2\/product_cat?post=2207"},{"taxonomy":"product_tag","embeddable":true,"href":"https:\/\/www.comartsa.com\/fr\/wp-json\/wp\/v2\/product_tag?post=2207"}],"curies":[{"name":"wp","href":"https:\/\/api.w.org\/{rel}","templated":true}]}}