{"id":2206,"date":"2025-02-12T12:24:02","date_gmt":"2025-02-12T12:24:02","guid":{"rendered":"https:\/\/www.comartsa.com\/producto\/metsaboard-prime-wkl-kraft-liner-couche-1-face\/"},"modified":"2025-04-02T13:17:14","modified_gmt":"2025-04-02T13:17:14","slug":"metsaboard-prime-wkl-kraft-liner-couche-1-face","status":"publish","type":"product","link":"https:\/\/www.comartsa.com\/fr\/producto\/metsaboard-prime-wkl-kraft-liner-couche-1-face\/","title":{"rendered":"METS\u00c4BOARD PRIME WKL (KRAFT LINER COUCH\u00c9 1 FACE)"},"content":{"rendered":"","protected":false},"excerpt":{"rendered":"<p>Kraftliner avec une double couche de rev\u00eatement sur la surface sup\u00e9rieure. Il est sp\u00e9cialement d\u00e9velopp\u00e9 pour l&rsquo;impression d&rsquo;images en demi-teintes et en couleur avec luminosit\u00e9 et densit\u00e9 de couleur. Sa surface lisse permet d&rsquo;obtenir des images imprim\u00e9es plus d\u00e9taill\u00e9es et uniformes. M\u00e9thodes d&rsquo;impression : Impression offset \u00e0 feuilles, pr\u00e9-impression flexographique.   <\/p>\n","protected":false},"featured_media":0,"template":"","meta":{"_acf_changed":false},"resistencia":[],"sector":[183,196,198],"product_brand":[],"product_cat":[153,155],"product_tag":[],"class_list":{"0":"post-2206","1":"product","2":"type-product","3":"status-publish","5":"sector-alimentation","6":"sector-emballage-generique","7":"sector-produits-electroniques","8":"product_cat-krafliner-fr","9":"product_cat-kraft-liner-couche-1-face","11":"first","12":"instock","13":"product-type-simple"},"acf":[],"_links":{"self":[{"href":"https:\/\/www.comartsa.com\/fr\/wp-json\/wp\/v2\/product\/2206","targetHints":{"allow":["GET"]}}],"collection":[{"href":"https:\/\/www.comartsa.com\/fr\/wp-json\/wp\/v2\/product"}],"about":[{"href":"https:\/\/www.comartsa.com\/fr\/wp-json\/wp\/v2\/types\/product"}],"wp:attachment":[{"href":"https:\/\/www.comartsa.com\/fr\/wp-json\/wp\/v2\/media?parent=2206"}],"wp:term":[{"taxonomy":"resistencia","embeddable":true,"href":"https:\/\/www.comartsa.com\/fr\/wp-json\/wp\/v2\/resistencia?post=2206"},{"taxonomy":"sector","embeddable":true,"href":"https:\/\/www.comartsa.com\/fr\/wp-json\/wp\/v2\/sector?post=2206"},{"taxonomy":"product_brand","embeddable":true,"href":"https:\/\/www.comartsa.com\/fr\/wp-json\/wp\/v2\/product_brand?post=2206"},{"taxonomy":"product_cat","embeddable":true,"href":"https:\/\/www.comartsa.com\/fr\/wp-json\/wp\/v2\/product_cat?post=2206"},{"taxonomy":"product_tag","embeddable":true,"href":"https:\/\/www.comartsa.com\/fr\/wp-json\/wp\/v2\/product_tag?post=2206"}],"curies":[{"name":"wp","href":"https:\/\/api.w.org\/{rel}","templated":true}]}}