{"id":2205,"date":"2025-02-12T12:24:02","date_gmt":"2025-02-12T12:24:02","guid":{"rendered":"https:\/\/www.comartsa.com\/producto\/carton-verso-gris-gd2\/"},"modified":"2025-04-02T13:07:38","modified_gmt":"2025-04-02T13:07:38","slug":"carton-verso-gris-gd2","status":"publish","type":"product","link":"https:\/\/www.comartsa.com\/fr\/producto\/carton-verso-gris-gd2\/","title":{"rendered":"CARTON VERSO GRIS (GD2)"},"content":{"rendered":"","protected":false},"excerpt":{"rendered":"<p>Carton recycl\u00e9 double couche. Con\u00e7u pour les pr\u00e9sentoirs de d\u00e9tergents, produits de nettoyage, produits d&rsquo;hygi\u00e8ne personnelle, pr\u00e9sentoirs, etc. <\/p>\n","protected":false},"featured_media":0,"template":"","meta":{"_acf_changed":false},"resistencia":[],"sector":[183,196,193,194,195,190,189],"product_brand":[],"product_cat":[145,146],"product_tag":[],"class_list":{"0":"post-2205","1":"product","2":"type-product","3":"status-publish","5":"sector-alimentation","6":"sector-emballage-generique","7":"sector-graphique","8":"sector-hygiene-fr","9":"sector-nettoyage","10":"sector-parapharmacie","11":"sector-pharmacie","12":"product_cat-carton-recycle-wlc","13":"product_cat-verso-gris-gd2","15":"first","16":"instock","17":"product-type-simple"},"acf":[],"_links":{"self":[{"href":"https:\/\/www.comartsa.com\/fr\/wp-json\/wp\/v2\/product\/2205","targetHints":{"allow":["GET"]}}],"collection":[{"href":"https:\/\/www.comartsa.com\/fr\/wp-json\/wp\/v2\/product"}],"about":[{"href":"https:\/\/www.comartsa.com\/fr\/wp-json\/wp\/v2\/types\/product"}],"wp:attachment":[{"href":"https:\/\/www.comartsa.com\/fr\/wp-json\/wp\/v2\/media?parent=2205"}],"wp:term":[{"taxonomy":"resistencia","embeddable":true,"href":"https:\/\/www.comartsa.com\/fr\/wp-json\/wp\/v2\/resistencia?post=2205"},{"taxonomy":"sector","embeddable":true,"href":"https:\/\/www.comartsa.com\/fr\/wp-json\/wp\/v2\/sector?post=2205"},{"taxonomy":"product_brand","embeddable":true,"href":"https:\/\/www.comartsa.com\/fr\/wp-json\/wp\/v2\/product_brand?post=2205"},{"taxonomy":"product_cat","embeddable":true,"href":"https:\/\/www.comartsa.com\/fr\/wp-json\/wp\/v2\/product_cat?post=2205"},{"taxonomy":"product_tag","embeddable":true,"href":"https:\/\/www.comartsa.com\/fr\/wp-json\/wp\/v2\/product_tag?post=2205"}],"curies":[{"name":"wp","href":"https:\/\/api.w.org\/{rel}","templated":true}]}}