{"id":2204,"date":"2025-02-12T12:24:08","date_gmt":"2025-02-12T12:24:08","guid":{"rendered":"https:\/\/www.comartsa.com\/producto\/metsaboard-natural-wkl-bright-kraft-liner-blanc-non-couche\/"},"modified":"2025-04-02T13:17:11","modified_gmt":"2025-04-02T13:17:11","slug":"metsaboard-natural-wkl-bright-kraft-liner-blanc-non-couche","status":"publish","type":"product","link":"https:\/\/www.comartsa.com\/fr\/producto\/metsaboard-natural-wkl-bright-kraft-liner-blanc-non-couche\/","title":{"rendered":"METS\u00c4BOARD NATURAL WKL BRIGHT (KRAFT LINER BLANC NON COUCH\u00c9)"},"content":{"rendered":"","protected":false},"excerpt":{"rendered":"<p>Kraftliner blanc int\u00e9gral non couch\u00e9. M\u00e9thodes d&rsquo;impression : Flexographie, Offset, Impression num\u00e9rique \u00e0 jet d&rsquo;encre <\/p>\n","protected":false},"featured_media":0,"template":"","meta":{"_acf_changed":false},"resistencia":[],"sector":[183,196,192,198,200],"product_brand":[],"product_cat":[153,154],"product_tag":[],"class_list":{"0":"post-2204","1":"product","2":"type-product","3":"status-publish","5":"sector-alimentation","6":"sector-emballage-generique","7":"sector-food-delivery-fr","8":"sector-produits-electroniques","9":"sector-secteur-industriel","10":"product_cat-krafliner-fr","11":"product_cat-kraft-liner-blanc-non-couche","13":"first","14":"instock","15":"product-type-simple"},"acf":[],"_links":{"self":[{"href":"https:\/\/www.comartsa.com\/fr\/wp-json\/wp\/v2\/product\/2204","targetHints":{"allow":["GET"]}}],"collection":[{"href":"https:\/\/www.comartsa.com\/fr\/wp-json\/wp\/v2\/product"}],"about":[{"href":"https:\/\/www.comartsa.com\/fr\/wp-json\/wp\/v2\/types\/product"}],"wp:attachment":[{"href":"https:\/\/www.comartsa.com\/fr\/wp-json\/wp\/v2\/media?parent=2204"}],"wp:term":[{"taxonomy":"resistencia","embeddable":true,"href":"https:\/\/www.comartsa.com\/fr\/wp-json\/wp\/v2\/resistencia?post=2204"},{"taxonomy":"sector","embeddable":true,"href":"https:\/\/www.comartsa.com\/fr\/wp-json\/wp\/v2\/sector?post=2204"},{"taxonomy":"product_brand","embeddable":true,"href":"https:\/\/www.comartsa.com\/fr\/wp-json\/wp\/v2\/product_brand?post=2204"},{"taxonomy":"product_cat","embeddable":true,"href":"https:\/\/www.comartsa.com\/fr\/wp-json\/wp\/v2\/product_cat?post=2204"},{"taxonomy":"product_tag","embeddable":true,"href":"https:\/\/www.comartsa.com\/fr\/wp-json\/wp\/v2\/product_tag?post=2204"}],"curies":[{"name":"wp","href":"https:\/\/api.w.org\/{rel}","templated":true}]}}