{"id":2181,"date":"2025-02-12T12:24:02","date_gmt":"2025-02-12T12:24:02","guid":{"rendered":"https:\/\/www.comartsa.com\/producto\/papier-offset-c-white-offset\/"},"modified":"2025-04-02T13:21:43","modified_gmt":"2025-04-02T13:21:43","slug":"papier-offset-c-white-offset","status":"publish","type":"product","link":"https:\/\/www.comartsa.com\/fr\/producto\/papier-offset-c-white-offset\/","title":{"rendered":"PAPIER OFFSET C WHITE (OFFSET)"},"content":{"rendered":"","protected":false},"excerpt":{"rendered":"<p>Papier fabriqu\u00e9 avec de la p\u00e2te chimique con\u00e7u pour offrir d&rsquo;excellentes performances machine. Con\u00e7u pour toute application graphique en impression offset et garanti pour l&rsquo;impression laser num\u00e9rique et la pr\u00e9-impression laser. <\/p>\n","protected":false},"featured_media":0,"template":"","meta":{"_acf_changed":false},"resistencia":[],"sector":[186,193],"product_brand":[],"product_cat":[158,161],"product_tag":[],"class_list":{"0":"post-2181","1":"product","2":"type-product","3":"status-publish","5":"sector-editorial-fr","6":"sector-graphique","7":"product_cat-papier","8":"product_cat-offset-fr","10":"first","11":"instock","12":"product-type-simple"},"acf":[],"_links":{"self":[{"href":"https:\/\/www.comartsa.com\/fr\/wp-json\/wp\/v2\/product\/2181","targetHints":{"allow":["GET"]}}],"collection":[{"href":"https:\/\/www.comartsa.com\/fr\/wp-json\/wp\/v2\/product"}],"about":[{"href":"https:\/\/www.comartsa.com\/fr\/wp-json\/wp\/v2\/types\/product"}],"wp:attachment":[{"href":"https:\/\/www.comartsa.com\/fr\/wp-json\/wp\/v2\/media?parent=2181"}],"wp:term":[{"taxonomy":"resistencia","embeddable":true,"href":"https:\/\/www.comartsa.com\/fr\/wp-json\/wp\/v2\/resistencia?post=2181"},{"taxonomy":"sector","embeddable":true,"href":"https:\/\/www.comartsa.com\/fr\/wp-json\/wp\/v2\/sector?post=2181"},{"taxonomy":"product_brand","embeddable":true,"href":"https:\/\/www.comartsa.com\/fr\/wp-json\/wp\/v2\/product_brand?post=2181"},{"taxonomy":"product_cat","embeddable":true,"href":"https:\/\/www.comartsa.com\/fr\/wp-json\/wp\/v2\/product_cat?post=2181"},{"taxonomy":"product_tag","embeddable":true,"href":"https:\/\/www.comartsa.com\/fr\/wp-json\/wp\/v2\/product_tag?post=2181"}],"curies":[{"name":"wp","href":"https:\/\/api.w.org\/{rel}","templated":true}]}}