{"id":2179,"date":"2025-02-12T12:24:02","date_gmt":"2025-02-12T12:24:02","guid":{"rendered":"https:\/\/www.comartsa.com\/producto\/metsaboard-prime-fbb-eb-gc1\/"},"modified":"2025-04-02T12:57:55","modified_gmt":"2025-04-02T12:57:55","slug":"metsaboard-prime-fbb-eb-gc1","status":"publish","type":"product","link":"https:\/\/www.comartsa.com\/fr\/producto\/metsaboard-prime-fbb-eb-gc1\/","title":{"rendered":"METS\u00c4BOARD PRIME FBB EB (GC1)"},"content":{"rendered":"","protected":false},"excerpt":{"rendered":"<p>Carton couch\u00e9 avec barri\u00e8re \u00e9cologique, sans plastique, et r\u00e9sistance moyenne \u00e0 l&rsquo;humidit\u00e9 et \u00e0 la graisse, collage \u00e9lev\u00e9, sans azurants optiques et sans produits chimiques fluor\u00e9s. Con\u00e7u pour l&#8217;emballage de plats \u00e0 emporter, d&rsquo;aliments frais, secs et surgel\u00e9s. <\/p>\n","protected":false},"featured_media":0,"template":"","meta":{"_acf_changed":false},"resistencia":[312],"sector":[183,192],"product_brand":[],"product_cat":[149,150],"product_tag":[],"class_list":{"0":"post-2179","1":"product","2":"type-product","3":"status-publish","5":"resistencia-microondas","6":"sector-alimentation","7":"sector-food-delivery-fr","8":"product_cat-foldings-fr","9":"product_cat-gc1-fr","11":"first","12":"instock","13":"product-type-simple"},"acf":[],"_links":{"self":[{"href":"https:\/\/www.comartsa.com\/fr\/wp-json\/wp\/v2\/product\/2179","targetHints":{"allow":["GET"]}}],"collection":[{"href":"https:\/\/www.comartsa.com\/fr\/wp-json\/wp\/v2\/product"}],"about":[{"href":"https:\/\/www.comartsa.com\/fr\/wp-json\/wp\/v2\/types\/product"}],"wp:attachment":[{"href":"https:\/\/www.comartsa.com\/fr\/wp-json\/wp\/v2\/media?parent=2179"}],"wp:term":[{"taxonomy":"resistencia","embeddable":true,"href":"https:\/\/www.comartsa.com\/fr\/wp-json\/wp\/v2\/resistencia?post=2179"},{"taxonomy":"sector","embeddable":true,"href":"https:\/\/www.comartsa.com\/fr\/wp-json\/wp\/v2\/sector?post=2179"},{"taxonomy":"product_brand","embeddable":true,"href":"https:\/\/www.comartsa.com\/fr\/wp-json\/wp\/v2\/product_brand?post=2179"},{"taxonomy":"product_cat","embeddable":true,"href":"https:\/\/www.comartsa.com\/fr\/wp-json\/wp\/v2\/product_cat?post=2179"},{"taxonomy":"product_tag","embeddable":true,"href":"https:\/\/www.comartsa.com\/fr\/wp-json\/wp\/v2\/product_tag?post=2179"}],"curies":[{"name":"wp","href":"https:\/\/api.w.org\/{rel}","templated":true}]}}