{"id":2178,"date":"2025-02-12T12:24:02","date_gmt":"2025-02-12T12:24:02","guid":{"rendered":"https:\/\/www.comartsa.com\/producto\/metsaboard-natural-fbb-uc\/"},"modified":"2025-04-02T12:57:55","modified_gmt":"2025-04-02T12:57:55","slug":"metsaboard-natural-fbb-uc","status":"publish","type":"product","link":"https:\/\/www.comartsa.com\/fr\/producto\/metsaboard-natural-fbb-uc\/","title":{"rendered":"METS\u00c4BOARD NATURAL FBB (UC)"},"content":{"rendered":"","protected":false},"excerpt":{"rendered":"<p>Mat\u00e9riau parfait pour les emballages n\u00e9cessitant une apparence plus naturelle. Il refl\u00e8te les tendances actuelles en mati\u00e8re d&#8217;emballage haut de gamme avec son aspect et son toucher naturels, procurant un sentiment d&rsquo;authenticit\u00e9. Carton sans OBA test\u00e9 pour le contact alimentaire direct dans le monde entier. <\/p>\n","protected":false},"featured_media":0,"template":"","meta":{"_acf_changed":false},"resistencia":[314],"sector":[183,184,185,192,190,189],"product_brand":[],"product_cat":[149,152],"product_tag":[],"class_list":{"0":"post-2178","1":"product","2":"type-product","3":"status-publish","5":"resistencia-hard-sized","6":"sector-alimentation","7":"sector-aliments-surgeles","8":"sector-cosmetique-fr","9":"sector-food-delivery-fr","10":"sector-parapharmacie","11":"sector-pharmacie","12":"product_cat-foldings-fr","13":"product_cat-uc-fr","15":"first","16":"instock","17":"product-type-simple"},"acf":[],"_links":{"self":[{"href":"https:\/\/www.comartsa.com\/fr\/wp-json\/wp\/v2\/product\/2178","targetHints":{"allow":["GET"]}}],"collection":[{"href":"https:\/\/www.comartsa.com\/fr\/wp-json\/wp\/v2\/product"}],"about":[{"href":"https:\/\/www.comartsa.com\/fr\/wp-json\/wp\/v2\/types\/product"}],"wp:attachment":[{"href":"https:\/\/www.comartsa.com\/fr\/wp-json\/wp\/v2\/media?parent=2178"}],"wp:term":[{"taxonomy":"resistencia","embeddable":true,"href":"https:\/\/www.comartsa.com\/fr\/wp-json\/wp\/v2\/resistencia?post=2178"},{"taxonomy":"sector","embeddable":true,"href":"https:\/\/www.comartsa.com\/fr\/wp-json\/wp\/v2\/sector?post=2178"},{"taxonomy":"product_brand","embeddable":true,"href":"https:\/\/www.comartsa.com\/fr\/wp-json\/wp\/v2\/product_brand?post=2178"},{"taxonomy":"product_cat","embeddable":true,"href":"https:\/\/www.comartsa.com\/fr\/wp-json\/wp\/v2\/product_cat?post=2178"},{"taxonomy":"product_tag","embeddable":true,"href":"https:\/\/www.comartsa.com\/fr\/wp-json\/wp\/v2\/product_tag?post=2178"}],"curies":[{"name":"wp","href":"https:\/\/api.w.org\/{rel}","templated":true}]}}