{"id":2177,"date":"2025-02-12T12:24:02","date_gmt":"2025-02-12T12:24:02","guid":{"rendered":"https:\/\/www.comartsa.com\/producto\/metsaboard-classic-fbb-gc2\/"},"modified":"2025-04-02T12:57:57","modified_gmt":"2025-04-02T12:57:57","slug":"metsaboard-classic-fbb-gc2","status":"publish","type":"product","link":"https:\/\/www.comartsa.com\/fr\/producto\/metsaboard-classic-fbb-gc2\/","title":{"rendered":"METS\u00c4BOARD CLASSIC FBB (GC2)"},"content":{"rendered":"","protected":false},"excerpt":{"rendered":"<p>Il s&rsquo;agit d&rsquo;un carton pliant couch\u00e9 pour bo\u00eetes d&#8217;emballage pliantes. La combinaison d&rsquo;une couche interm\u00e9diaire de p\u00e2te m\u00e9canique et des couches sup\u00e9rieures de p\u00e2te chimique ECF de haute qualit\u00e9 conf\u00e8re au carton une excellente rigidit\u00e9 pour son poids. Cela permet des vitesses de production \u00e9lev\u00e9es et ininterrompues sur les lignes de transformation et d&#8217;emballage. Con\u00e7u pour les emballages de haute qualit\u00e9, y compris les applications pharmaceutiques, les aliments surgel\u00e9s, les aliments et autres applications non alimentaires.  <\/p>\n","protected":false},"featured_media":0,"template":"","meta":{"_acf_changed":false},"resistencia":[314],"sector":[183,184,196,190,189],"product_brand":[],"product_cat":[149,151],"product_tag":[],"class_list":{"0":"post-2177","1":"product","2":"type-product","3":"status-publish","5":"resistencia-hard-sized","6":"sector-alimentation","7":"sector-aliments-surgeles","8":"sector-emballage-generique","9":"sector-parapharmacie","10":"sector-pharmacie","11":"product_cat-foldings-fr","12":"product_cat-gc2-fr","14":"first","15":"instock","16":"product-type-simple"},"acf":[],"_links":{"self":[{"href":"https:\/\/www.comartsa.com\/fr\/wp-json\/wp\/v2\/product\/2177","targetHints":{"allow":["GET"]}}],"collection":[{"href":"https:\/\/www.comartsa.com\/fr\/wp-json\/wp\/v2\/product"}],"about":[{"href":"https:\/\/www.comartsa.com\/fr\/wp-json\/wp\/v2\/types\/product"}],"wp:attachment":[{"href":"https:\/\/www.comartsa.com\/fr\/wp-json\/wp\/v2\/media?parent=2177"}],"wp:term":[{"taxonomy":"resistencia","embeddable":true,"href":"https:\/\/www.comartsa.com\/fr\/wp-json\/wp\/v2\/resistencia?post=2177"},{"taxonomy":"sector","embeddable":true,"href":"https:\/\/www.comartsa.com\/fr\/wp-json\/wp\/v2\/sector?post=2177"},{"taxonomy":"product_brand","embeddable":true,"href":"https:\/\/www.comartsa.com\/fr\/wp-json\/wp\/v2\/product_brand?post=2177"},{"taxonomy":"product_cat","embeddable":true,"href":"https:\/\/www.comartsa.com\/fr\/wp-json\/wp\/v2\/product_cat?post=2177"},{"taxonomy":"product_tag","embeddable":true,"href":"https:\/\/www.comartsa.com\/fr\/wp-json\/wp\/v2\/product_tag?post=2177"}],"curies":[{"name":"wp","href":"https:\/\/api.w.org\/{rel}","templated":true}]}}