{"id":2174,"date":"2025-02-12T12:24:02","date_gmt":"2025-02-12T12:24:02","guid":{"rendered":"https:\/\/www.comartsa.com\/producto\/metsaboard-prime-fbb-bright-gc1\/"},"modified":"2025-04-02T12:57:58","modified_gmt":"2025-04-02T12:57:58","slug":"metsaboard-prime-fbb-bright-gc1","status":"publish","type":"product","link":"https:\/\/www.comartsa.com\/fr\/producto\/metsaboard-prime-fbb-bright-gc1\/","title":{"rendered":"METS\u00c4BOARD PRIME FBB BRIGHT (GC1)"},"content":{"rendered":"","protected":false},"excerpt":{"rendered":"<p>Il s&rsquo;agit d&rsquo;un carton multicouche couch\u00e9 pour bo\u00eetes pliantes. Sa couche interm\u00e9diaire est constitu\u00e9e de p\u00e2te chimico-thermom\u00e9canique, tandis que sa couche sup\u00e9rieure et son dos sont constitu\u00e9s de p\u00e2te chimique. La surface lisse et brillante permet de produire des emballages n\u00e9cessitant une brillance extraordinairement \u00e9lev\u00e9e avec une apparence sup\u00e9rieure. Con\u00e7u pour l&#8217;emballage de boissons, l&#8217;emballage de chocolat de haute qualit\u00e9, les cosm\u00e9tiques, les produits pharmaceutiques et autres.  <\/p>\n","protected":false},"featured_media":0,"template":"","meta":{"_acf_changed":false},"resistencia":[61,312],"sector":[183,185,186,196,188,193,190,201],"product_brand":[],"product_cat":[149,150],"product_tag":[],"class_list":{"0":"post-2174","1":"product","2":"type-product","3":"status-publish","5":"resistencia-resistente-a-altas-temperaturas","6":"resistencia-microondas","7":"sector-alimentation","8":"sector-cosmetique-fr","9":"sector-editorial-fr","10":"sector-emballage-generique","11":"sector-etiquettes-emballages","12":"sector-graphique","13":"sector-parapharmacie","14":"sector-tabac","15":"product_cat-foldings-fr","16":"product_cat-gc1-fr","18":"first","19":"instock","20":"product-type-simple"},"acf":[],"_links":{"self":[{"href":"https:\/\/www.comartsa.com\/fr\/wp-json\/wp\/v2\/product\/2174","targetHints":{"allow":["GET"]}}],"collection":[{"href":"https:\/\/www.comartsa.com\/fr\/wp-json\/wp\/v2\/product"}],"about":[{"href":"https:\/\/www.comartsa.com\/fr\/wp-json\/wp\/v2\/types\/product"}],"wp:attachment":[{"href":"https:\/\/www.comartsa.com\/fr\/wp-json\/wp\/v2\/media?parent=2174"}],"wp:term":[{"taxonomy":"resistencia","embeddable":true,"href":"https:\/\/www.comartsa.com\/fr\/wp-json\/wp\/v2\/resistencia?post=2174"},{"taxonomy":"sector","embeddable":true,"href":"https:\/\/www.comartsa.com\/fr\/wp-json\/wp\/v2\/sector?post=2174"},{"taxonomy":"product_brand","embeddable":true,"href":"https:\/\/www.comartsa.com\/fr\/wp-json\/wp\/v2\/product_brand?post=2174"},{"taxonomy":"product_cat","embeddable":true,"href":"https:\/\/www.comartsa.com\/fr\/wp-json\/wp\/v2\/product_cat?post=2174"},{"taxonomy":"product_tag","embeddable":true,"href":"https:\/\/www.comartsa.com\/fr\/wp-json\/wp\/v2\/product_tag?post=2174"}],"curies":[{"name":"wp","href":"https:\/\/api.w.org\/{rel}","templated":true}]}}