{"id":2173,"date":"2025-02-12T12:24:02","date_gmt":"2025-02-12T12:24:02","guid":{"rendered":"https:\/\/www.comartsa.com\/producto\/folding-bois-comcote-gc2\/"},"modified":"2025-04-02T12:57:56","modified_gmt":"2025-04-02T12:57:56","slug":"folding-bois-comcote-gc2","status":"publish","type":"product","link":"https:\/\/www.comartsa.com\/fr\/producto\/folding-bois-comcote-gc2\/","title":{"rendered":"FOLDING BOIS COMCOTE (GC2)"},"content":{"rendered":"","protected":false},"excerpt":{"rendered":"<p>Carton en p\u00e2te thermom\u00e9canique blanchie avec des couches de p\u00e2te chimique qui lui conf\u00e8rent une excellente usinabilit\u00e9. Con\u00e7u pour l&#8217;emballage d&rsquo;aliments secs et surgel\u00e9s, de produits pharmaceutiques, de cosm\u00e9tiques et de couvertures de livres. M\u00e9thode d&rsquo;impression : Offset, Rotogravure.<\/p>\n","protected":false},"featured_media":0,"template":"","meta":{"_acf_changed":false},"resistencia":[],"sector":[183,193,189],"product_brand":[],"product_cat":[149,151],"product_tag":[],"class_list":{"0":"post-2173","1":"product","2":"type-product","3":"status-publish","5":"sector-alimentation","6":"sector-graphique","7":"sector-pharmacie","8":"product_cat-foldings-fr","9":"product_cat-gc2-fr","11":"first","12":"instock","13":"product-type-simple"},"acf":[],"_links":{"self":[{"href":"https:\/\/www.comartsa.com\/fr\/wp-json\/wp\/v2\/product\/2173","targetHints":{"allow":["GET"]}}],"collection":[{"href":"https:\/\/www.comartsa.com\/fr\/wp-json\/wp\/v2\/product"}],"about":[{"href":"https:\/\/www.comartsa.com\/fr\/wp-json\/wp\/v2\/types\/product"}],"wp:attachment":[{"href":"https:\/\/www.comartsa.com\/fr\/wp-json\/wp\/v2\/media?parent=2173"}],"wp:term":[{"taxonomy":"resistencia","embeddable":true,"href":"https:\/\/www.comartsa.com\/fr\/wp-json\/wp\/v2\/resistencia?post=2173"},{"taxonomy":"sector","embeddable":true,"href":"https:\/\/www.comartsa.com\/fr\/wp-json\/wp\/v2\/sector?post=2173"},{"taxonomy":"product_brand","embeddable":true,"href":"https:\/\/www.comartsa.com\/fr\/wp-json\/wp\/v2\/product_brand?post=2173"},{"taxonomy":"product_cat","embeddable":true,"href":"https:\/\/www.comartsa.com\/fr\/wp-json\/wp\/v2\/product_cat?post=2173"},{"taxonomy":"product_tag","embeddable":true,"href":"https:\/\/www.comartsa.com\/fr\/wp-json\/wp\/v2\/product_tag?post=2173"}],"curies":[{"name":"wp","href":"https:\/\/api.w.org\/{rel}","templated":true}]}}