{"id":2172,"date":"2025-02-12T12:24:02","date_gmt":"2025-02-12T12:24:02","guid":{"rendered":"https:\/\/www.comartsa.com\/producto\/comkraft-cmpc-rc-folding-kraft\/"},"modified":"2025-04-02T13:03:02","modified_gmt":"2025-04-02T13:03:02","slug":"comkraft-cmpc-rc-folding-kraft","status":"publish","type":"product","link":"https:\/\/www.comartsa.com\/fr\/producto\/comkraft-cmpc-rc-folding-kraft\/","title":{"rendered":"COMKRAFT CMPC RC (FOLDING KRAFT)"},"content":{"rendered":"","protected":false},"excerpt":{"rendered":"<p>Carton pour bo\u00eetes d&#8217;emballage pliantes. La combinaison d&rsquo;une couche interm\u00e9diaire de p\u00e2tes<br \/>\nm\u00e9canique et les couches sup\u00e9rieures de p\u00e2te chimique ECF de haute qualit\u00e9, conf\u00e8rent au carton une<br \/>\nexcellente rigidit\u00e9 pour son poids. Cela permet des vitesses de production \u00e9lev\u00e9es et ininterrompues.<br \/>\ndans les lignes de transformation et de conditionnement.<br \/>\nCon\u00e7u pour les emballages de haute qualit\u00e9, tant pour les emballages pharmaceutiques que pour les emballages d&rsquo;aliments surgel\u00e9s,<br \/>\nutilisations alimentaires et autres utilisations non alimentaires.<br \/>\nM\u00e9thode d&rsquo;impression : Offset, H\u00e9liogravure, Flexographie.  <\/p>\n","protected":false},"featured_media":0,"template":"","meta":{"_acf_changed":false},"resistencia":[],"sector":[183,186,196,194,195,191,199],"product_brand":[],"product_cat":[143,144],"product_tag":[],"class_list":{"0":"post-2172","1":"product","2":"type-product","3":"status-publish","5":"sector-alimentation","6":"sector-editorial-fr","7":"sector-emballage-generique","8":"sector-hygiene-fr","9":"sector-nettoyage","10":"sector-plv-publicite","11":"sector-secteur-agricole","12":"product_cat-carton-kraft-fr","13":"product_cat-folding-kraft-fr","15":"first","16":"instock","17":"product-type-simple"},"acf":[],"_links":{"self":[{"href":"https:\/\/www.comartsa.com\/fr\/wp-json\/wp\/v2\/product\/2172","targetHints":{"allow":["GET"]}}],"collection":[{"href":"https:\/\/www.comartsa.com\/fr\/wp-json\/wp\/v2\/product"}],"about":[{"href":"https:\/\/www.comartsa.com\/fr\/wp-json\/wp\/v2\/types\/product"}],"wp:attachment":[{"href":"https:\/\/www.comartsa.com\/fr\/wp-json\/wp\/v2\/media?parent=2172"}],"wp:term":[{"taxonomy":"resistencia","embeddable":true,"href":"https:\/\/www.comartsa.com\/fr\/wp-json\/wp\/v2\/resistencia?post=2172"},{"taxonomy":"sector","embeddable":true,"href":"https:\/\/www.comartsa.com\/fr\/wp-json\/wp\/v2\/sector?post=2172"},{"taxonomy":"product_brand","embeddable":true,"href":"https:\/\/www.comartsa.com\/fr\/wp-json\/wp\/v2\/product_brand?post=2172"},{"taxonomy":"product_cat","embeddable":true,"href":"https:\/\/www.comartsa.com\/fr\/wp-json\/wp\/v2\/product_cat?post=2172"},{"taxonomy":"product_tag","embeddable":true,"href":"https:\/\/www.comartsa.com\/fr\/wp-json\/wp\/v2\/product_tag?post=2172"}],"curies":[{"name":"wp","href":"https:\/\/api.w.org\/{rel}","templated":true}]}}