{"id":2118,"date":"2024-05-31T09:40:28","date_gmt":"2024-05-31T09:40:28","guid":{"rendered":"https:\/\/www.comartsa.com\/politique-de-confidentialite-et-protection-des-donnees\/"},"modified":"2025-04-01T10:17:39","modified_gmt":"2025-04-01T10:17:39","slug":"politique-de-confidentialite-et-protection-des-donnees","status":"publish","type":"page","link":"https:\/\/www.comartsa.com\/fr\/politique-de-confidentialite-et-protection-des-donnees\/","title":{"rendered":"Politique de confidentialit\u00e9 et protection des donn\u00e9es"},"content":{"rendered":"\n<p><\/p>\n\n<figure class=\"wp-block-table\">\n<table>\n        <tr>\n            <th>RESPONSABLE\n<\/th><td>COMART S.A \u2013 CIF A08186074<\/td>\n        <\/tr>\n        <tr>\n            <th>CONTACT<\/th>\n            <td>Cr. Montmel\u00f3, 2-4 &#8211; MONTORNES DEL VALLES (Barcelona)<br\/>rrhh@comartsa.com &#8211; Tel. 934741160 &#8211; <a href=\"http:\/\/www.comartsa.com\/\">http:\/\/www.comartsa.com\/<\/a> <\/td>\n        <\/tr>\n        <tr>\n            <th>OBJECTIFS\n\n\n<\/th><td><strong>VISITES PAGE WEB<\/strong> : VISITES PAGE WEB<br\/><strong>FACTURATION CLIENTS<\/strong> : FACTURATION CLIENTS<br\/><strong>R\u00c9CEPTION DES CURRICULUMS<\/strong> : R\u00c9CEPTION DES CURRICULUMS<br\/><strong>TRAITEMENT DES DEVIS <\/strong>: TRAITEMENT DES DEVIS<br\/><strong>REGISTRE DES VISITES <\/strong>: REGISTRE DES VISITES <\/td> \n        <\/tr>\n        <tr>\n            <th>L\u00c9GITIMATION\n\n\n<\/th><td><strong>VISITES PAGE WEB<\/strong> : Int\u00e9r\u00eat l\u00e9gitime du Responsable du traitement des donn\u00e9es ou de tiers.<br\/><strong>FACTURATION CLIENTS<\/strong> : Existence d\u2019une relation contractuelle avec la personne concern\u00e9e par La conclusion d\u2019un contrat ou d\u2019un contrat pr\u00e9alable ; int\u00e9r\u00eat l\u00e9gitime du Responsable du traitement ou de tiers.<br\/><strong>R\u00c9CEPTION DES CURRICULUMS<\/strong> : Consentement explicite de la personne concern\u00e9e ; int\u00e9r\u00eat l\u00e9gitime du Responsable du traitement ou de tiers.<br\/><strong>TRAITEMENT DES DEVIS<\/strong> : Int\u00e9r\u00eat l\u00e9gitime du Responsable du traitement des donn\u00e9es ou de tiers.<br\/><strong>REGISTRE DES VISITES <\/strong>: Int\u00e9r\u00eat l\u00e9gitime du Responsable du traitement des donn\u00e9es ou de tiers <\/td> \n        <\/tr>\n        <tr>\n            <th>CONSERVATION\n\n\n<\/th><td><strong>VISITES PAGE WEB<\/strong> : Tant que la personne concern\u00e9e n\u2019en demande pas la suppression<br\/><strong>FACTURATION CLIENTS <\/strong>: Tant qu\u2019il existe une relation commerciale<br\/><strong>R\u00c9CEPTION DES CURRICULUMS<\/strong> : Tant que la personne concern\u00e9e n\u2019en demande pas la suppression<br\/><strong>TRAITEMENT DES DEVIS <\/strong>: Tant que la personne concern\u00e9e n\u2019en demande pas la suppression<br\/><strong>REGISTRE DES VISITES :<\/strong> Tant que la personne concern\u00e9e n\u2019en demande pas la suppression <\/td> \n        <\/tr>\n        <tr>\n            <th>DESTINATAIRES\n<\/th><td>Vos donn\u00e9es ne sont pas transf\u00e9r\u00e9es \u00e0 des tiers<\/td>\n        <\/tr>\n        <tr>\n            <th>TRANSFERTS INTERNATIONAUX\n<\/th><td>Vos donn\u00e9es ne sont pas transf\u00e9r\u00e9es \u00e0 l\u2019\u00e9chelle internationale<\/td>\n        <\/tr>\n        <tr>\n            <th>PROVENANCE\n\n\n<\/th><td><strong>VISITES PAGE WEB <\/strong>: CLIENTS POTENTIELS : La propre personne concern\u00e9e ou son repr\u00e9sentant l\u00e9gal<br\/><strong>FACTURATION CLIENTS <\/strong>: CLIENTS : La propre personne concern\u00e9e ou son repr\u00e9sentant l\u00e9gal<br\/><strong>R\u00c9CEPTION DES CURRICULUMS <\/strong>: EMPLOY\u00c9S POTENTIELS : La propre personne concern\u00e9e ou son repr\u00e9sentant l\u00e9gal<br\/><strong>TRAITEMENT DES DEVIS<\/strong> : CLIENTS : La propre personne concern\u00e9e ou son repr\u00e9sentant l\u00e9gal ;<br\/>CLIENTS POTENTIELS : La propre personne concern\u00e9e ou son repr\u00e9sentant l\u00e9gal<br\/><strong>REGISTRE DES VISITES <\/strong>: CLIENTS : La propre personne concern\u00e9e ou son repr\u00e9sentant l\u00e9gal ;<br\/>FOURNISSEURS : La propre personne concern\u00e9e ou son repr\u00e9sentant l\u00e9gal ;<br\/>EMPLOY\u00c9S POTENTIELS : La propre personne concern\u00e9e ou son repr\u00e9sentant l\u00e9gal ;<br\/>CLIENTS POTENTIELS : La propre personne concern\u00e9e ou son repr\u00e9sentant l\u00e9gal <\/td> \n        <\/tr>\n        <tr>\n            <th>DROITS<\/th>\n            <td>Vous avez le droit d\u2019acc\u00e9der \u00e0 vos donn\u00e9es, de les rectifier, de les supprimer, de limiter leur traitement ou de vous y opposer, d\u2019en obtenir la portabilit\u00e9, de retirer votre consentement et de d\u00e9poser des r\u00e9clamations aupr\u00e8s de l\u2019Autorit\u00e9 de contr\u00f4le (Agence espagnole de protection des donn\u00e9es). Pour en savoir plu, reportez-vous \u00e0 notre \u00ab Politique de confidentialit\u00e9 et protection des donn\u00e9es \u00bb. <\/td>\n        <\/tr>\n    <\/table>\n<\/figure>\n\n<h2 class=\"wp-block-heading\">D\u00c9TAILS DE NOTRE POLITIQUE DE CONFIDENTIALIT\u00c9<\/h2>\n\n<h3 class=\"wp-block-heading\">1 &#8211; G\u00c9N\u00c9RALIT\u00c9S<\/h3>\n\n<p>La pr\u00e9sente \u00ab Politique de confidentialit\u00e9 et protection des donn\u00e9es \u00bb vise \u00e0 informer des conditions r\u00e9gissant la collecte et le traitement de vos donn\u00e9es personnelles par notre entit\u00e9 ou groupe corporatif, afin de veiller \u00e0 vos droits fondamentaux, votre honneur et vos libert\u00e9s, le tout conform\u00e9ment \u00e0 la r\u00e9glementation en vigueur r\u00e9gulant la protection des donn\u00e9es personnelles au sein de l\u2019Union europ\u00e9enne et de l\u2019\u00c9tat membre espagnol.<\/p>\n\n<p>Conform\u00e9ment \u00e0 cette r\u00e9glementation, nous avons besoin de votre autorisation et de votre consentement pour la collecte et le traitement de vos donn\u00e9es personnelles. C\u2019est pourquoi vous trouverez ci-dessous toutes les informations susceptibles de vous int\u00e9resser sur notre fa\u00e7on de faire chez COMART S.A., dans quels buts nous agissons, quelles autres entit\u00e9s pourraient avoir acc\u00e8s \u00e0 vos donn\u00e9es et quels sont vos droits.<\/p>\n\n<p>Pour tout ce qui pr\u00e9c\u00e8de, une fois que vous avez pass\u00e9 en revue et lu notre Politique de protection des donn\u00e9es, vous devez obligatoirement l\u2019accepter pour donner foi de votre conformit\u00e9 et consentement.<\/p>\n\n<h3 class=\"wp-block-heading\"><strong>2.- RESPONSABLE DU TRAITEMENT<\/strong><\/h3>\n\n<p><strong>Qui proc\u00e8de \u00e0 la collecte de vos donn\u00e9es et les traite ?<\/strong><\/p>\n\n<p>Le Responsable du traitement est la personne physique ou juridique, de nature publique ou priv\u00e9e, ou organe administratif qui, seul ou conjointement avec d\u2019autres, d\u00e9termine les objectifs et les moyens du traitement de donn\u00e9es personnelles ; si les objectifs et les moyens de traitement sont d\u00e9termin\u00e9s par le Droit de l\u2019Union europ\u00e9enne ou de l\u2019\u00c9tat membre espagnol. <\/p>\n\n<p>Dans ce cas, nos donn\u00e9es d\u2019identification en tant que Responsable du traitement sont les suivantes :<\/p>\n\n<p><strong>COMART S.A &#8211; CIF A08186074<\/strong><\/p>\n\n<p><strong>Comment pouvez-vous nous contacter ?<\/strong><\/p>\n\n<p>Si\u00e8ge social :<\/p>\n\n<p>Cr. Montmel\u00f3, 2-4 . 08170, MONTORNES DEL VALLES (Barcelona), Espa\u00f1a  <\/p>\n\n<p>Email: rrhh@comartsa.com &#8211; Tel\u00e9fono: 934741160 <\/p>\n\n<p>Domicile postal : Cr. Montmel\u00f3, 2-4 . 08170, MONTORNES DEL VALLES (Barcelone), Espagne  <\/p>\n\n<h3 class=\"wp-block-heading\">3.- MESURES DE S\u00c9CURIT\u00c9<\/h3>\n\n<p><strong>Que faisons-nous pour garantir la confidentialit\u00e9 de vos donn\u00e9es ?<\/strong><\/p>\n\n<p>Notre entit\u00e9 ou groupe corporatif adopte les mesures organisationnelles et techniques n\u00e9cessaires, afin de garantir la s\u00e9curit\u00e9 et la confidentialit\u00e9 de vos donn\u00e9es, d\u2019\u00e9viter leur alt\u00e9ration, perte, traitement ou acc\u00e8s non autoris\u00e9, en fonction de l\u2019\u00e9tat de la technologie, de la nature des donn\u00e9es stock\u00e9es et des risques auxquels elles sont expos\u00e9es.<\/p>\n\n<p>Entre autres, nous insistons sur les mesures suivantes :<\/p>\n\n<ul class=\"wp-block-list\">\n<li>Garantir en permanence la confidentialit\u00e9, l\u2019int\u00e9grit\u00e9, la disponibilit\u00e9 et la r\u00e9silience des syst\u00e8mes et services de traitement.<\/li>\n\n\n\n<li>Restaurer rapidement la disponibilit\u00e9 et l\u2019acc\u00e8s aux donn\u00e9es personnelles en cas d\u2019incident physique ou technique.<\/li>\n\n\n\n<li>V\u00e9rifier, \u00e9valuer et estimer r\u00e9guli\u00e8rement l\u2019efficacit\u00e9 des mesures techniques et organisationnelles mises en \u0153uvre pour garantir la s\u00e9curit\u00e9 du traitement.<\/li>\n<\/ul>\n\n<p>Pseudonymiser et chiffrer les donn\u00e9es personnelles, s\u2019il s\u2019agit de donn\u00e9es sensibles.<\/p>\n\n<h3 class=\"wp-block-heading\">4.- OBJECTIF DU TRAITEMENT<\/h3>\n\n<p><strong>\u00c0 quelles fins souhaitons-nous traiter vos donn\u00e9es ?<\/strong><\/p>\n\n<p>Nous avons besoin de votre autorisation et consentement pour collecter et traiter vos donn\u00e9es personnelles. Vous trouverez donc ci-dessous les utilisations et objectifs d\u00e9taill\u00e9s pr\u00e9vus.<\/p>\n\n<p><strong>VISITES PAGE WEB VISITES PAGE WEB<\/strong><\/p>\n\n<p>FACTURATION CLIENTS FACTURATION CLIENTS<\/p>\n\n<p>R\u00c9CEPTION DES CURRICULUMS R\u00c9CEPTION DES CURRICULUMS<\/p>\n\n<p>TRAITEMENT DES DEVIS TRAITEMENT DES DEVIS<\/p>\n\n<p>REGISTRE DES VISITES REGISTRE DES VISITES<\/p>\n\n<p><strong>Pendant combien de temps conservons-nous vos donn\u00e9es ?<\/strong><\/p>\n\n<p>Nous utilisons vos donn\u00e9es pendant le temps strictement n\u00e9cessaire \u00e0 la r\u00e9alisation des objectifs indiqu\u00e9es pr\u00e9c\u00e9demment. Sauf en cas d\u2019obligation ou exigence l\u00e9gale, les d\u00e9lais de conservation pr\u00e9vus sont : <\/p>\n\n<p>VISITES PAGE WEB : Tant que la personne concern\u00e9e n\u2019en demande pas la suppression<\/p>\n\n<p>FACTURATION CLIENTS : Tant qu\u2019il existe une relation commerciale<\/p>\n\n<p>R\u00c9CEPTION DE CURRICULUMS : Tant que la personne concern\u00e9e n\u2019en demande pas la suppression<\/p>\n\n<p>TRAITEMENT DES DEVIS : Tant que la personne concern\u00e9e n\u2019en demande pas la suppression<\/p>\n\n<p>REGISTRE DES VISITES : Tant que la personne concern\u00e9e n\u2019en demande pas la suppression<\/p>\n\n<h3 class=\"wp-block-heading\">5.- L\u00c9GITIMATION DU TRAITEMENT<\/h3>\n\n<p><strong>Pourquoi traitons-nous vos donn\u00e9es ?<\/strong><\/p>\n\n<p>La collecte et le traitement de vos donn\u00e9es sont toujours l\u00e9gitim\u00e9s par une ou plusieurs bases juridiques, que nous d\u00e9taillons ci-dessous :<\/p>\n\n<p>VISITES PAGE WEB : Int\u00e9r\u00eat l\u00e9gitime du Responsable du traitement des donn\u00e9es ou de tiers<\/p>\n\n<p>FACTURATION CLIENTS : Existence d\u2019une relation contractuelle avec la personne concern\u00e9e par la conclusion d\u2019un contrat ou d\u2019un pr\u00e9contrat ; int\u00e9r\u00eat l\u00e9gitime du Responsable du traitement ou de tiers<\/p>\n\n<p>R\u00c9CEPTION DE CURRICULUMS : Consentement explicite de la personne concern\u00e9e ; int\u00e9r\u00eat l\u00e9gitime du Responsable du traitement ou de tiers<\/p>\n\n<p>TRAITEMENT DES DEVIS : Int\u00e9r\u00eat l\u00e9gitime du Responsable du traitement des donn\u00e9es ou de tiers<\/p>\n\n<p>REGISTRE DES VISITES : Int\u00e9r\u00eat l\u00e9gitime du Responsable du traitement des donn\u00e9es ou de tiers<\/p>\n\n<h3 class=\"wp-block-heading\">6.- DESTINATAIRES DE VOS DONN\u00c9ES<\/h3>\n\n<p><strong>\u00c0 qui transf\u00e9rons-nous vos donn\u00e9es au sein de l\u2019Union europ\u00e9enne ?<\/strong><\/p>\n\n<p>Nous ne transf\u00e9rons vos donn\u00e9es \u00e0 personne, ni tiers ni entit\u00e9s, sauf obligation l\u00e9gale.<\/p>\n\n<p><strong>Vos donn\u00e9es ne sont pas transf\u00e9r\u00e9es \u00e0 l\u2019\u00e9chelle internationale<\/strong><\/p>\n\n<p>Vos donn\u00e9es ne sont pas transf\u00e9r\u00e9es \u00e0 l\u2019\u00e9chelle internationale<\/p>\n\n<h3 class=\"wp-block-heading\">7.- PROVENANCE ET TYPES DE DONN\u00c9ES TRAIT\u00c9ES<\/h3>\n\n<p><strong>O\u00f9 avons-nous obtenu vos donn\u00e9es ?<\/strong><\/p>\n\n<p>VISITES PAGE WEB<\/p>\n\n<p>CLIENTS POTENTIELS : La propre personne concern\u00e9e ou son repr\u00e9sentant l\u00e9gal<\/p>\n\n<p>FACTURATION CLIENTS<\/p>\n\n<p>CLIENTS : La propre personne concern\u00e9e ou son repr\u00e9sentant l\u00e9gal<\/p>\n\n<p>R\u00c9CEPTION DES CURRICULUMS<\/p>\n\n<p>EMPLOY\u00c9S POTENTIELS : La propre personne concern\u00e9e ou son repr\u00e9sentant l\u00e9gal<\/p>\n\n<p>TRAITEMENT DES DEVIS<\/p>\n\n<p>CLIENTS : La propre personne concern\u00e9e ou son repr\u00e9sentant l\u00e9gal<\/p>\n\n<p>CLIENTS POTENTIELS : La propre personne concern\u00e9e ou son repr\u00e9sentant l\u00e9gal<\/p>\n\n<p>REGISTRE DES VISITES<\/p>\n\n<p>CLIENTS : La propre personne concern\u00e9e ou son repr\u00e9sentant l\u00e9gal<\/p>\n\n<p>FOURNISSEURS : La propre personne concern\u00e9e ou son repr\u00e9sentant l\u00e9gal<\/p>\n\n<p>EMPLOY\u00c9S POTENTIELS : La propre personne concern\u00e9e ou son repr\u00e9sentant l\u00e9gal<\/p>\n\n<p>CLIENTS POTENTIELS : La propre personne concern\u00e9e ou son repr\u00e9sentant l\u00e9gal<\/p>\n\n<p><strong>Quels types de donn\u00e9es vous concernant avons-nous recueilli et traitons-nous ?<\/strong><\/p>\n\n<p>VISITES PAGE WEB<\/p>\n\n<p>CLIENTS POTENTIELS<\/p>\n\n<p>Donn\u00e9es d\u2019identification (e-mail, nom et pr\u00e9nom)<\/p>\n\n<p>FACTURATION CLIENTS<\/p>\n\n<p>CLIENTS<\/p>\n\n<p>Donn\u00e9es d\u2019identification (e-mail, adresse postale, signature manuscrite, NIF\/NIE\/Passeport, nom et pr\u00e9nom)<\/p>\n\n<p>\u00c9conomiques, financi\u00e8res et d\u2019assurances (donn\u00e9es bancaires)<\/p>\n\n<p>R\u00c9CEPTION DES CURRICULUMS<\/p>\n\n<p>EMPLOY\u00c9S POTENTIELS<\/p>\n\n<p>Donn\u00e9es d\u2019identification (e-mail, t\u00e9l\u00e9phone, adresse postale, signature manuscrite, image, NIF\/NIE\/Passeport, nom et pr\u00e9nom)<\/p>\n\n<p>Acad\u00e9miques et professionnelles (dipl\u00f4mes ; curriculum vit\u00e6 ; ant\u00e9c\u00e9dents de l\u2019\u00e9tudiant)<\/p>\n\n<p>Caract\u00e9ristiques personnelles (date de naissance)<\/p>\n\n<p>Informations relatives \u00e0 l\u2019emploi (postes de travail, ant\u00e9c\u00e9dents de l\u2019employ\u00e9, profession)<\/p>\n\n<p>TRAITEMENT DES DEVIS<\/p>\n\n<p>CLIENTS<\/p>\n\n<p>Donn\u00e9es d\u2019identification (e-mail, adresse postale, nom et pr\u00e9nom, NIF\/NIE\/Passeport)<\/p>\n\n<p>CLIENTS POTENTIELS<\/p>\n\n<p>Donn\u00e9es d\u2019identification (e-mail, adresse postale, nom et pr\u00e9nom)<\/p>\n\n<p>REGISTRE DES VISITES<\/p>\n\n<p>CLIENTS<\/p>\n\n<p>Donn\u00e9es d\u2019identification (NIF\/NIE\/Passeport, nom et pr\u00e9nom, signature manuscrite)<\/p>\n\n<p>PROVEEDORES<\/p>\n\n<p>Donn\u00e9es d\u2019identification (signature manuscrite, NIF\/NIE\/Passeport, nom et pr\u00e9nom)<\/p>\n\n<p><\/p>\n\n<p>EMPLOY\u00c9S POTENTIELS<\/p>\n\n<p>Donn\u00e9es d\u2019identification (signature manuscrite, NIF\/NIE\/Passeport, nom et pr\u00e9nom)<\/p>\n\n<p>CLIENTS POTENTIELS<\/p>\n\n<p>Donn\u00e9es d\u2019identification (nom et pr\u00e9nom, NIF\/NIE\/Passeport, signature manuscrite)<\/p>\n\n<h3 class=\"wp-block-heading\">8.- DROITS DES PERSONNES CONCERN\u00c9ES<\/h3>\n\n<p><strong>Quels droits pouvez-vous invoquer ?<\/strong><\/p>\n\n<p>La r\u00e9glementation en vigueur relative \u00e0 la protection des donn\u00e9es vous permet d\u2019invoquer une s\u00e9rie de droits li\u00e9s \u00e0 l\u2019utilisation que nous faisons de vos donn\u00e9es.<\/p>\n\n<p>Chacun de vos droits est unipersonnel et instransmissible, c\u2019est-\u00e0-dire qu\u2019il ne peut \u00eatre exerc\u00e9 que par le titulaire des donn\u00e9es, sur v\u00e9rification pr\u00e9alable de son identit\u00e9.<\/p>\n\n<p>Voici les droits que vous pouvez exercer :<\/p>\n\n<ul class=\"wp-block-list\">\n<li>Solliciter l\u2019ACC\u00c8S \u00e0 vos donn\u00e9es personnelles<\/li>\n\n\n\n<li>Solliciter la RECTIFICATION de vos donn\u00e9es<\/li>\n\n\n\n<li>Solliciter la SUPPRESSION ou l\u2019effacement de vos donn\u00e9es (droit \u00e0 l\u2019oubli)<\/li>\n\n\n\n<li>LIMITER l\u2019utilisation de vos donn\u00e9es ou vous y OPPOSER<\/li>\n\n\n\n<li>Droit \u00e0 la PORTABILIT\u00c9 de vos donn\u00e9es pour les cas de services de t\u00e9l\u00e9communication ou d\u2019Internet.<\/li>\n\n\n\n<li>Droit \u00e0 RETIRER votre consentement \u00e0 tout moment<\/li>\n\n\n\n<li>Droit \u00e0 d\u00e9poser une R\u00c9CLAMATION en mati\u00e8re de protection des donn\u00e9es aupr\u00e8s de l\u2019Autorit\u00e9 de contr\u00f4le : Agence espagnole de protection des donn\u00e9es<\/li>\n<\/ul>\n\n<p><strong>Comment pouvez-vous exercer les droits relatifs \u00e0 vos donn\u00e9es ?<\/strong><\/p>\n\n<p>Pour exercer vos droits d\u2019acc\u00e8s, de rectification, d\u2019effacement, de limitation ou d\u2019opposition, de portabilit\u00e9 et de retrait de votre consentement, vous pouvez le faire de la mani\u00e8re suivante :<\/p>\n\n<p>VISITES PAGE WEB<\/p>\n\n<ul class=\"wp-block-list\">\n<li>Responsable: COMART S.A<\/li>\n\n\n\n<li>Direcci\u00f3n: Cr. Montmel\u00f3, 2-4 . 08170, MONTORNES DEL VALLES (Barcelona), Espa\u00f1a  <\/li>\n\n\n\n<li>Tel\u00e9fono: 934741160<\/li>\n\n\n\n<li>E-mail: rrhh@comartsa.com<\/li>\n\n\n\n<li>P\u00e1gina web: http:\/\/www.comartsa.com\/<\/li>\n<\/ul>\n\n<p>FACTURATION CLIENTS<\/p>\n\n<ul class=\"wp-block-list\">\n<li>Responsable: COMART S.A<\/li>\n\n\n\n<li>Direcci\u00f3n: Cr. Montmel\u00f3, 2-4 . 08170, MONTORNES DEL VALLES (Barcelona), Espa\u00f1a  <\/li>\n\n\n\n<li>Tel\u00e9fono: 934741160<\/li>\n\n\n\n<li>E-mail: rrhh@comartsa.com<\/li>\n\n\n\n<li>P\u00e1gina web: http:\/\/www.comartsa.com\/<\/li>\n<\/ul>\n\n<p>R\u00c9CEPTION DES CURRICULUMS<\/p>\n\n<ul class=\"wp-block-list\">\n<li>Responsable: COMART S.A<\/li>\n\n\n\n<li>Direcci\u00f3n: Cr. Montmel\u00f3, 2-4 . 08170, MONTORNES DEL VALLES (Barcelona), Espa\u00f1a  <\/li>\n\n\n\n<li>Tel\u00e9fono: 934741160<\/li>\n\n\n\n<li>E-mail: rrhh@comartsa.com<\/li>\n\n\n\n<li>P\u00e1gina web: http:\/\/www.comartsa.com\/<\/li>\n<\/ul>\n\n<p>TRAITEMENT DES DEVIS<\/p>\n\n<ul class=\"wp-block-list\">\n<li>Responsable: COMART S.A<\/li>\n\n\n\n<li>Direcci\u00f3n: Cr. Montmel\u00f3, 2-4 . 08170, MONTORNES DEL VALLES (Barcelona), Espa\u00f1a  <\/li>\n\n\n\n<li>Tel\u00e9fono: 934741160<\/li>\n\n\n\n<li>E-mail: rrhh@comartsa.com<\/li>\n\n\n\n<li>P\u00e1gina web: http:\/\/www.comartsa.com\/<\/li>\n<\/ul>\n\n<p>REGISTRE DES VISITES<\/p>\n\n<ul class=\"wp-block-list\">\n<li>Responsable: COMART S.A<\/li>\n\n\n\n<li>Direcci\u00f3n: Cr. Montmel\u00f3, 2-4 . 08170, MONTORNES DEL VALLES (Barcelona), Espa\u00f1a  <\/li>\n\n\n\n<li>Tel\u00e9fono: 934741160<\/li>\n\n\n\n<li>E-mail: rrhh@comartsa.com<\/li>\n\n\n\n<li>P\u00e1gina web: http:\/\/www.comartsa.com\/<\/li>\n<\/ul>\n\n<p><strong>Comment pouvez-vous d\u00e9poser une r\u00e9clamation ?<\/strong><\/p>\n\n<p>Outre les droits que vous pouvez invoquer, si vous croyez que vos donn\u00e9es ne sont pas collect\u00e9es ou trait\u00e9es conform\u00e9ment \u00e0 la r\u00e9glementation en vigueur relative \u00e0 la protection des donn\u00e9es, vous pouvez d\u00e9poser une r\u00e9clamation aupr\u00e8s de l\u2019Autorit\u00e9 de contr\u00f4le, dont nous indiquons les coordonn\u00e9es ci-dessous :<\/p>\n\n<p>Agencia Espa\u00f1ola de Protecci\u00f3n de Datos<\/p>\n\n<p>C\/. Jorge Juan, 6. 28001, Madrid (Madrid), Espa\u00f1a  <\/p>\n\n<p>Email: info@aepd.es &#8211; Tel\u00e9fono: 912663517<\/p>\n\n<p>Web: https:\/\/www.aepd.es<\/p>\n\n<h3 class=\"wp-block-heading\">9.- CONSENTEMENT ETACCEPTATION<\/h3>\n\n<p>L\u2019acceptation du pr\u00e9sent document indique que vous comprenez et acceptez toutes les clauses de notre politique de confidentialit\u00e9, en autorisant donc la collecte et le traitement de vos donn\u00e9es personnelles dans ces conditions. Pour ce faire, s\u00e9lectionnez la case \u00e0 cocher de v\u00e9rification \u00ab Lecture et acceptation \u00bb de notre Politique de confidentialit\u00e9. <\/p>\n","protected":false},"excerpt":{"rendered":"<p>RESPONSABLE COMART S.A \u2013 CIF A08186074 CONTACT Cr. Montmel\u00f3, 2-4 &#8211; MONTORNES DEL VALLES (Barcelona)rrhh@comartsa.com &#8211; Tel. 934741160 &#8211; http:\/\/www.comartsa.com\/ OBJECTIFS VISITES PAGE WEB : VISITES PAGE WEBFACTURATION CLIENTS : FACTURATION CLIENTSR\u00c9CEPTION DES CURRICULUMS : R\u00c9CEPTION DES CURRICULUMSTRAITEMENT DES DEVIS : TRAITEMENT DES DEVISREGISTRE DES VISITES : REGISTRE DES VISITES L\u00c9GITIMATION VISITES PAGE WEB : [&hellip;]<\/p>\n","protected":false},"author":1,"featured_media":0,"parent":0,"menu_order":0,"comment_status":"closed","ping_status":"closed","template":"","meta":{"_acf_changed":false,"footnotes":""},"class_list":["post-2118","page","type-page","status-publish","hentry"],"acf":[],"_links":{"self":[{"href":"https:\/\/www.comartsa.com\/fr\/wp-json\/wp\/v2\/pages\/2118","targetHints":{"allow":["GET"]}}],"collection":[{"href":"https:\/\/www.comartsa.com\/fr\/wp-json\/wp\/v2\/pages"}],"about":[{"href":"https:\/\/www.comartsa.com\/fr\/wp-json\/wp\/v2\/types\/page"}],"author":[{"embeddable":true,"href":"https:\/\/www.comartsa.com\/fr\/wp-json\/wp\/v2\/users\/1"}],"replies":[{"embeddable":true,"href":"https:\/\/www.comartsa.com\/fr\/wp-json\/wp\/v2\/comments?post=2118"}],"version-history":[{"count":1,"href":"https:\/\/www.comartsa.com\/fr\/wp-json\/wp\/v2\/pages\/2118\/revisions"}],"predecessor-version":[{"id":2119,"href":"https:\/\/www.comartsa.com\/fr\/wp-json\/wp\/v2\/pages\/2118\/revisions\/2119"}],"wp:attachment":[{"href":"https:\/\/www.comartsa.com\/fr\/wp-json\/wp\/v2\/media?parent=2118"}],"curies":[{"name":"wp","href":"https:\/\/api.w.org\/{rel}","templated":true}]}}