{"id":2561,"date":"2025-02-12T12:24:02","date_gmt":"2025-02-12T12:24:02","guid":{"rendered":"https:\/\/www.comartsa.com\/producto\/comkraft-cmpc-rc-folding-kraft\/"},"modified":"2025-06-12T09:23:34","modified_gmt":"2025-06-12T09:23:34","slug":"comkraft-cmpc-rc-folding-kraft","status":"publish","type":"product","link":"https:\/\/www.comartsa.com\/ca\/producto\/comkraft-cmpc-rc-folding-kraft\/","title":{"rendered":"COMKRAFT CMPC RC (FOLDING KRAFT)"},"content":{"rendered":"","protected":false},"excerpt":{"rendered":"<p>Cartolina per a caixes plegables d\u00b4embalatge. La combinaci\u00f3 d\u00b4una capa interm\u00e8dia de pasta<br \/>\nmec\u00e0nica i les capes superiors de pasta qu\u00edmica ECF d&#8217;alta qualitat, d\u00f3na a la cartolina una<br \/>\nrigidesa excel\u00b7lent per al seu gramatge. Aix\u00f2 facilita altes i interrompudes velocitats de producci\u00f3<br \/>\na les l\u00ednies de conversi\u00f3 i embalatge.<br \/>\nDissenyada per al packaging d&#8217;alta qualitat, tant per a envasos farmac\u00e8utics, congelats,<br \/>\nalimentaci\u00f3 i altres usos no alimentaris.<br \/>\nM\u00e8tode d&#8217;impressi\u00f3: Offset, gravat al buit, flexografia.<\/p>\n","protected":false},"featured_media":0,"template":"","meta":{"_acf_changed":false},"resistencia":[],"sector":[288,291,297,298,301,300,304],"product_brand":[],"product_cat":[267,268],"product_tag":[],"class_list":{"0":"post-2561","1":"product","2":"type-product","3":"status-publish","5":"sector-alimentacio","6":"sector-editorial-ca","7":"sector-higiene-ca","8":"sector-neteja","9":"sector-packaging-generic","10":"sector-plv-publicitat","11":"sector-sector-agricola-ca","12":"product_cat-carto-kraft","13":"product_cat-folding-kraft-ca","15":"first","16":"instock","17":"product-type-simple"},"acf":[],"_links":{"self":[{"href":"https:\/\/www.comartsa.com\/ca\/wp-json\/wp\/v2\/product\/2561","targetHints":{"allow":["GET"]}}],"collection":[{"href":"https:\/\/www.comartsa.com\/ca\/wp-json\/wp\/v2\/product"}],"about":[{"href":"https:\/\/www.comartsa.com\/ca\/wp-json\/wp\/v2\/types\/product"}],"wp:attachment":[{"href":"https:\/\/www.comartsa.com\/ca\/wp-json\/wp\/v2\/media?parent=2561"}],"wp:term":[{"taxonomy":"resistencia","embeddable":true,"href":"https:\/\/www.comartsa.com\/ca\/wp-json\/wp\/v2\/resistencia?post=2561"},{"taxonomy":"sector","embeddable":true,"href":"https:\/\/www.comartsa.com\/ca\/wp-json\/wp\/v2\/sector?post=2561"},{"taxonomy":"product_brand","embeddable":true,"href":"https:\/\/www.comartsa.com\/ca\/wp-json\/wp\/v2\/product_brand?post=2561"},{"taxonomy":"product_cat","embeddable":true,"href":"https:\/\/www.comartsa.com\/ca\/wp-json\/wp\/v2\/product_cat?post=2561"},{"taxonomy":"product_tag","embeddable":true,"href":"https:\/\/www.comartsa.com\/ca\/wp-json\/wp\/v2\/product_tag?post=2561"}],"curies":[{"name":"wp","href":"https:\/\/api.w.org\/{rel}","templated":true}]}}