{"id":2558,"date":"2025-02-12T12:24:02","date_gmt":"2025-02-12T12:24:02","guid":{"rendered":"https:\/\/www.comartsa.com\/producto\/folding-fusta-comcote-gc2\/"},"modified":"2025-04-02T12:47:09","modified_gmt":"2025-04-02T12:47:09","slug":"folding-fusta-comcote-gc2","status":"publish","type":"product","link":"https:\/\/www.comartsa.com\/ca\/producto\/folding-fusta-comcote-gc2\/","title":{"rendered":"FOLDING FUSTA COMCOTE (GC2)"},"content":{"rendered":"","protected":false},"excerpt":{"rendered":"<p>Cartolina de pasta termo-mec\u00e0nica blanquejada amb capes pasta de qu\u00edmica que li confereixen propietats per a una bona maquinabilitat. Dissenyada per estoigs d&#8217;aliments secs i congelats, productes farmac\u00e8utics, productes cosm\u00e8tics, cobertes de llibres. M\u00e8tode d&#8217;impressi\u00f3: Offset, Huecograbado.<\/p>\n","protected":false},"featured_media":0,"template":"","meta":{"_acf_changed":false},"resistencia":[],"sector":[288,294,296],"product_brand":[],"product_cat":[273,275],"product_tag":[],"class_list":{"0":"post-2558","1":"product","2":"type-product","3":"status-publish","5":"sector-alimentacio","6":"sector-farmacia-ca","7":"sector-grafica-ca","8":"product_cat-foldings-ca","9":"product_cat-gc2-ca","11":"first","12":"instock","13":"product-type-simple"},"acf":[],"_links":{"self":[{"href":"https:\/\/www.comartsa.com\/ca\/wp-json\/wp\/v2\/product\/2558","targetHints":{"allow":["GET"]}}],"collection":[{"href":"https:\/\/www.comartsa.com\/ca\/wp-json\/wp\/v2\/product"}],"about":[{"href":"https:\/\/www.comartsa.com\/ca\/wp-json\/wp\/v2\/types\/product"}],"wp:attachment":[{"href":"https:\/\/www.comartsa.com\/ca\/wp-json\/wp\/v2\/media?parent=2558"}],"wp:term":[{"taxonomy":"resistencia","embeddable":true,"href":"https:\/\/www.comartsa.com\/ca\/wp-json\/wp\/v2\/resistencia?post=2558"},{"taxonomy":"sector","embeddable":true,"href":"https:\/\/www.comartsa.com\/ca\/wp-json\/wp\/v2\/sector?post=2558"},{"taxonomy":"product_brand","embeddable":true,"href":"https:\/\/www.comartsa.com\/ca\/wp-json\/wp\/v2\/product_brand?post=2558"},{"taxonomy":"product_cat","embeddable":true,"href":"https:\/\/www.comartsa.com\/ca\/wp-json\/wp\/v2\/product_cat?post=2558"},{"taxonomy":"product_tag","embeddable":true,"href":"https:\/\/www.comartsa.com\/ca\/wp-json\/wp\/v2\/product_tag?post=2558"}],"curies":[{"name":"wp","href":"https:\/\/api.w.org\/{rel}","templated":true}]}}