{"id":2557,"date":"2025-02-12T12:24:02","date_gmt":"2025-02-12T12:24:02","guid":{"rendered":"https:\/\/www.comartsa.com\/producto\/metsaboard-natural-fbb-uc\/"},"modified":"2025-04-02T12:47:08","modified_gmt":"2025-04-02T12:47:08","slug":"metsaboard-natural-fbb-uc","status":"publish","type":"product","link":"https:\/\/www.comartsa.com\/ca\/producto\/metsaboard-natural-fbb-uc\/","title":{"rendered":"METS\u00c4BOARD NATURAL FBB (UC)"},"content":{"rendered":"","protected":false},"excerpt":{"rendered":"<p>Material perfecte per a embalatges que requereixen una aparen\u00e7a m\u00e9s natural. Reflecteix les tend\u00e8ncies d&#8217;envasat alta gamma d&#8217;avui dia amb el seu aspecte i sensaci\u00f3 naturals donant un sentit d&#8217;autenticitat. <\/p>\n","protected":false},"featured_media":0,"template":"","meta":{"_acf_changed":false},"resistencia":[314],"sector":[288,289,290,294,295,299],"product_brand":[],"product_cat":[273,276],"product_tag":[],"class_list":{"0":"post-2557","1":"product","2":"type-product","3":"status-publish","5":"resistencia-hard-sized","6":"sector-alimentacio","7":"sector-alimentacio-congelats","8":"sector-cosmetica-ca","9":"sector-farmacia-ca","10":"sector-food-delivery-ca","11":"sector-parafarmacia-ca","12":"product_cat-foldings-ca","13":"product_cat-uc-ca","15":"first","16":"instock","17":"product-type-simple"},"acf":[],"_links":{"self":[{"href":"https:\/\/www.comartsa.com\/ca\/wp-json\/wp\/v2\/product\/2557","targetHints":{"allow":["GET"]}}],"collection":[{"href":"https:\/\/www.comartsa.com\/ca\/wp-json\/wp\/v2\/product"}],"about":[{"href":"https:\/\/www.comartsa.com\/ca\/wp-json\/wp\/v2\/types\/product"}],"wp:attachment":[{"href":"https:\/\/www.comartsa.com\/ca\/wp-json\/wp\/v2\/media?parent=2557"}],"wp:term":[{"taxonomy":"resistencia","embeddable":true,"href":"https:\/\/www.comartsa.com\/ca\/wp-json\/wp\/v2\/resistencia?post=2557"},{"taxonomy":"sector","embeddable":true,"href":"https:\/\/www.comartsa.com\/ca\/wp-json\/wp\/v2\/sector?post=2557"},{"taxonomy":"product_brand","embeddable":true,"href":"https:\/\/www.comartsa.com\/ca\/wp-json\/wp\/v2\/product_brand?post=2557"},{"taxonomy":"product_cat","embeddable":true,"href":"https:\/\/www.comartsa.com\/ca\/wp-json\/wp\/v2\/product_cat?post=2557"},{"taxonomy":"product_tag","embeddable":true,"href":"https:\/\/www.comartsa.com\/ca\/wp-json\/wp\/v2\/product_tag?post=2557"}],"curies":[{"name":"wp","href":"https:\/\/api.w.org\/{rel}","templated":true}]}}