{"id":2555,"date":"2025-02-12T12:24:02","date_gmt":"2025-02-12T12:24:02","guid":{"rendered":"https:\/\/www.comartsa.com\/producto\/paper-offset-c-white-offset\/"},"modified":"2025-04-02T13:20:53","modified_gmt":"2025-04-02T13:20:53","slug":"paper-offset-c-white-offset","status":"publish","type":"product","link":"https:\/\/www.comartsa.com\/ca\/producto\/paper-offset-c-white-offset\/","title":{"rendered":"PAPER OFFSET C WHITE (OFFSET)"},"content":{"rendered":"","protected":false},"excerpt":{"rendered":"<p>Paper fabricat amb pasta qu\u00edmica dissenyat per oferir un excel\u00b7lent rendiment a m\u00e0quina. Plantejat per a qualsevol aplicaci\u00f3 gr\u00e0fica en impressi\u00f3 \u00f2fset i garantit per a impressi\u00f3 digital l\u00e0ser i l\u00e0ser pre-print. <\/p>\n","protected":false},"featured_media":0,"template":"","meta":{"_acf_changed":false},"resistencia":[],"sector":[291,296],"product_brand":[],"product_cat":[282,285],"product_tag":[],"class_list":{"0":"post-2555","1":"product","2":"type-product","3":"status-publish","5":"sector-editorial-ca","6":"sector-grafica-ca","7":"product_cat-paper-ca","8":"product_cat-offset-ca","10":"first","11":"instock","12":"product-type-simple"},"acf":[],"_links":{"self":[{"href":"https:\/\/www.comartsa.com\/ca\/wp-json\/wp\/v2\/product\/2555","targetHints":{"allow":["GET"]}}],"collection":[{"href":"https:\/\/www.comartsa.com\/ca\/wp-json\/wp\/v2\/product"}],"about":[{"href":"https:\/\/www.comartsa.com\/ca\/wp-json\/wp\/v2\/types\/product"}],"wp:attachment":[{"href":"https:\/\/www.comartsa.com\/ca\/wp-json\/wp\/v2\/media?parent=2555"}],"wp:term":[{"taxonomy":"resistencia","embeddable":true,"href":"https:\/\/www.comartsa.com\/ca\/wp-json\/wp\/v2\/resistencia?post=2555"},{"taxonomy":"sector","embeddable":true,"href":"https:\/\/www.comartsa.com\/ca\/wp-json\/wp\/v2\/sector?post=2555"},{"taxonomy":"product_brand","embeddable":true,"href":"https:\/\/www.comartsa.com\/ca\/wp-json\/wp\/v2\/product_brand?post=2555"},{"taxonomy":"product_cat","embeddable":true,"href":"https:\/\/www.comartsa.com\/ca\/wp-json\/wp\/v2\/product_cat?post=2555"},{"taxonomy":"product_tag","embeddable":true,"href":"https:\/\/www.comartsa.com\/ca\/wp-json\/wp\/v2\/product_tag?post=2555"}],"curies":[{"name":"wp","href":"https:\/\/api.w.org\/{rel}","templated":true}]}}