{"id":2553,"date":"2025-02-12T12:24:02","date_gmt":"2025-02-12T12:24:02","guid":{"rendered":"https:\/\/www.comartsa.com\/producto\/metsaboard-classic-fbb-gc2\/"},"modified":"2025-04-02T12:47:09","modified_gmt":"2025-04-02T12:47:09","slug":"metsaboard-classic-fbb-gc2","status":"publish","type":"product","link":"https:\/\/www.comartsa.com\/ca\/producto\/metsaboard-classic-fbb-gc2\/","title":{"rendered":"METS\u00c4BOARD CLASSIC FBB (GC2)"},"content":{"rendered":"","protected":false},"excerpt":{"rendered":"<p>\u00c9s un cart\u00f3 folding estucat per a caixes plegables d&#8217;embalatge. La combinaci\u00f3 d&#8217;una capa interm\u00e8dia de pasta mec\u00e0nica i les capes superiors de pasta qu\u00edmica ECF d&#8217;alta qualitat d\u00f3na al cartr\u00f3 una rigidesa excel\u00b7lent per al seu gramatge. Aix\u00f2 facilita altes i ininterrompudes velocitats de producci\u00f3 a les l\u00ednies de conversi\u00f3 i embalatge. Dissenyat per al packaging d&#8217;alta qualitat, tant per a envasos farmac\u00e8utics, congelats, alimentaci\u00f3 i altres usos no alimentaris.  <\/p>\n","protected":false},"featured_media":0,"template":"","meta":{"_acf_changed":false},"resistencia":[314],"sector":[288,289,294,301,299],"product_brand":[],"product_cat":[273,275],"product_tag":[],"class_list":{"0":"post-2553","1":"product","2":"type-product","3":"status-publish","5":"resistencia-hard-sized","6":"sector-alimentacio","7":"sector-alimentacio-congelats","8":"sector-farmacia-ca","9":"sector-packaging-generic","10":"sector-parafarmacia-ca","11":"product_cat-foldings-ca","12":"product_cat-gc2-ca","14":"first","15":"instock","16":"product-type-simple"},"acf":[],"_links":{"self":[{"href":"https:\/\/www.comartsa.com\/ca\/wp-json\/wp\/v2\/product\/2553","targetHints":{"allow":["GET"]}}],"collection":[{"href":"https:\/\/www.comartsa.com\/ca\/wp-json\/wp\/v2\/product"}],"about":[{"href":"https:\/\/www.comartsa.com\/ca\/wp-json\/wp\/v2\/types\/product"}],"wp:attachment":[{"href":"https:\/\/www.comartsa.com\/ca\/wp-json\/wp\/v2\/media?parent=2553"}],"wp:term":[{"taxonomy":"resistencia","embeddable":true,"href":"https:\/\/www.comartsa.com\/ca\/wp-json\/wp\/v2\/resistencia?post=2553"},{"taxonomy":"sector","embeddable":true,"href":"https:\/\/www.comartsa.com\/ca\/wp-json\/wp\/v2\/sector?post=2553"},{"taxonomy":"product_brand","embeddable":true,"href":"https:\/\/www.comartsa.com\/ca\/wp-json\/wp\/v2\/product_brand?post=2553"},{"taxonomy":"product_cat","embeddable":true,"href":"https:\/\/www.comartsa.com\/ca\/wp-json\/wp\/v2\/product_cat?post=2553"},{"taxonomy":"product_tag","embeddable":true,"href":"https:\/\/www.comartsa.com\/ca\/wp-json\/wp\/v2\/product_tag?post=2553"}],"curies":[{"name":"wp","href":"https:\/\/api.w.org\/{rel}","templated":true}]}}