{"id":2552,"date":"2025-02-12T12:24:02","date_gmt":"2025-02-12T12:24:02","guid":{"rendered":"https:\/\/www.comartsa.com\/producto\/carto-revers-fusta-gt2\/"},"modified":"2025-06-11T11:39:34","modified_gmt":"2025-06-11T11:39:34","slug":"carto-revers-fusta-gt2","status":"publish","type":"product","link":"https:\/\/www.comartsa.com\/ca\/producto\/carto-revers-fusta-gt2\/","title":{"rendered":"CART\u00d3 REVERS FUSTA (GT2)"},"content":{"rendered":"","protected":false},"excerpt":{"rendered":"<p>Cart\u00f3 reciclat de triple capa (GT2) amb doble estucat a la cara i estucat color al<br \/>\ndors.<br \/>\nS&#8217;utilitza per a la fabricaci\u00f3 d&#8217;estoigs per a alimentaci\u00f3, farmac\u00e8utics i altres.<\/p>\n","protected":false},"featured_media":0,"template":"","meta":{"_acf_changed":false},"resistencia":[],"sector":[288,294,296,297,298,301,299],"product_brand":[],"product_cat":[269,271],"product_tag":[],"class_list":{"0":"post-2552","1":"product","2":"type-product","3":"status-publish","5":"sector-alimentacio","6":"sector-farmacia-ca","7":"sector-grafica-ca","8":"sector-higiene-ca","9":"sector-neteja","10":"sector-packaging-generic","11":"sector-parafarmacia-ca","12":"product_cat-carto-reciclat-wlc","13":"product_cat-revers-fusta-gt2","15":"first","16":"instock","17":"product-type-simple"},"acf":[],"_links":{"self":[{"href":"https:\/\/www.comartsa.com\/ca\/wp-json\/wp\/v2\/product\/2552","targetHints":{"allow":["GET"]}}],"collection":[{"href":"https:\/\/www.comartsa.com\/ca\/wp-json\/wp\/v2\/product"}],"about":[{"href":"https:\/\/www.comartsa.com\/ca\/wp-json\/wp\/v2\/types\/product"}],"wp:attachment":[{"href":"https:\/\/www.comartsa.com\/ca\/wp-json\/wp\/v2\/media?parent=2552"}],"wp:term":[{"taxonomy":"resistencia","embeddable":true,"href":"https:\/\/www.comartsa.com\/ca\/wp-json\/wp\/v2\/resistencia?post=2552"},{"taxonomy":"sector","embeddable":true,"href":"https:\/\/www.comartsa.com\/ca\/wp-json\/wp\/v2\/sector?post=2552"},{"taxonomy":"product_brand","embeddable":true,"href":"https:\/\/www.comartsa.com\/ca\/wp-json\/wp\/v2\/product_brand?post=2552"},{"taxonomy":"product_cat","embeddable":true,"href":"https:\/\/www.comartsa.com\/ca\/wp-json\/wp\/v2\/product_cat?post=2552"},{"taxonomy":"product_tag","embeddable":true,"href":"https:\/\/www.comartsa.com\/ca\/wp-json\/wp\/v2\/product_tag?post=2552"}],"curies":[{"name":"wp","href":"https:\/\/api.w.org\/{rel}","templated":true}]}}