{"id":2547,"date":"2025-02-12T12:24:08","date_gmt":"2025-02-12T12:24:08","guid":{"rendered":"https:\/\/www.comartsa.com\/producto\/metsaboard-natural-wkl-bright-krafliner-blanc-sense-estucar\/"},"modified":"2025-04-02T13:14:43","modified_gmt":"2025-04-02T13:14:43","slug":"metsaboard-natural-wkl-bright-krafliner-blanc-sense-estucar","status":"publish","type":"product","link":"https:\/\/www.comartsa.com\/ca\/producto\/metsaboard-natural-wkl-bright-krafliner-blanc-sense-estucar\/","title":{"rendered":"METS\u00c4BOARD NATURAL WKL BRIGHT (KRAFLINER BLANC SENSE ESTUCAR)"},"content":{"rendered":"","protected":false},"excerpt":{"rendered":"<p>Kraftliner blanc integral sense estucar. M\u00e8todes d&#8217;impressi\u00f3: Flexografia, Offset, Impressi\u00f3 digital inkjet <\/p>\n","protected":false},"featured_media":0,"template":"","meta":{"_acf_changed":false},"resistencia":[],"sector":[288,295,301,303,305],"product_brand":[],"product_cat":[277,278],"product_tag":[],"class_list":{"0":"post-2547","1":"product","2":"type-product","3":"status-publish","5":"sector-alimentacio","6":"sector-food-delivery-ca","7":"sector-packaging-generic","8":"sector-productes-electronics","9":"sector-sector-industrial-ca","10":"product_cat-kraftliner-ca","11":"product_cat-krafliner-blanc-sense-estucar","13":"first","14":"instock","15":"product-type-simple"},"acf":[],"_links":{"self":[{"href":"https:\/\/www.comartsa.com\/ca\/wp-json\/wp\/v2\/product\/2547","targetHints":{"allow":["GET"]}}],"collection":[{"href":"https:\/\/www.comartsa.com\/ca\/wp-json\/wp\/v2\/product"}],"about":[{"href":"https:\/\/www.comartsa.com\/ca\/wp-json\/wp\/v2\/types\/product"}],"wp:attachment":[{"href":"https:\/\/www.comartsa.com\/ca\/wp-json\/wp\/v2\/media?parent=2547"}],"wp:term":[{"taxonomy":"resistencia","embeddable":true,"href":"https:\/\/www.comartsa.com\/ca\/wp-json\/wp\/v2\/resistencia?post=2547"},{"taxonomy":"sector","embeddable":true,"href":"https:\/\/www.comartsa.com\/ca\/wp-json\/wp\/v2\/sector?post=2547"},{"taxonomy":"product_brand","embeddable":true,"href":"https:\/\/www.comartsa.com\/ca\/wp-json\/wp\/v2\/product_brand?post=2547"},{"taxonomy":"product_cat","embeddable":true,"href":"https:\/\/www.comartsa.com\/ca\/wp-json\/wp\/v2\/product_cat?post=2547"},{"taxonomy":"product_tag","embeddable":true,"href":"https:\/\/www.comartsa.com\/ca\/wp-json\/wp\/v2\/product_tag?post=2547"}],"curies":[{"name":"wp","href":"https:\/\/api.w.org\/{rel}","templated":true}]}}