{"id":2544,"date":"2025-02-12T12:24:02","date_gmt":"2025-02-12T12:24:02","guid":{"rendered":"https:\/\/www.comartsa.com\/producto\/metsaboard-prime-fbb-bright-gc1\/"},"modified":"2025-04-02T12:47:06","modified_gmt":"2025-04-02T12:47:06","slug":"metsaboard-prime-fbb-bright-gc1","status":"publish","type":"product","link":"https:\/\/www.comartsa.com\/ca\/producto\/metsaboard-prime-fbb-bright-gc1\/","title":{"rendered":"METS\u00c4BOARD PRIME FBB BRIGHT (GC1)"},"content":{"rendered":"","protected":false},"excerpt":{"rendered":"<p>\u00c9s una cartolina multicapa estucada per a caixes plegables. La seva capa interm\u00e8dia \u00e9s de pasta qu\u00edmica-termomec\u00e0nica, mentre que la seva capa superior i el revers s\u00f3n de pasta qu\u00edmica. La superf\u00edcie llisa i brillant fa possible produir envasos que necessitin ser extraordin\u00e0riament brillants amb una aparen\u00e7a de qualitat superior. Dissenyada per a envasos de begudes, envasos de xocolata d&#8217;alta qualitat, cosm\u00e8tics, farmac\u00e8utics i altres.  <\/p>\n","protected":false},"featured_media":0,"template":"","meta":{"_acf_changed":false},"resistencia":[61,312],"sector":[288,290,291,293,296,301,299,306],"product_brand":[],"product_cat":[273,274],"product_tag":[],"class_list":{"0":"post-2544","1":"product","2":"type-product","3":"status-publish","5":"resistencia-resistente-a-altas-temperaturas","6":"resistencia-microondas","7":"sector-alimentacio","8":"sector-cosmetica-ca","9":"sector-editorial-ca","10":"sector-etiquetes-envasos","11":"sector-grafica-ca","12":"sector-packaging-generic","13":"sector-parafarmacia-ca","14":"sector-tabac-ca","15":"product_cat-foldings-ca","16":"product_cat-gc1-ca","18":"first","19":"instock","20":"product-type-simple"},"acf":[],"_links":{"self":[{"href":"https:\/\/www.comartsa.com\/ca\/wp-json\/wp\/v2\/product\/2544","targetHints":{"allow":["GET"]}}],"collection":[{"href":"https:\/\/www.comartsa.com\/ca\/wp-json\/wp\/v2\/product"}],"about":[{"href":"https:\/\/www.comartsa.com\/ca\/wp-json\/wp\/v2\/types\/product"}],"wp:attachment":[{"href":"https:\/\/www.comartsa.com\/ca\/wp-json\/wp\/v2\/media?parent=2544"}],"wp:term":[{"taxonomy":"resistencia","embeddable":true,"href":"https:\/\/www.comartsa.com\/ca\/wp-json\/wp\/v2\/resistencia?post=2544"},{"taxonomy":"sector","embeddable":true,"href":"https:\/\/www.comartsa.com\/ca\/wp-json\/wp\/v2\/sector?post=2544"},{"taxonomy":"product_brand","embeddable":true,"href":"https:\/\/www.comartsa.com\/ca\/wp-json\/wp\/v2\/product_brand?post=2544"},{"taxonomy":"product_cat","embeddable":true,"href":"https:\/\/www.comartsa.com\/ca\/wp-json\/wp\/v2\/product_cat?post=2544"},{"taxonomy":"product_tag","embeddable":true,"href":"https:\/\/www.comartsa.com\/ca\/wp-json\/wp\/v2\/product_tag?post=2544"}],"curies":[{"name":"wp","href":"https:\/\/api.w.org\/{rel}","templated":true}]}}