{"id":2541,"date":"2025-02-12T12:24:02","date_gmt":"2025-02-12T12:24:02","guid":{"rendered":"https:\/\/www.comartsa.com\/producto\/metsaboard-prime-wkl-krafliner-estucat-1-cara\/"},"modified":"2025-04-02T13:14:45","modified_gmt":"2025-04-02T13:14:45","slug":"metsaboard-prime-wkl-krafliner-estucat-1-cara","status":"publish","type":"product","link":"https:\/\/www.comartsa.com\/ca\/producto\/metsaboard-prime-wkl-krafliner-estucat-1-cara\/","title":{"rendered":"METS\u00c4BOARD PRIME WKL (KRAFLINER ESTUCAT 1 CARA)"},"content":{"rendered":"","protected":false},"excerpt":{"rendered":"<p>Kraftliner amb una doble capa d&#8217;estuc a la cara superior. Est\u00e0 especialment desenvolupat per a impressi\u00f3 d&#8217;imatges de mitjans tons i colors amb brillantor i densitat de color. La seva superf\u00edcie llisa permet imatges impreses m\u00e9s detallades i uniformes. M\u00e8todes d&#8217;impressi\u00f3: Impressi\u00f3 Offset a fulles, Preimpressi\u00f3 flexogr\u00e0fica.   <\/p>\n","protected":false},"featured_media":0,"template":"","meta":{"_acf_changed":false},"resistencia":[],"sector":[288,301,303],"product_brand":[],"product_cat":[277,279],"product_tag":[],"class_list":{"0":"post-2541","1":"product","2":"type-product","3":"status-publish","5":"sector-alimentacio","6":"sector-packaging-generic","7":"sector-productes-electronics","8":"product_cat-kraftliner-ca","9":"product_cat-krafliner-estucat-1-cara","11":"first","12":"instock","13":"product-type-simple"},"acf":[],"_links":{"self":[{"href":"https:\/\/www.comartsa.com\/ca\/wp-json\/wp\/v2\/product\/2541","targetHints":{"allow":["GET"]}}],"collection":[{"href":"https:\/\/www.comartsa.com\/ca\/wp-json\/wp\/v2\/product"}],"about":[{"href":"https:\/\/www.comartsa.com\/ca\/wp-json\/wp\/v2\/types\/product"}],"wp:attachment":[{"href":"https:\/\/www.comartsa.com\/ca\/wp-json\/wp\/v2\/media?parent=2541"}],"wp:term":[{"taxonomy":"resistencia","embeddable":true,"href":"https:\/\/www.comartsa.com\/ca\/wp-json\/wp\/v2\/resistencia?post=2541"},{"taxonomy":"sector","embeddable":true,"href":"https:\/\/www.comartsa.com\/ca\/wp-json\/wp\/v2\/sector?post=2541"},{"taxonomy":"product_brand","embeddable":true,"href":"https:\/\/www.comartsa.com\/ca\/wp-json\/wp\/v2\/product_brand?post=2541"},{"taxonomy":"product_cat","embeddable":true,"href":"https:\/\/www.comartsa.com\/ca\/wp-json\/wp\/v2\/product_cat?post=2541"},{"taxonomy":"product_tag","embeddable":true,"href":"https:\/\/www.comartsa.com\/ca\/wp-json\/wp\/v2\/product_tag?post=2541"}],"curies":[{"name":"wp","href":"https:\/\/api.w.org\/{rel}","templated":true}]}}