{"id":2518,"date":"2025-02-12T12:24:02","date_gmt":"2025-02-12T12:24:02","guid":{"rendered":"https:\/\/www.comartsa.com\/producto\/metsaboard-prime-fbb-eb-gc1\/"},"modified":"2025-04-02T12:47:07","modified_gmt":"2025-04-02T12:47:07","slug":"metsaboard-prime-fbb-eb-gc1","status":"publish","type":"product","link":"https:\/\/www.comartsa.com\/ca\/producto\/metsaboard-prime-fbb-eb-gc1\/","title":{"rendered":"METS\u00c4BOARD PRIME FBB EB (GC1)"},"content":{"rendered":"","protected":false},"excerpt":{"rendered":"<p>Cartr\u00f3 estucat amb barrera ecol\u00f2gica sense pl\u00e0stics i una resist\u00e8ncia mitjana a la humitat i els greixos, encolat alt, lliure de blanquejants \u00f2ptics i lliure de productes qu\u00edmics fluorats. Dissenyat per a embalatges de menjar per emportar, aliments frescos, secs i congelats. <\/p>\n","protected":false},"featured_media":0,"template":"","meta":{"_acf_changed":false},"resistencia":[312],"sector":[288,295],"product_brand":[],"product_cat":[273,274],"product_tag":[],"class_list":{"0":"post-2518","1":"product","2":"type-product","3":"status-publish","5":"resistencia-microondas","6":"sector-alimentacio","7":"sector-food-delivery-ca","8":"product_cat-foldings-ca","9":"product_cat-gc1-ca","11":"first","12":"instock","13":"product-type-simple"},"acf":[],"_links":{"self":[{"href":"https:\/\/www.comartsa.com\/ca\/wp-json\/wp\/v2\/product\/2518","targetHints":{"allow":["GET"]}}],"collection":[{"href":"https:\/\/www.comartsa.com\/ca\/wp-json\/wp\/v2\/product"}],"about":[{"href":"https:\/\/www.comartsa.com\/ca\/wp-json\/wp\/v2\/types\/product"}],"wp:attachment":[{"href":"https:\/\/www.comartsa.com\/ca\/wp-json\/wp\/v2\/media?parent=2518"}],"wp:term":[{"taxonomy":"resistencia","embeddable":true,"href":"https:\/\/www.comartsa.com\/ca\/wp-json\/wp\/v2\/resistencia?post=2518"},{"taxonomy":"sector","embeddable":true,"href":"https:\/\/www.comartsa.com\/ca\/wp-json\/wp\/v2\/sector?post=2518"},{"taxonomy":"product_brand","embeddable":true,"href":"https:\/\/www.comartsa.com\/ca\/wp-json\/wp\/v2\/product_brand?post=2518"},{"taxonomy":"product_cat","embeddable":true,"href":"https:\/\/www.comartsa.com\/ca\/wp-json\/wp\/v2\/product_cat?post=2518"},{"taxonomy":"product_tag","embeddable":true,"href":"https:\/\/www.comartsa.com\/ca\/wp-json\/wp\/v2\/product_tag?post=2518"}],"curies":[{"name":"wp","href":"https:\/\/api.w.org\/{rel}","templated":true}]}}