{"id":2509,"date":"2024-05-31T09:25:07","date_gmt":"2024-05-31T09:25:07","guid":{"rendered":"https:\/\/www.comartsa.com\/avis-legal\/"},"modified":"2025-04-02T09:42:07","modified_gmt":"2025-04-02T09:42:07","slug":"avis-legal","status":"publish","type":"page","link":"https:\/\/www.comartsa.com\/ca\/avis-legal\/","title":{"rendered":"Av\u00eds legal"},"content":{"rendered":"\n<p><\/p>\n\n<p>En compliment del que s&#8217;estableix en la Llei 34\/2002 d&#8217;11 de juliol, dels Serveis de la Societat de la Informaci\u00f3 i el Comer\u00e7 Electr\u00f2nic (LSSICE), s&#8217;informa dels seg\u00fcents aspectes legals:<\/p>\n\n<p><strong>PROPIETAT DEL LLOC WEB<br\/><\/strong>Titular del Website: COMART S.A \u2013 CIF A08186074 \u2013 COMART<br\/>Adre\u00e7a: Cr. Montmel\u00f3, 2-4 . 08170, MONTORNES DEL VALLES (Barcelona), Espanya<br\/>Contacte: Tel. 934741160 \u2013 Email: rrhh@comartsa.com<br\/>Registre mercantil o<br\/>autoritzaci\u00f3 administrativa:<br\/>Activitat: DISTRIBU\u00cfDOR DE PAPER I CART\u00d3  <br\/><\/p>\n\n<p><strong>CONDICIONS GENERALS D\u2019\u00daS<br\/><\/strong>El portal web http:\/\/www.comartsa.com\/ t\u00e9 com a objecte facilitar al p\u00fablic en general el coneixement de les activitats que aquesta organitzaci\u00f3 realitza, dels productes que ofereix i dels serveis que presta per al desenvolupament de la seva activitat.<br\/><br\/>L&#8217;\u00fas de qualsevol de les funcionalitats del lloc web implica l&#8217;expressa i plena acceptaci\u00f3 de les condicions que aqu\u00ed s\u2019exposen, sense perjudici de les condicions particulars que poguessin aplicar-se a alguns dels serveis concrets que s\u2019ofereixen a trav\u00e9s del lloc web.<br\/><br\/>El titular del lloc web es reserva la facultat d&#8217;efectuar, en qualsevol moment i sense necessitat de previ av\u00eds, modificacions i actualitzacions de la informaci\u00f3 continguda en el seu web o en la configuraci\u00f3 i presentaci\u00f3 d&#8217;aquesta.<br\/><br\/>Amb la finalitat de mantenir actualitzada la informaci\u00f3 publicada en el portal web, els seus continguts podran ser modificats, corregits, eliminats o afegits en qualsevol moment, per la qual cosa ser\u00e0 convenient comprovar-ne la vig\u00e8ncia o exactitud acudint a les fonts oficials.<br\/><\/p>\n\n<p><strong>PROPIETAT INTEL\u00b7LECTUAL, INDUSTRIAL I FRAMES<br\/><\/strong>Tots els elements que formen el lloc web, aix\u00ed com la seva estructura, disseny, codi font, logotips, marques i altres signes distintius que hi apareixen s\u00f3n titularitat de COMART S.A, COMART o dels seus col\u00b7laboradors i estan protegits pels corresponents drets de propietat intel\u00b7lectual i industrial.<br\/><br\/>Igualment, estan protegits pels corresponents drets de propietat intel\u00b7lectual i industrial les imatges i altres elements gr\u00e0fics continguts en el lloc web.<br\/><br\/>El titular del lloc web prohibeix expressament la realitzaci\u00f3 de \u00abframing\u00bb o la utilitzaci\u00f3 per part de tercers de qualssevol altre mecanisme que alteri el disseny, la configuraci\u00f3 original o els continguts del nostre lloc web.<br\/><br\/>L&#8217;\u00fas dels continguts haur\u00e0 de respectar el seu llicenciament particular. D\u2019aquesta manera, l\u2019\u00fas, la reproducci\u00f3, la distribuci\u00f3, la comunicaci\u00f3 p\u00fablica, la transformaci\u00f3 o qualsevol altra activitat similar o an\u00e0loga queden totalment prohibits, tret que el titular del lloc web COMART hi doni la seva autoritzaci\u00f3 pr\u00e8via i expressa. <br\/><br\/>\u00danicament s&#8217;autoritza la reproducci\u00f3 total o parcial dels texts i continguts proporcionats pel lloc web sempre que concorrin totes i cadascuna de les seg\u00fcents condicions:<br\/>Es mantingui la integritat dels continguts, documents o gr\u00e0fics<br\/><br\/>Se citi expressament al titular del lloc web com a font i origen d&#8217;aquests.<br\/><br\/>El prop\u00f2sit i la finalitat d\u2019aquest \u00fas siguin compatibles amb els fins del web i\/o l\u2019activitat del titular del lloc web.<br\/><br\/>No se\u2019n pretengui fer un \u00fas comercial, quedant expressament prohibides la seva distribuci\u00f3, comunicaci\u00f3 p\u00fablica, transformaci\u00f3 o descompilaci\u00f3. <\/p>\n\n<p>Qualsevol altre \u00fas haur\u00e0 de ser comunicat i autoritzat pel titular del lloc web, de forma pr\u00e8via i expressa.<br\/><br\/>Respecte als esments de productes i serveis de tercers, el titular del lloc web reconeix a favor dels seus titulars els corresponents drets de propietat industrial i intel\u00b7lectual, malgrat que aquest esment o aparici\u00f3 en el web no implica l&#8217;exist\u00e8ncia de drets ni de cap responsabilitat sobre aquests, com tampoc cap suport, patrocini o recomanaci\u00f3.<br\/><br\/>El titular del lloc web declara el seu respecte als drets de propietat intel\u00b7lectual i industrial de tercers; per aix\u00f2, si considera que el nostre lloc web pogu\u00e9s estar violant els vostres drets, preguem que us poseu en contacte amb el titular del lloc web.<\/p>\n\n<p><br\/>RESPONSABILITAT<br\/>El titular del lloc web no garanteix la inexist\u00e8ncia d&#8217;errors en l&#8217;acc\u00e9s al web o en el seu contingut, ni que aquest es trobi actualitzat, encara que el titular del lloc web far\u00e0 els seus millors esfor\u00e7os per, si es dona el cas, evitar-los, esmenar-los o actualitzar-los.<br\/>Tant l&#8217;acc\u00e9s al lloc web com l&#8217;\u00fas que pugui fer-se de la informaci\u00f3 continguda en aquests queden sota l&#8217;exclusiva responsabilitat de qui els realitza.<br\/>El titular del lloc web no es fa responsable de la informaci\u00f3 i continguts emmagatzemats, a t\u00edtol enunciatiu per\u00f2 no limitatiu, en f\u00f2rums, xats, blogs, comentaris, xarxes socials o qualssevol altre mitj\u00e0 que permeti a tercers publicar continguts de forma independent en la p\u00e0gina web http:\/\/www.comartsa.com\/.<br\/>No obstant aix\u00f2, i en compliment del que es disposa en la LSSI, el titular del lloc web es posa a la disposici\u00f3 de tots els usuaris, autoritats i forces de seguretat, col\u00b7laborant de manera activa en la retirada o, si \u00e9s el cas, en el bloqueig de tots aquells continguts que poguessin afectar o contravenir la legislaci\u00f3 nacional o internacional, drets de tercers o l\u2019\u00e8tica i l&#8217;ordre p\u00fablic. En cas que l&#8217;usuari consideri que existeix en el lloc web algun contingut que pogu\u00e9s ser susceptible d&#8217;aquesta classificaci\u00f3, preguem que es posi en contacte amb el titular del lloc web.<br\/>El titular del lloc web no es responsabilitza de les contestacions que es realitzin a trav\u00e9s de les diferents adreces de correu electr\u00f2nic que apareixen en el seu lloc web, per la qual cosa en cap cas podr\u00e0 derivar-se un efecte jur\u00eddic vinculant d&#8217;aquestes. <br\/><\/p>\n\n<p><strong>LINKS O HIPERENLLA\u00c7OS<br\/><\/strong>Els enlla\u00e7os continguts en el nostre lloc web poden dirigir a continguts web de tercers. L&#8217;objectiu d&#8217;aquests enlla\u00e7os \u00e9s \u00fanicament facilitar-vos la cerca dels recursos que us puguin interessar a trav\u00e9s d&#8217;Internet.  No obstant aix\u00f2, aquestes p\u00e0gines no pertanyen al titular del lloc web, ni aquest hi fa una revisi\u00f3 dels seus continguts i, per aix\u00f2, el titular del lloc web no assumeix cap responsabilitat pel contingut, informacions o serveis que poguessin apar\u00e8ixer en aquests llocs, que tindran exclusivament car\u00e0cter informatiu i que en cap cas impliquen cap relaci\u00f3 entre el titular del lloc web i les persones o entitats titulars de tals continguts o titulars d&#8217;altres llocs on es trobin. El titular del lloc web tampoc pot fer-se responsable del funcionament de la p\u00e0gina enlla\u00e7ada o dels possibles danys que puguin derivar-se de l&#8217;acc\u00e9s o l\u2019\u00fas que se\u2019n facin d&#8217;aquesta.  <\/p>\n\n<p>Els enlla\u00e7os al lloc web http:\/\/www.comartsa.com\/ hauran de respectar les seg\u00fcents condicions:<br\/>L&#8217;establiment de l&#8217;enlla\u00e7 no suposar\u00e0 cap mena d&#8217;acord, contracte, patrocini ni recomanaci\u00f3 per part de COMART S.A de la p\u00e0gina que realitza l&#8217;enlla\u00e7.<\/p>\n\n<p>La p\u00e0gina web en la qual s&#8217;estableixi l&#8217;enlla\u00e7 no contindr\u00e0 informacions amb continguts que siguin il\u00b7l\u00edcits, discriminatoris, contraris als principis \u00e8tics comunament acceptats o atemptin contra l&#8217;ordre p\u00fablic, aix\u00ed com tampoc contindr\u00e0 continguts contraris a qualssevol drets de tercers.<\/p>\n\n<p>El titular del lloc web podr\u00e0 sol\u00b7licitar que es retiri un enlla\u00e7 al seu web sense necessitat d&#8217;al\u00b7legar-ne cap motiu. En aquest cas, la p\u00e0gina que hagi realitzat l&#8217;enlla\u00e7 haur\u00e0 de procedir a la seva immediata supressi\u00f3 tan aviat com rebi la notificaci\u00f3<br\/>del titular del lloc web. <\/p>\n\n<p>No es responsabilitza de cap manera ni garanteix la claredat, exactitud, fiabilitat, correcci\u00f3 o moralitat dels continguts o serveis que l&#8217;establiment de l&#8217;enlla\u00e7 pugui oferir. L&#8217;usuari assumeix sota la seva exclusiva responsabilitat les conseq\u00fc\u00e8ncies, danys o accions que poguessin derivar-se de l&#8217;acc\u00e9s a la p\u00e0gina web de l&#8217;enlla\u00e7. <\/p>\n\n<p>La p\u00e0gina web en qu\u00e8 s\u2019estableix l\u2019hiperenlla\u00e7 no podr\u00e0 contenir cap marca, denominaci\u00f3, logotip, esl\u00f2gan o altres signes distintius pertanyents al titular del lloc web, excepte aquells signes que formin part del propi hiperenlla\u00e7.<\/p>\n\n<p><strong>PROTECCI\u00d3 DE LES DADES PERSONALS<br\/><\/strong>Per a aquells casos en qu\u00e8 es recaptin, tractin o emmagatzemin dades personals, es far\u00e0 de conformitat amb la Pol\u00edtica de Privacitat publicada en el lloc web i que pot consultar al peu o footer del lloc web..<\/p>\n\n<p><strong>LLEI APLICABLE I JURISDICCI\u00d3<br\/><\/strong>La llei aplicable en cas de disputa o conflicte d&#8217;interpretaci\u00f3 dels termes que conformen aquest Av\u00eds Legal, aix\u00ed com qualsevol q\u00fcesti\u00f3 relacionada amb els serveis d\u2019aquest Portal, ser\u00e0 la llei espanyola.<\/p>\n\n<p>Per a la resoluci\u00f3 de qualsevol conflicte que pugui sorgir en ocasi\u00f3 de la visita al lloc web o de l&#8217;\u00fas dels serveis que s\u2019hi puguin oferir, el titular del lloc web i l&#8217;usuari acorden sotmetre&#8217;s als jutges i tribunals del domicili de l&#8217;usuari, sempre que aquest estigui situat en territori espanyol i actu\u00ef en condici\u00f3 de consumidor. En cas contrari, la submissi\u00f3 ser\u00e0 als jutjats i tribunals de la ciutat de Barcelona, Espanya. <\/p>\n","protected":false},"excerpt":{"rendered":"<p>En compliment del que s&#8217;estableix en la Llei 34\/2002 d&#8217;11 de juliol, dels Serveis de la Societat de la Informaci\u00f3 i el Comer\u00e7 Electr\u00f2nic (LSSICE), s&#8217;informa dels seg\u00fcents aspectes legals: PROPIETAT DEL LLOC WEBTitular del Website: COMART S.A \u2013 CIF A08186074 \u2013 COMARTAdre\u00e7a: Cr. Montmel\u00f3, 2-4 . 08170, MONTORNES DEL VALLES (Barcelona), EspanyaContacte: Tel. 934741160 [&hellip;]<\/p>\n","protected":false},"author":1,"featured_media":0,"parent":0,"menu_order":0,"comment_status":"closed","ping_status":"closed","template":"","meta":{"_acf_changed":false,"footnotes":""},"class_list":["post-2509","page","type-page","status-publish","hentry"],"acf":[],"_links":{"self":[{"href":"https:\/\/www.comartsa.com\/ca\/wp-json\/wp\/v2\/pages\/2509","targetHints":{"allow":["GET"]}}],"collection":[{"href":"https:\/\/www.comartsa.com\/ca\/wp-json\/wp\/v2\/pages"}],"about":[{"href":"https:\/\/www.comartsa.com\/ca\/wp-json\/wp\/v2\/types\/page"}],"author":[{"embeddable":true,"href":"https:\/\/www.comartsa.com\/ca\/wp-json\/wp\/v2\/users\/1"}],"replies":[{"embeddable":true,"href":"https:\/\/www.comartsa.com\/ca\/wp-json\/wp\/v2\/comments?post=2509"}],"version-history":[{"count":1,"href":"https:\/\/www.comartsa.com\/ca\/wp-json\/wp\/v2\/pages\/2509\/revisions"}],"predecessor-version":[{"id":2510,"href":"https:\/\/www.comartsa.com\/ca\/wp-json\/wp\/v2\/pages\/2509\/revisions\/2510"}],"wp:attachment":[{"href":"https:\/\/www.comartsa.com\/ca\/wp-json\/wp\/v2\/media?parent=2509"}],"curies":[{"name":"wp","href":"https:\/\/api.w.org\/{rel}","templated":true}]}}