{"id":2507,"date":"2024-05-31T09:40:28","date_gmt":"2024-05-31T09:40:28","guid":{"rendered":"https:\/\/www.comartsa.com\/politica-de-privacitat-i-proteccio-de-dades\/"},"modified":"2025-04-02T09:37:39","modified_gmt":"2025-04-02T09:37:39","slug":"politica-de-privacitat-i-proteccio-de-dades","status":"publish","type":"page","link":"https:\/\/www.comartsa.com\/ca\/politica-de-privacitat-i-proteccio-de-dades\/","title":{"rendered":"Pol\u00edtica de privacitat i protecci\u00f3 de dades"},"content":{"rendered":"\n<p><\/p>\n\n<figure class=\"wp-block-table\">\n<table>\n        <tr>\n            <th>RESPONSABLE<\/th>\n<td>COMART S.A &#8211; CIF A08186074<\/td>\n        <\/tr>\n        <tr>\n            <th>CONTACTE<\/th>\n            <td>Cr. Montmel\u00f3, 2-4 &#8211; MONTORNES DEL VALLES (Barcelona)<br\/>rrhh@comartsa.com &#8211; Tel. 934741160 &#8211; <a href=\"http:\/\/www.comartsa.com\/\">http:\/\/www.comartsa.com\/<\/a> <\/td>\n        <\/tr>\n        <tr>\n            <th>FINALITATS\n\n<\/th><td><strong>CONSULTES P\u00c0GINA WEB:<\/strong> CONSULTES P\u00c0GINA WEB\n<strong>FACTURACI\u00d3 A CLIENTS:<\/strong> FACTURACI\u00d3 A CLIENTS<br\/><strong>RECEPCI\u00d3 DE CURR\u00cdCULUMS:<\/strong> RECEPCI\u00d3 DE CURR\u00cdCULUMS<br\/><strong>TRAMITACI\u00d3 DE PRESSUPOSTOS:<\/strong> TRAMITACI\u00d3 DE PRESSUPOST<br\/><strong>REGISTRE DE VISITES:<\/strong> REGISTRE DE VISITES <\/td> \n        <\/tr>\n        <tr>\n            <th>LEGITIMACI\u00d3\n\n\n<\/th><td><strong>CONSULTES P\u00c0GINA WEB:<\/strong> Inter\u00e8s leg\u00edtim del responsable de tractament de dades o de tercers<br\/><strong>FACTURACI\u00d3 A CLIENTS: <\/strong>Exist\u00e8ncia d\u2019una relaci\u00f3 contractual amb l&#8217;interessat mitjan\u00e7ant contracte o precontracte; inter\u00e8s leg\u00edtim del responsable del tractament dades o de tercers<br\/><strong>RECEPCI\u00d3 DE CURR\u00cdCULUMS:<\/strong> Consentiment expl\u00edcit de l&#8217;interessat; inter\u00e8s leg\u00edtim del responsable del tractament de dades o de tercers<br\/><strong>TRAMITACI\u00d3 DE PRESSUPOSTOS:<\/strong> Inter\u00e8s leg\u00edtim del responsable del tractament de dades o de tercers<br\/><strong>REGISTRE DE VISITES: <\/strong>Inter\u00e8s leg\u00edtim del responsable del tractament de dades o de tercers <\/td> \n        <\/tr>\n        <tr>\n            <th>CONSERVACI\u00d3\n\n\n<\/th><td><strong>CONSULTES P\u00c0GINA WEB:<\/strong> Mentre no se\u2019n sol\u00b7liciti la supressi\u00f3 per part de l\u2019interessat<br\/><strong>FACTURACI\u00d3 A CLIENTS:<\/strong> Mentre es mantingui la relaci\u00f3 mercantil<br\/><strong>RECEPCI\u00d3 DE CURR\u00cdCULUMS:<\/strong> Mentre no se\u2019n sol\u00b7liciti la supressi\u00f3 per part de l\u2019interessat<br\/><strong>TRAMITACI\u00d3 DE PRESSUPOSTS:<\/strong> Mentre no se\u2019n sol\u00b7liciti la supressi\u00f3 per part de l\u2019interessat<br\/><strong>REGISTRE DE VISITES:<\/strong> Mentre no se\u2019n sol\u00b7liciti la supressi\u00f3 per part de l\u2019interessat <\/td> \n        <\/tr>\n        <tr>\n            <th>DESTINATARIS\n<\/th><td>No cedim les seves dades a tercers<\/td>\n        <\/tr>\n        <tr>\n            <th>TRANSFER\u00c8NCIES INTERNACIONALS\n<\/th><td>No realitzem transfer\u00e8ncies internacionals de les vostres dades<\/td>\n        <\/tr>\n        <tr>\n            <th>PROCED\u00c8NCIA\n\n\n<\/th><td><strong>CONSULTES P\u00c0GINA WEB: <\/strong>POTENCIALS CLIENTS: L\u2019interessat mateix o el seu representant legal<br\/><strong>FACTURACI\u00d3 A CLIENTS: <\/strong>CLIENTS: L\u2019interessat mateix o el seu representant legal<br\/><strong>RECEPCI\u00d3 DE CURR\u00cdCULUMS:<\/strong> POTENCIALS TREBALLADORS: L\u2019interessat mateix o el seu representant legal<br\/><strong>TRAMITACI\u00d3 DE PRESSUPOSTS: <\/strong>CLIENTS: L\u2019interessat mateix o el seu representant legal; POTENCIALS CLIENTS: L\u2019interessat mateix o el seu representant legal<br\/><strong>REGISTRE DE VISITES: CLIENTS: <\/strong>L\u2019interessat mateix o el seu representant legal; PROVE\u00cfDORS: L\u2019interessat mateix o el seu representant legal; POTENCIALS TREBALLADORS: L\u2019interessat mateix o el seu representant legal; POTENCIALS CLIENTS: L\u2019interessat mateix o el seu representant legal <\/td> \n        <\/tr>\n        <tr>\n            <th>DRETS<\/th>\n            <td>Teniu dret a accedir a les vostres dades, rectificar-les, suprimir-les, limitar-les o oposar-se al seu tractament, a la seva portabilitat, a retirar el seu consentiment i a presentar reclamacions davant l&#8217;Autoritat de Control (Ag\u00e8ncia Espanyola de Protecci\u00f3 de Dades). Trobareu m\u00e9s informaci\u00f3 en la nostra \u00abPol\u00edtica de Privacitat i Protecci\u00f3 de Dades\u00bb. <\/td>\n        <\/tr>\n    <\/table>\n<\/figure>\n\n<h2 class=\"wp-block-heading\">DETALLS DE LA NOSTRA POL\u00cdTICA DE PRIVACITAT<\/h2>\n\n<h3 class=\"wp-block-heading\">1 .- INFORMACI\u00d3 GENERAL<\/h3>\n\n<p>Aquesta \u00abPol\u00edtica de Privacitat i Protecci\u00f3 de Dades\u00bb t\u00e9 com a finalitat donar a con\u00e8ixer les condicions que regeixen la recollida i el tractament de les vostres dades personals per part de la nostra entitat o grup corporatiu a fi de vetllar pels drets fonamentals, i el vostre honor i llibertats, tot aix\u00f2 en compliment de les normatives vigents que regulen la protecci\u00f3 de dades personals segons la Uni\u00f3 Europea i l&#8217;Estat membre espanyol.<\/p>\n\n<p>De conformitat amb aquestes normatives, necessitem disposar de la vostra autoritzaci\u00f3 i consentiment per a la recollida i el tractament de les vostres dades personals, per la qual cosa a continuaci\u00f3 us indiquem tots els detalls que s\u00f3n del vostre inter\u00e8s respecte a com realitzem aquests processos a COMART S.A, amb quines finalitats ho fem, quines altres entitats podrien tenir acc\u00e9s a les vostres dades i quins s\u00f3n els vostres drets.<\/p>\n\n<p>Per tot el que s&#8217;ha exposat, una vegada revisada i llegida la nostra Pol\u00edtica de Protecci\u00f3 de Dades, \u00e9s imprescindible que l&#8217;accepteu en prova de la vostra conformitat i consentiment.<\/p>\n\n<h3 class=\"wp-block-heading\"><strong>2.- RESPONSABLE DEL TRACTAMENT DE DADES<\/strong><\/h3>\n\n<p><strong>Qui recapta i tracta les vostres dades?<\/strong><\/p>\n\n<p>El Responsable del Tractament de Dades \u00e9s aquella persona f\u00edsica o jur\u00eddica, de naturalesa p\u00fablica o privada, o \u00f2rgan administratiu, que o sol o conjuntament amb tercers determini els fins i mitjans del tractament de dades personals; en cas que aquests fins i mitjans del tractament de dades vinguin determinats pel Dret de la Uni\u00f3 Europea o de l&#8217;Estat membre espanyol. <\/p>\n\n<p>En aquest cas, les nostres dades identificatives com a Responsable del Tractament de Dades s\u00f3n les seg\u00fcents:<\/p>\n\n<p><strong>COMART S.A &#8211; CIF A08186074<\/strong><\/p>\n\n<p><strong>Com podeu contactar amb nosaltres?<\/strong><\/p>\n\n<p>Domicili de les nostres oficines:<\/p>\n\n<p>Cr. Montmel\u00f3, 2-4 . 08170, MONTORNES DEL VALLES (Barcelona), Espa\u00f1a  <\/p>\n\n<p>Email: rrhh@comartsa.com &#8211; Tel\u00e8fon: 934741160 <\/p>\n\n<p>Domicili postal: Cr. Montmel\u00f3, 2-4 . 08170, MONTORNES DEL VALLES (Barcelona), Espa\u00f1a  <\/p>\n\n<h3 class=\"wp-block-heading\">3.- MESURES DE SEGURETAT<\/h3>\n\n<p><strong>Qu\u00e8 fem per garantir la privacitat de les vostres dades?<\/strong><\/p>\n\n<p>La nostra entitat o grup corporatiu adopta les mesures organitzatives i t\u00e8cniques necess\u00e0ries per a garantir la seguretat i la privadesa de les vostres dades, evitar-ne l\u2019alteraci\u00f3, p\u00e8rdua, tractament o acc\u00e9s no autoritzats, en funci\u00f3 de l&#8217;estat de la tecnologia, la naturalesa de les dades emmagatzemades i dels riscs a qu\u00e8 estan exposades.<\/p>\n\n<p>Entre d\u2019altres, destaquen les seg\u00fcents mesures:<\/p>\n\n<ul class=\"wp-block-list\">\n<li>Garantir la confidencialitat, integritat, disponibilitat i resili\u00e8ncia permanents dels sistemes i serveis destinats al tractament de dades.<\/li>\n\n\n\n<li>Restaurar la disponibilitat i l&#8217;acc\u00e9s a les dades personals de manera r\u00e0pida en cas d&#8217;incident f\u00edsic o t\u00e8cnic.<\/li>\n\n\n\n<li>Verificar, avaluar i valorar, de manera regular, l&#8217;efic\u00e0cia de les mesures t\u00e8cniques i organitzatives que s\u2019hagin implementat per a garantir la seguretat del tractament de dades.<\/li>\n<\/ul>\n\n<p>Pseudonimitzar i xifrar les dades personals en cas que es tracti de dades confidencials.<\/p>\n\n<h3 class=\"wp-block-heading\">4.- FINALITAT DEL TRACTAMENT DE DADES<\/h3>\n\n<p><strong>Per a qu\u00e8 volem tractar les vostres dades?<\/strong><\/p>\n\n<p>Necessitem la vostra autoritzaci\u00f3 i consentiment per a recaptar i tractar les vostres dades personals, per la qual cosa a continuaci\u00f3 us detallem els usos i les finalitats previstes.<\/p>\n\n<p><strong>CONSULTES P\u00c0GINA WEB CONSULTES P\u00c0GINA WEB<\/strong><\/p>\n\n<p>FACTURACI\u00d3 A CLIENTS FACTURACI\u00d3 A CLIENTS<\/p>\n\n<p>RECEPCI\u00d3 DE CURR\u00cdCULUMS RECEPCI\u00d3 DE CURR\u00cdCULUMS<\/p>\n\n<p>TRAMITACI\u00d3 DE PRESSUPOSTS TRAMITACI\u00d3 DE PRESSUPOST<\/p>\n\n<p>REGISTRE DE VISITES REGISTRE DE VISITES<\/p>\n\n<p><strong>Durant quant temps conservem les vostres dades?<\/strong><\/p>\n\n<p>Utilitzem les vostres dades durant el temps estrictament necessari per complir les finalitats indicades anteriorment. Tret que existeixi una obligaci\u00f3 o requeriment legal, els terminis de conservaci\u00f3 prevists s\u00f3n: <\/p>\n\n<p>CONSULTES P\u00c0GINA WEB: Mentre no se\u2019n sol\u00b7liciti la supressi\u00f3 per part de l\u2019interessat<\/p>\n\n<p>FACTURACI\u00d3 A CLIENTS: Mentre es mantingui la relaci\u00f3 mercantil<\/p>\n\n<p>RECEPCI\u00d3 DE CURR\u00cdCULUMS: Mentre no se\u2019n sol\u00b7liciti la supressi\u00f3 per part de l\u2019interessat<\/p>\n\n<p>TRAMITACI\u00d3 DE PRESSUPOSTS: Mentre no se\u2019n sol\u00b7liciti la supressi\u00f3 per part de l\u2019interessat<\/p>\n\n<p>REGISTRE DE VISITES: Mentre no se\u2019n sol\u00b7liciti la supressi\u00f3 per part de l\u2019interessat<\/p>\n\n<h3 class=\"wp-block-heading\">5.- LEGITIMACI\u00d3 DEL TRACTAMENT DE DADES<\/h3>\n\n<p><strong>Per qu\u00e8 tractem les vostres dades?<\/strong><\/p>\n\n<p>La recollida i el tractament de les vostres dades est\u00e0 legitimat sempre per una o diverses bases jur\u00eddiques, les quals detallem a continuaci\u00f3:<\/p>\n\n<p>CONSULTES P\u00c0GINA WEB: Inter\u00e8s leg\u00edtim del responsable del tractament de dades o de tercers<\/p>\n\n<p>FACTURACI\u00d3 A CLIENTS: Exist\u00e8ncia d&#8217;una relaci\u00f3 contractual amb l&#8217;interessat mitjan\u00e7ant contracte o precontracte; inter\u00e8s leg\u00edtim del Responsable del Tractament de Dades o de tercers<\/p>\n\n<p>RECEPCI\u00d3 DE CURR\u00cdCULUMS: Consentiment expl\u00edcit de l\u2019interessat; inter\u00e8s leg\u00edtim del Responsable del Tractament de Dades o de tercers<\/p>\n\n<p>TRAMITACI\u00d3 DE PRESSUPOSTS: Inter\u00e8s leg\u00edtim del responsable del tractament de dades o de tercers<\/p>\n\n<p>REGISTRE DE VISITES: Inter\u00e8s leg\u00edtim del responsable del tractament de dades o de tercers<\/p>\n\n<h3 class=\"wp-block-heading\">6.- DESTINATARIS DE LES VOSTRES DADES<\/h3>\n\n<p><strong>A qui cedim les vostres dades dins de la Uni\u00f3 Europea?<\/strong><\/p>\n\n<p>No realitzem cessions de les vostres dades a terceres persones ni entitats, excepte en cas d\u2019existir una obligaci\u00f3 legal de fer-ho.<\/p>\n\n<p><strong>Realitzem transfer\u00e8ncies internacionals de les vostres dades fora de la Uni\u00f3 Europea?<\/strong><\/p>\n\n<p>No realitzem transfer\u00e8ncies internacionals de les vostres dades<\/p>\n\n<h3 class=\"wp-block-heading\">7.- PROCED\u00c8NCIA I TIPUS DE DADES TRACTADES<\/h3>\n\n<p><strong>On hem obtingut les vostres dades?<\/strong><\/p>\n\n<p>CONSULTES P\u00c0GINA WEB<\/p>\n\n<p>POTENCIALS CLIENTS: L\u2019interessat mateix o el seu representant legal<\/p>\n\n<p>FACTURACI\u00d3 A CLIENTS<\/p>\n\n<p>CLIENTS: L\u2019interessat mateix o el seu representant legal<\/p>\n\n<p>RECEPCI\u00d3 DE CURR\u00cdCULUMS<\/p>\n\n<p>POTENCIALS TREBALLADORS: L\u2019interessat mateix o el seu representant legal<\/p>\n\n<p>TRAMITACI\u00d3 DE PRESSUPOSTS<\/p>\n\n<p>CLIENTS: L\u2019interessat mateix o el seu representant legal<\/p>\n\n<p>POTENCIALS CLIENTS: L\u2019interessat mateix o el seu representant legal<\/p>\n\n<p>REGISTRE DE VISITES<\/p>\n\n<p>CLIENTS: L\u2019interessat mateix o el seu representant legal<\/p>\n\n<p>PROVE\u00cfDORS: L\u2019interessat mateix o el seu representant legal<\/p>\n\n<p>POTENCIALS TREBALLADORS: L\u2019interessat mateix o el seu representant legal<\/p>\n\n<p>POTENCIALS CLIENTS: L\u2019interessat mateix o el seu representant legal<\/p>\n\n<p><strong>Quins tipus de dades vostres hem recaptat i tractem?<\/strong><\/p>\n\n<p>CONSULTES P\u00c0GINA WEB<\/p>\n\n<p>POTENCIALS CLIENTS<\/p>\n\n<p>Dades identificatives (adre\u00e7a electr\u00f2nica; nom i cognoms)<\/p>\n\n<p>FACTURACI\u00d3 A CLIENTS<\/p>\n\n<p>CLIENTS<\/p>\n\n<p>Dades identificatives (adre\u00e7a electr\u00f2nica; adre\u00e7a postal; signatura manuscrita; NIF\/NIE\/passaport; nom i cognoms)<\/p>\n\n<p>Econ\u00f2miques, financeres i d\u2019assegurances (dades banc\u00e0ries)<\/p>\n\n<p>RECEPCI\u00d3 DE CURR\u00cdCULUMS<\/p>\n\n<p>POTENCIALS TREBALLADORS<\/p>\n\n<p>Dades identificatives (adre\u00e7a electr\u00f2nica; tel\u00e8fon; adre\u00e7a postal; signatura manuscrita; imatge; NIF\/NIE\/passaport; nom i cognoms)<\/p>\n\n<p>Acad\u00e8miques i professionals (titulacions; curriculum vitae; historial de l\u2019estudiant)<\/p>\n\n<p>Caracter\u00edstiques personals (data de naixement)<\/p>\n\n<p>Detalls d&#8217;ocupaci\u00f3 (llocs de treball; historial del treballador; professi\u00f3)<\/p>\n\n<p>TRAMITACI\u00d3 DE PRESSUPOSTS<\/p>\n\n<p>CLIENTS<\/p>\n\n<p>Dades identificatives (adre\u00e7a electr\u00f2nica; adre\u00e7a postal; nom i cognoms; NIF\/NIE \/passaport)<\/p>\n\n<p>POTENCIALS CLIENTS<\/p>\n\n<p>Dades identificatives (adre\u00e7a electr\u00f2nica; adre\u00e7a postal; nom i cognoms)<\/p>\n\n<p>REGISTRE DE VISITES<\/p>\n\n<p>CLIENTS<\/p>\n\n<p>Dades identificatives (NIF\/NIE \/passaport; nom i cognoms; signatura manuscrita)<\/p>\n\n<p>PROVE\u00cfDORS<\/p>\n\n<p>Dades identificatives (signatura manuscrita; NIF\/NIE \/passaport; nom i cognoms)<\/p>\n\n<p><\/p>\n\n<p>POTENCIALS TREBALLADORS<\/p>\n\n<p>Dades identificatives (signatura manuscrita; NIF\/NIE \/passaport; nom i cognoms)<\/p>\n\n<p>POTENCIALS CLIENTS<\/p>\n\n<p>Dades identificatives (nom i cognoms; NIF \/ NIE \/ Passaport; signatura manuscrita)<\/p>\n\n<h3 class=\"wp-block-heading\">8.- DRETS DELS INTERESSATS<\/h3>\n\n<p><strong>Quins s\u00f3n els drets que l\u2019emparen?<\/strong><\/p>\n\n<p>La normativa vigent de protecci\u00f3 de dades us empara en una s\u00e8rie de drets amb relaci\u00f3 a l&#8217;\u00fas que els donem a les vostres dades.<\/p>\n\n<p>Tots i cadascun dels vostres drets s\u00f3n unipersonals i intransferibles; \u00e9s a dir, que \u00fanicament poden ser exercits pel titular de les dades, pr\u00e8via comprovaci\u00f3 de la seva identitat.<\/p>\n\n<p>A continuaci\u00f3, us indiquem quins s\u00f3n els drets que us assisteixen:<\/p>\n\n<ul class=\"wp-block-list\">\n<li>Sol\u00b7licitar l&#8217;ACC\u00c9S a les vostres dades personals<\/li>\n\n\n\n<li>Sol\u00b7licitar la RECTIFICACI\u00d3 de les vostres dades<\/li>\n\n\n\n<li>Sol\u00b7licitar la SUPRESSI\u00d3 o eliminaci\u00f3 de les vostres dades (dret a l\u2019\u00aboblit\u00bb)<\/li>\n\n\n\n<li>LIMITAR o OPOSAR-SE a l\u2019\u00fas que els donem a les vostres dades<\/li>\n\n\n\n<li>Dret a la PORTABILITAT de les vostres dades per a casos de serveis de telecomunicacions o internet.<\/li>\n\n\n\n<li>Dret a RETIRAR el vostre consentiment en qualsevol moment<\/li>\n\n\n\n<li>Dret a presentar una RECLAMACI\u00d3 en mat\u00e8ria de protecci\u00f3 de dades davant l&#8217;Autoritat de Control: Ag\u00e8ncia Espanyola de Protecci\u00f3 de Dades<\/li>\n<\/ul>\n\n<p><strong>Com podeu exercir els vostres drets amb relaci\u00f3 a les vostres dades?<\/strong><\/p>\n\n<p>Per a l&#8217;exercici dels vostres drets d&#8217;acc\u00e9s, rectificaci\u00f3, supressi\u00f3, limitaci\u00f3 o oposici\u00f3, portabilitat de les dades, o la retirada del vostre consentiment, podeu fer-ho de la manera seg\u00fcent:<\/p>\n\n<p>CONSULTES P\u00c0GINA WEB<\/p>\n\n<ul class=\"wp-block-list\">\n<li>Responsable: COMART S.A<\/li>\n\n\n\n<li>Adre\u00e7a: Cr. Montmel\u00f3, 2-4. 08170, MONTORN\u00c8S DEL VALL\u00c8S (Barcelona), Espanya  <\/li>\n\n\n\n<li>Tel\u00e8fon: 934741160<\/li>\n\n\n\n<li>E-mail: rrhh@comartsa.com<\/li>\n\n\n\n<li>P\u00e0gina web: http:\/\/www.comartsa.com\/<\/li>\n<\/ul>\n\n<p>FACTURACI\u00d3 A CLIENTS<\/p>\n\n<ul class=\"wp-block-list\">\n<li>Responsable: COMART S.A<\/li>\n\n\n\n<li>Adre\u00e7a: Cr. Montmel\u00f3, 2-4. 08170, MONTORN\u00c8S DEL VALL\u00c8S (Barcelona), Espanya  <\/li>\n\n\n\n<li>Tel\u00e8fon: 934741160<\/li>\n\n\n\n<li>E-mail: rrhh@comartsa.com<\/li>\n\n\n\n<li>P\u00e0gina web: http:\/\/www.comartsa.com\/<\/li>\n<\/ul>\n\n<p>RECEPCI\u00d3 DE CURR\u00cdCULUMS<\/p>\n\n<ul class=\"wp-block-list\">\n<li>Responsable: COMART S.A<\/li>\n\n\n\n<li>Adre\u00e7a: Cr. Montmel\u00f3, 2-4. 08170, MONTORN\u00c8S DEL VALL\u00c8S (Barcelona), Espanya  <\/li>\n\n\n\n<li>Tel\u00e8fon: 934741160<\/li>\n\n\n\n<li>E-mail: rrhh@comartsa.com<\/li>\n\n\n\n<li>P\u00e0gina web: http:\/\/www.comartsa.com\/<\/li>\n<\/ul>\n\n<p>TRAMITACI\u00d3 DE PRESSUPOSTS<\/p>\n\n<ul class=\"wp-block-list\">\n<li>Responsable: COMART S.A<\/li>\n\n\n\n<li>Adre\u00e7a: Cr. Montmel\u00f3, 2-4. 08170, MONTORN\u00c8S DEL VALL\u00c8S (Barcelona), Espanya  <\/li>\n\n\n\n<li>Tel\u00e8fon: 934741160<\/li>\n\n\n\n<li>E-mail: rrhh@comartsa.com<\/li>\n\n\n\n<li>P\u00e0gina web: http:\/\/www.comartsa.com\/<\/li>\n<\/ul>\n\n<p>REGISTRE DE VISITES<\/p>\n\n<ul class=\"wp-block-list\">\n<li>Responsable: COMART S.A<\/li>\n\n\n\n<li>Adre\u00e7a: Cr. Montmel\u00f3, 2-4. 08170, MONTORN\u00c8S DEL VALL\u00c8S (Barcelona), Espanya  <\/li>\n\n\n\n<li>Tel\u00e8fon: 934741160<\/li>\n\n\n\n<li>E-mail: rrhh@comartsa.com<\/li>\n\n\n\n<li>P\u00e0gina web: http:\/\/www.comartsa.com\/<\/li>\n<\/ul>\n\n<p><strong>Com podeu presentar una reclamaci\u00f3?<\/strong><\/p>\n\n<p>A m\u00e9s dels drets que us assisteixen, si creieu que les vostres dades no s&#8217;estan recaptant o tractant conforme a la normativa vigent de protecci\u00f3 de dades, podreu realitzar una reclamaci\u00f3 davant l&#8217;Autoritat de Control, les dades de contacte de la qual indiquem a continuaci\u00f3:<\/p>\n\n<p>Agencia Espa\u00f1ola de Protecci\u00f3n de Datos<\/p>\n\n<p>C\/. Jorge Juan, 6. 28001, Madrid (Madrid), Espa\u00f1a  <\/p>\n\n<p>Email: info@aepd.es &#8211; Tel\u00e9fono: 912663517<\/p>\n\n<p>Web: https:\/\/www.aepd.es<\/p>\n\n<h3 class=\"wp-block-heading\">9.- CONSENTIMENT I ACCEPTACI\u00d3<\/h3>\n\n<p>L&#8217;acceptaci\u00f3 d\u2019aquest document indica que enteneu i accepteu totes les cl\u00e0usules de la nostra pol\u00edtica de privacitat, i amb la qual cosa autoritzeu la recollida i el tractament de les vostres dades personals en aquests termes. Aquesta acceptaci\u00f3 es realitza mitjan\u00e7ant l&#8217;activaci\u00f3 de la casella de verificaci\u00f3 de \u00abLectura i Acceptaci\u00f3\u00bb de la nostra Pol\u00edtica de Privacitat. <\/p>\n","protected":false},"excerpt":{"rendered":"<p>RESPONSABLE COMART S.A &#8211; CIF A08186074 CONTACTE Cr. Montmel\u00f3, 2-4 &#8211; MONTORNES DEL VALLES (Barcelona)rrhh@comartsa.com &#8211; Tel. 934741160 &#8211; http:\/\/www.comartsa.com\/ FINALITATS CONSULTES P\u00c0GINA WEB: CONSULTES P\u00c0GINA WEB FACTURACI\u00d3 A CLIENTS: FACTURACI\u00d3 A CLIENTSRECEPCI\u00d3 DE CURR\u00cdCULUMS: RECEPCI\u00d3 DE CURR\u00cdCULUMSTRAMITACI\u00d3 DE PRESSUPOSTOS: TRAMITACI\u00d3 DE PRESSUPOSTREGISTRE DE VISITES: REGISTRE DE VISITES LEGITIMACI\u00d3 CONSULTES P\u00c0GINA WEB: Inter\u00e8s leg\u00edtim del [&hellip;]<\/p>\n","protected":false},"author":1,"featured_media":0,"parent":0,"menu_order":0,"comment_status":"closed","ping_status":"closed","template":"","meta":{"_acf_changed":false,"footnotes":""},"class_list":["post-2507","page","type-page","status-publish","hentry"],"acf":[],"_links":{"self":[{"href":"https:\/\/www.comartsa.com\/ca\/wp-json\/wp\/v2\/pages\/2507","targetHints":{"allow":["GET"]}}],"collection":[{"href":"https:\/\/www.comartsa.com\/ca\/wp-json\/wp\/v2\/pages"}],"about":[{"href":"https:\/\/www.comartsa.com\/ca\/wp-json\/wp\/v2\/types\/page"}],"author":[{"embeddable":true,"href":"https:\/\/www.comartsa.com\/ca\/wp-json\/wp\/v2\/users\/1"}],"replies":[{"embeddable":true,"href":"https:\/\/www.comartsa.com\/ca\/wp-json\/wp\/v2\/comments?post=2507"}],"version-history":[{"count":1,"href":"https:\/\/www.comartsa.com\/ca\/wp-json\/wp\/v2\/pages\/2507\/revisions"}],"predecessor-version":[{"id":2508,"href":"https:\/\/www.comartsa.com\/ca\/wp-json\/wp\/v2\/pages\/2507\/revisions\/2508"}],"wp:attachment":[{"href":"https:\/\/www.comartsa.com\/ca\/wp-json\/wp\/v2\/media?parent=2507"}],"curies":[{"name":"wp","href":"https:\/\/api.w.org\/{rel}","templated":true}]}}